{"id":5755551,"date":"2026-02-12T13:29:20","date_gmt":"2026-02-12T12:29:20","guid":{"rendered":"https:\/\/stoic-curie.212-227-153-4.plesk.page\/product\/c96-25w-cree-led-aufladbare-pistolen-griff-scheinwerfer\/"},"modified":"2026-02-24T23:35:39","modified_gmt":"2026-02-24T23:35:39","slug":"c96-25w-cree-led-aufladbare-pistolen-griff-scheinwerfer","status":"publish","type":"product","link":"https:\/\/stoic-curie.212-227-153-4.plesk.page\/de\/product\/c96-25w-cree-led-aufladbare-pistolen-griff-scheinwerfer\/","title":{"rendered":"C96 25W Cree LED Aufladbare Pistolen-Griff Scheinwerfer"},"content":{"rendered":"<p>C96 25W Cree LED Aufladbare Pistolen-Griff Scheinwerfer &#8211; <\/p>\n<p>Leicht und leistungsstark aufladbarer LED Pistolen-Griff Scheinwerfer mit \u00fcber 3 Stunden Lithium-Batterielebensdauer. Komplett mit einem 220V Ladeger\u00e4t und einem 12V Zigarettenanz\u00fcnderstecker. Das Geh\u00e4use ist nach IP65 wasserdicht und sto\u00dffest. Abmessungen: 202 x 195 x \u00d8 126 mm.<\/p>\n","protected":false},"excerpt":{"rendered":"<p>C96 25W Cree LED Aufladbare Pistolen-Griff Scheinwerfer &#8211; Leicht und leistungsstark aufladbarer LED Pistolen-Griff Scheinwerfer mit \u00fcber 3 Stunden Lithium-Batterielebensdauer.<\/p>\n","protected":false},"featured_media":5752767,"comment_status":"open","ping_status":"closed","template":"","meta":[],"product_brand":[2830],"product_cat":[1451],"product_tag":[],"class_list":{"0":"post-5755551","1":"product","2":"type-product","3":"status-publish","4":"has-post-thumbnail","6":"product_brand-blue-sea-systems-de","7":"product_cat-taschenlampen","9":"first","10":"instock","11":"shipping-taxable","12":"purchasable","13":"product-type-simple"},"_links":{"self":[{"href":"https:\/\/stoic-curie.212-227-153-4.plesk.page\/de\/wp-json\/wp\/v2\/product\/5755551","targetHints":{"allow":["GET"]}}],"collection":[{"href":"https:\/\/stoic-curie.212-227-153-4.plesk.page\/de\/wp-json\/wp\/v2\/product"}],"about":[{"href":"https:\/\/stoic-curie.212-227-153-4.plesk.page\/de\/wp-json\/wp\/v2\/types\/product"}],"replies":[{"embeddable":true,"href":"https:\/\/stoic-curie.212-227-153-4.plesk.page\/de\/wp-json\/wp\/v2\/comments?post=5755551"}],"version-history":[{"count":0,"href":"https:\/\/stoic-curie.212-227-153-4.plesk.page\/de\/wp-json\/wp\/v2\/product\/5755551\/revisions"}],"wp:featuredmedia":[{"embeddable":true,"href":"https:\/\/stoic-curie.212-227-153-4.plesk.page\/de\/wp-json\/wp\/v2\/media\/5752767"}],"wp:attachment":[{"href":"https:\/\/stoic-curie.212-227-153-4.plesk.page\/de\/wp-json\/wp\/v2\/media?parent=5755551"}],"wp:term":[{"taxonomy":"product_brand","embeddable":true,"href":"https:\/\/stoic-curie.212-227-153-4.plesk.page\/de\/wp-json\/wp\/v2\/product_brand?post=5755551"},{"taxonomy":"product_cat","embeddable":true,"href":"https:\/\/stoic-curie.212-227-153-4.plesk.page\/de\/wp-json\/wp\/v2\/product_cat?post=5755551"},{"taxonomy":"product_tag","embeddable":true,"href":"https:\/\/stoic-curie.212-227-153-4.plesk.page\/de\/wp-json\/wp\/v2\/product_tag?post=5755551"}],"curies":[{"name":"wp","href":"https:\/\/api.w.org\/{rel}","templated":true}]}}