{"id":5755552,"date":"2026-02-12T13:29:21","date_gmt":"2026-02-12T12:29:21","guid":{"rendered":"https:\/\/stoic-curie.212-227-153-4.plesk.page\/product\/kompakte-xhp50-led-taschenlampe\/"},"modified":"2026-02-24T23:35:39","modified_gmt":"2026-02-24T23:35:39","slug":"kompakte-xhp50-led-taschenlampe","status":"publish","type":"product","link":"https:\/\/stoic-curie.212-227-153-4.plesk.page\/de\/product\/kompakte-xhp50-led-taschenlampe\/","title":{"rendered":"Kompakte XHP50 LED Taschenlampe"},"content":{"rendered":"<p>Kompakte XHP50 LED Taschenlampe &#8211; <\/p>\n<p>Kompakt und wasserdicht mit IP65-Zertifizierung, diese 1000 Lumen LED Taschenlampe verf\u00fcgt \u00fcber ein Aluminiumgeh\u00e4use. Sie bietet f\u00fcnf verschiedene Lichtmodi: stark, mittel, niedrig, blinkend und SOS. Passen Sie die Konzentration des Lichtstrahls mit der Zoomfunktion an. Die Taschenlampe funktioniert mit drei AAA-Batterien oder kann mit einem wiederaufladbaren Akku betrieben werden, der zusammen mit einem USB-Akku-Ladeger\u00e4t enthalten ist.<\/p>\n","protected":false},"excerpt":{"rendered":"<p>Kompakte XHP50 LED Taschenlampe &#8211; Kompakt und wasserdicht mit IP65-Zertifizierung, diese 1000 Lumen LED Taschenlampe verf\u00fcgt \u00fcber ein Aluminiumgeh\u00e4use. Sie<\/p>\n","protected":false},"featured_media":5752773,"comment_status":"open","ping_status":"closed","template":"","meta":[],"product_brand":[2830],"product_cat":[1451],"product_tag":[],"class_list":{"0":"post-5755552","1":"product","2":"type-product","3":"status-publish","4":"has-post-thumbnail","6":"product_brand-blue-sea-systems-de","7":"product_cat-taschenlampen","9":"first","10":"instock","11":"shipping-taxable","12":"purchasable","13":"product-type-simple"},"_links":{"self":[{"href":"https:\/\/stoic-curie.212-227-153-4.plesk.page\/de\/wp-json\/wp\/v2\/product\/5755552","targetHints":{"allow":["GET"]}}],"collection":[{"href":"https:\/\/stoic-curie.212-227-153-4.plesk.page\/de\/wp-json\/wp\/v2\/product"}],"about":[{"href":"https:\/\/stoic-curie.212-227-153-4.plesk.page\/de\/wp-json\/wp\/v2\/types\/product"}],"replies":[{"embeddable":true,"href":"https:\/\/stoic-curie.212-227-153-4.plesk.page\/de\/wp-json\/wp\/v2\/comments?post=5755552"}],"version-history":[{"count":0,"href":"https:\/\/stoic-curie.212-227-153-4.plesk.page\/de\/wp-json\/wp\/v2\/product\/5755552\/revisions"}],"wp:featuredmedia":[{"embeddable":true,"href":"https:\/\/stoic-curie.212-227-153-4.plesk.page\/de\/wp-json\/wp\/v2\/media\/5752773"}],"wp:attachment":[{"href":"https:\/\/stoic-curie.212-227-153-4.plesk.page\/de\/wp-json\/wp\/v2\/media?parent=5755552"}],"wp:term":[{"taxonomy":"product_brand","embeddable":true,"href":"https:\/\/stoic-curie.212-227-153-4.plesk.page\/de\/wp-json\/wp\/v2\/product_brand?post=5755552"},{"taxonomy":"product_cat","embeddable":true,"href":"https:\/\/stoic-curie.212-227-153-4.plesk.page\/de\/wp-json\/wp\/v2\/product_cat?post=5755552"},{"taxonomy":"product_tag","embeddable":true,"href":"https:\/\/stoic-curie.212-227-153-4.plesk.page\/de\/wp-json\/wp\/v2\/product_tag?post=5755552"}],"curies":[{"name":"wp","href":"https:\/\/api.w.org\/{rel}","templated":true}]}}