{"id":5755555,"date":"2026-02-12T13:29:23","date_gmt":"2026-02-12T12:29:23","guid":{"rendered":"https:\/\/stoic-curie.212-227-153-4.plesk.page\/product\/eletra-t-led-chrom-courtesy-licht-dim-38-x-31-x-h10-mm-led-0-5w-12-24v-weisses-licht\/"},"modified":"2026-02-24T23:35:39","modified_gmt":"2026-02-24T23:35:39","slug":"eletra-t-led-chrom-courtesy-licht-dim-38-x-31-x-h10-mm-led-0-5w-12-24v-weisses-licht","status":"publish","type":"product","link":"https:\/\/stoic-curie.212-227-153-4.plesk.page\/de\/product\/eletra-t-led-chrom-courtesy-licht-dim-38-x-31-x-h10-mm-led-0-5w-12-24v-weisses-licht\/","title":{"rendered":"Eletra-t LED Chrom Courtesy Licht Dim 38 x 31 x H10 mm LED 0.5W &#8211; 12\/24V Wei\u00dfes Licht"},"content":{"rendered":"<p>Eletra-t LED Chrom Courtesy Licht Dim 38 x 31 x H10 mm LED 0.5W &#8211; 12\/24V Wei\u00dfes Licht &#8211; <\/p>\n<p>Wasserdicht (IP67) courtesy LED Licht geeignet f\u00fcr den Innen- und Au\u00dfenbereich, konzipiert f\u00fcr die horizontale oder vertikale Montage ohne Einlass. Hergestellt aus Technopolymer mit rostfreien Edelstahlschrauben. Gibt 4000\u00b0K Tageslicht ab. Universelles Netzteil f\u00fcr 12\/24V Systeme.<\/p>\n","protected":false},"excerpt":{"rendered":"<p>Eletra-t LED Chrom Courtesy Licht Dim 38 x 31 x H10 mm LED 0.5W &#8211; 12\/24V Wei\u00dfes Licht &#8211; Wasserdicht<\/p>\n","protected":false},"featured_media":5752788,"comment_status":"open","ping_status":"closed","template":"","meta":[],"product_brand":[2945],"product_cat":[1443],"product_tag":[],"class_list":{"0":"post-5755555","1":"product","2":"type-product","3":"status-publish","4":"has-post-thumbnail","6":"product_brand-foresti-suardi-de","7":"product_cat-bootshinweislichter","9":"first","10":"instock","11":"shipping-taxable","12":"purchasable","13":"product-type-simple"},"_links":{"self":[{"href":"https:\/\/stoic-curie.212-227-153-4.plesk.page\/de\/wp-json\/wp\/v2\/product\/5755555","targetHints":{"allow":["GET"]}}],"collection":[{"href":"https:\/\/stoic-curie.212-227-153-4.plesk.page\/de\/wp-json\/wp\/v2\/product"}],"about":[{"href":"https:\/\/stoic-curie.212-227-153-4.plesk.page\/de\/wp-json\/wp\/v2\/types\/product"}],"replies":[{"embeddable":true,"href":"https:\/\/stoic-curie.212-227-153-4.plesk.page\/de\/wp-json\/wp\/v2\/comments?post=5755555"}],"version-history":[{"count":0,"href":"https:\/\/stoic-curie.212-227-153-4.plesk.page\/de\/wp-json\/wp\/v2\/product\/5755555\/revisions"}],"wp:featuredmedia":[{"embeddable":true,"href":"https:\/\/stoic-curie.212-227-153-4.plesk.page\/de\/wp-json\/wp\/v2\/media\/5752788"}],"wp:attachment":[{"href":"https:\/\/stoic-curie.212-227-153-4.plesk.page\/de\/wp-json\/wp\/v2\/media?parent=5755555"}],"wp:term":[{"taxonomy":"product_brand","embeddable":true,"href":"https:\/\/stoic-curie.212-227-153-4.plesk.page\/de\/wp-json\/wp\/v2\/product_brand?post=5755555"},{"taxonomy":"product_cat","embeddable":true,"href":"https:\/\/stoic-curie.212-227-153-4.plesk.page\/de\/wp-json\/wp\/v2\/product_cat?post=5755555"},{"taxonomy":"product_tag","embeddable":true,"href":"https:\/\/stoic-curie.212-227-153-4.plesk.page\/de\/wp-json\/wp\/v2\/product_tag?post=5755555"}],"curies":[{"name":"wp","href":"https:\/\/api.w.org\/{rel}","templated":true}]}}