{"id":5755557,"date":"2026-02-12T13:29:25","date_gmt":"2026-02-12T12:29:25","guid":{"rendered":"https:\/\/stoic-curie.212-227-153-4.plesk.page\/product\/eletra-r-led-chrom-begruessungslicht\/"},"modified":"2026-02-24T23:35:39","modified_gmt":"2026-02-24T23:35:39","slug":"eletra-r-led-chrom-begruessungslicht","status":"publish","type":"product","link":"https:\/\/stoic-curie.212-227-153-4.plesk.page\/de\/product\/eletra-r-led-chrom-begruessungslicht\/","title":{"rendered":"Eletra-r LED Chrom Begr\u00fc\u00dfungslicht"},"content":{"rendered":"<p>Eletra-r LED Chrom Begr\u00fc\u00dfungslicht &#8211; <\/p>\n<p>Wasserdicht (IP67) Begr\u00fc\u00dfungs-LED-Licht f\u00fcr den Au\u00dfen- und Innenbereich. Es kann horizontal oder vertikal ohne Einlass montiert werden. Hergestellt aus einem Technopolymergeh\u00e4use und Edelstahl-Schrauben. Es strahlt 4000K Tageslicht aus. Universelles 12\/24V-Netzteil inklusive.<\/p>\n","protected":false},"excerpt":{"rendered":"<p>Eletra-r LED Chrom Begr\u00fc\u00dfungslicht &#8211; Wasserdicht (IP67) Begr\u00fc\u00dfungs-LED-Licht f\u00fcr den Au\u00dfen- und Innenbereich. Es kann horizontal oder vertikal ohne Einlass<\/p>\n","protected":false},"featured_media":5752798,"comment_status":"open","ping_status":"closed","template":"","meta":[],"product_brand":[2945],"product_cat":[1443],"product_tag":[],"class_list":{"0":"post-5755557","1":"product","2":"type-product","3":"status-publish","4":"has-post-thumbnail","6":"product_brand-foresti-suardi-de","7":"product_cat-bootshinweislichter","9":"first","10":"instock","11":"shipping-taxable","12":"purchasable","13":"product-type-simple"},"_links":{"self":[{"href":"https:\/\/stoic-curie.212-227-153-4.plesk.page\/de\/wp-json\/wp\/v2\/product\/5755557","targetHints":{"allow":["GET"]}}],"collection":[{"href":"https:\/\/stoic-curie.212-227-153-4.plesk.page\/de\/wp-json\/wp\/v2\/product"}],"about":[{"href":"https:\/\/stoic-curie.212-227-153-4.plesk.page\/de\/wp-json\/wp\/v2\/types\/product"}],"replies":[{"embeddable":true,"href":"https:\/\/stoic-curie.212-227-153-4.plesk.page\/de\/wp-json\/wp\/v2\/comments?post=5755557"}],"version-history":[{"count":0,"href":"https:\/\/stoic-curie.212-227-153-4.plesk.page\/de\/wp-json\/wp\/v2\/product\/5755557\/revisions"}],"wp:featuredmedia":[{"embeddable":true,"href":"https:\/\/stoic-curie.212-227-153-4.plesk.page\/de\/wp-json\/wp\/v2\/media\/5752798"}],"wp:attachment":[{"href":"https:\/\/stoic-curie.212-227-153-4.plesk.page\/de\/wp-json\/wp\/v2\/media?parent=5755557"}],"wp:term":[{"taxonomy":"product_brand","embeddable":true,"href":"https:\/\/stoic-curie.212-227-153-4.plesk.page\/de\/wp-json\/wp\/v2\/product_brand?post=5755557"},{"taxonomy":"product_cat","embeddable":true,"href":"https:\/\/stoic-curie.212-227-153-4.plesk.page\/de\/wp-json\/wp\/v2\/product_cat?post=5755557"},{"taxonomy":"product_tag","embeddable":true,"href":"https:\/\/stoic-curie.212-227-153-4.plesk.page\/de\/wp-json\/wp\/v2\/product_tag?post=5755557"}],"curies":[{"name":"wp","href":"https:\/\/api.w.org\/{rel}","templated":true}]}}