{"id":5755558,"date":"2026-02-12T13:29:26","date_gmt":"2026-02-12T12:29:26","guid":{"rendered":"https:\/\/stoic-curie.212-227-153-4.plesk.page\/product\/eletra-r-led-chrome-courtesy-licht-dim-30-x-35-x-h9-mm-led-0-5w-12-24v-hellblau\/"},"modified":"2026-02-24T23:35:39","modified_gmt":"2026-02-24T23:35:39","slug":"eletra-r-led-chrome-courtesy-licht-dim-30-x-35-x-h9-mm-led-0-5w-12-24v-hellblau","status":"publish","type":"product","link":"https:\/\/stoic-curie.212-227-153-4.plesk.page\/de\/product\/eletra-r-led-chrome-courtesy-licht-dim-30-x-35-x-h9-mm-led-0-5w-12-24v-hellblau\/","title":{"rendered":"Eletra-R LED Chrome Courtesy Licht &#8211; Dim 30 x 35 x H9 mm &#8211; LED 0.5W &#8211; 12\/24V &#8211; Hellblau"},"content":{"rendered":"<p>Eletra-R LED Chrome Courtesy Licht &#8211; Dim 30 x 35 x H9 mm &#8211; LED 0.5W &#8211; 12\/24V &#8211; Hellblau &#8211; <\/p>\n<p>Wasserdicht (IP67) Courtesy-LED-Licht, das sowohl f\u00fcr Au\u00dfen- als auch f\u00fcr Innenr\u00e4ume konzipiert ist. Kann horizontal oder vertikal ohne Einlass montiert werden. Hergestellt aus einem Technopolymergeh\u00e4use und Schrauben aus rostfreiem Stahl. Bietet nat\u00fcrliches Licht bei 4000\u00b0K. Geeignet f\u00fcr universelle 12\/24V-Stromversorgung.<\/p>\n","protected":false},"excerpt":{"rendered":"<p>Eletra-R LED Chrome Courtesy Licht &#8211; Dim 30 x 35 x H9 mm &#8211; LED 0.5W &#8211; 12\/24V &#8211; Hellblau<\/p>\n","protected":false},"featured_media":5752798,"comment_status":"open","ping_status":"closed","template":"","meta":[],"product_brand":[2945],"product_cat":[1443],"product_tag":[],"class_list":{"0":"post-5755558","1":"product","2":"type-product","3":"status-publish","4":"has-post-thumbnail","6":"product_brand-foresti-suardi-de","7":"product_cat-bootshinweislichter","9":"first","10":"instock","11":"shipping-taxable","12":"purchasable","13":"product-type-simple"},"_links":{"self":[{"href":"https:\/\/stoic-curie.212-227-153-4.plesk.page\/de\/wp-json\/wp\/v2\/product\/5755558","targetHints":{"allow":["GET"]}}],"collection":[{"href":"https:\/\/stoic-curie.212-227-153-4.plesk.page\/de\/wp-json\/wp\/v2\/product"}],"about":[{"href":"https:\/\/stoic-curie.212-227-153-4.plesk.page\/de\/wp-json\/wp\/v2\/types\/product"}],"replies":[{"embeddable":true,"href":"https:\/\/stoic-curie.212-227-153-4.plesk.page\/de\/wp-json\/wp\/v2\/comments?post=5755558"}],"version-history":[{"count":0,"href":"https:\/\/stoic-curie.212-227-153-4.plesk.page\/de\/wp-json\/wp\/v2\/product\/5755558\/revisions"}],"wp:featuredmedia":[{"embeddable":true,"href":"https:\/\/stoic-curie.212-227-153-4.plesk.page\/de\/wp-json\/wp\/v2\/media\/5752798"}],"wp:attachment":[{"href":"https:\/\/stoic-curie.212-227-153-4.plesk.page\/de\/wp-json\/wp\/v2\/media?parent=5755558"}],"wp:term":[{"taxonomy":"product_brand","embeddable":true,"href":"https:\/\/stoic-curie.212-227-153-4.plesk.page\/de\/wp-json\/wp\/v2\/product_brand?post=5755558"},{"taxonomy":"product_cat","embeddable":true,"href":"https:\/\/stoic-curie.212-227-153-4.plesk.page\/de\/wp-json\/wp\/v2\/product_cat?post=5755558"},{"taxonomy":"product_tag","embeddable":true,"href":"https:\/\/stoic-curie.212-227-153-4.plesk.page\/de\/wp-json\/wp\/v2\/product_tag?post=5755558"}],"curies":[{"name":"wp","href":"https:\/\/api.w.org\/{rel}","templated":true}]}}