{"id":5755559,"date":"2026-02-12T13:29:26","date_gmt":"2026-02-12T12:29:26","guid":{"rendered":"https:\/\/stoic-curie.212-227-153-4.plesk.page\/product\/runde-p-lampen-bulkhead-o-175-mm-gluehbirne-60w-220v-max\/"},"modified":"2026-02-24T23:35:39","modified_gmt":"2026-02-24T23:35:39","slug":"runde-p-lampen-bulkhead-o-175-mm-gluehbirne-60w-220v-max","status":"publish","type":"product","link":"https:\/\/stoic-curie.212-227-153-4.plesk.page\/de\/product\/runde-p-lampen-bulkhead-o-175-mm-gluehbirne-60w-220v-max\/","title":{"rendered":"Runde P-Lampen Bulkhead \u00d8 175 mm Gl\u00fchbirne 60W 220V Max"},"content":{"rendered":"<p>Runde P-Lampen Bulkhead \u00d8 175 mm Gl\u00fchbirne 60W 220V Max &#8211; <\/p>\n<p>Bulkhead mit Geh\u00e4use aus gegossenem Messing f\u00fcr 220V und drei Montage-Lampenhaltern. IP54 Schutz.<\/p>\n","protected":false},"excerpt":{"rendered":"<p>Runde P-Lampen Bulkhead \u00d8 175 mm Gl\u00fchbirne 60W 220V Max &#8211; Bulkhead mit Geh\u00e4use aus gegossenem Messing f\u00fcr 220V und<\/p>\n","protected":false},"featured_media":5752808,"comment_status":"open","ping_status":"closed","template":"","meta":[],"product_brand":[2945],"product_cat":[1452,1353],"product_tag":[],"class_list":{"0":"post-5755559","1":"product","2":"type-product","3":"status-publish","4":"has-post-thumbnail","6":"product_brand-foresti-suardi-de","7":"product_cat-bootsbeleuchtung","8":"product_cat-nautische-dekoration","10":"first","11":"instock","12":"shipping-taxable","13":"purchasable","14":"product-type-simple"},"_links":{"self":[{"href":"https:\/\/stoic-curie.212-227-153-4.plesk.page\/de\/wp-json\/wp\/v2\/product\/5755559","targetHints":{"allow":["GET"]}}],"collection":[{"href":"https:\/\/stoic-curie.212-227-153-4.plesk.page\/de\/wp-json\/wp\/v2\/product"}],"about":[{"href":"https:\/\/stoic-curie.212-227-153-4.plesk.page\/de\/wp-json\/wp\/v2\/types\/product"}],"replies":[{"embeddable":true,"href":"https:\/\/stoic-curie.212-227-153-4.plesk.page\/de\/wp-json\/wp\/v2\/comments?post=5755559"}],"version-history":[{"count":0,"href":"https:\/\/stoic-curie.212-227-153-4.plesk.page\/de\/wp-json\/wp\/v2\/product\/5755559\/revisions"}],"wp:featuredmedia":[{"embeddable":true,"href":"https:\/\/stoic-curie.212-227-153-4.plesk.page\/de\/wp-json\/wp\/v2\/media\/5752808"}],"wp:attachment":[{"href":"https:\/\/stoic-curie.212-227-153-4.plesk.page\/de\/wp-json\/wp\/v2\/media?parent=5755559"}],"wp:term":[{"taxonomy":"product_brand","embeddable":true,"href":"https:\/\/stoic-curie.212-227-153-4.plesk.page\/de\/wp-json\/wp\/v2\/product_brand?post=5755559"},{"taxonomy":"product_cat","embeddable":true,"href":"https:\/\/stoic-curie.212-227-153-4.plesk.page\/de\/wp-json\/wp\/v2\/product_cat?post=5755559"},{"taxonomy":"product_tag","embeddable":true,"href":"https:\/\/stoic-curie.212-227-153-4.plesk.page\/de\/wp-json\/wp\/v2\/product_tag?post=5755559"}],"curies":[{"name":"wp","href":"https:\/\/api.w.org\/{rel}","templated":true}]}}