{"id":5755561,"date":"2026-02-12T13:29:28","date_gmt":"2026-02-12T12:29:28","guid":{"rendered":"https:\/\/stoic-curie.212-227-153-4.plesk.page\/product\/windex-windrichtungsanzeiger-zubehoer-mit-vogelschutzstachel-nur-fuer-15\/"},"modified":"2026-02-24T23:35:39","modified_gmt":"2026-02-24T23:35:39","slug":"windex-windrichtungsanzeiger-zubehoer-mit-vogelschutzstachel-nur-fuer-15","status":"publish","type":"product","link":"https:\/\/stoic-curie.212-227-153-4.plesk.page\/de\/product\/windex-windrichtungsanzeiger-zubehoer-mit-vogelschutzstachel-nur-fuer-15\/","title":{"rendered":"Windex Windrichtungsanzeiger Zubeh\u00f6r mit Vogelschutzstachel (Nur f\u00fcr 15&#8243;)"},"content":{"rendered":"<p>Windex Windrichtungsanzeiger Zubeh\u00f6r mit Vogelschutzstachel (Nur f\u00fcr 15&#8243;) &#8211; <\/p>\n<p>Der Windex Windanzeiger sorgt f\u00fcr eine pr\u00e4zise Anzeige der scheinbaren Windrichtung. Er ist auf Saphirlager montiert und verf\u00fcgt \u00fcber reflektierende Referenzmarkierungen, die von unten sichtbar sind und an den Upwind-Winkel anpassbar sind. Das 15&#8243; MK2-Modell enth\u00e4lt einen Vogelschutzstachel, der auch als Ersatzteil erh\u00e4ltlich ist. Eine optionale LED-Nachtbeleuchtung ist f\u00fcr alle Modelle verf\u00fcgbar.<\/p>\n","protected":false},"excerpt":{"rendered":"<p>Windex Windrichtungsanzeiger Zubeh\u00f6r mit Vogelschutzstachel (Nur f\u00fcr 15&#8243;) &#8211; Der Windex Windanzeiger sorgt f\u00fcr eine pr\u00e4zise Anzeige der scheinbaren Windrichtung.<\/p>\n","protected":false},"featured_media":5752812,"comment_status":"open","ping_status":"closed","template":"","meta":[],"product_brand":[3540],"product_cat":[1489,1484],"product_tag":[],"class_list":{"0":"post-5755561","1":"product","2":"type-product","3":"status-publish","4":"has-post-thumbnail","6":"product_brand-windex-de","7":"product_cat-signalignalgeraete","8":"product_cat-zubehoer-fuer-segelboote","10":"first","11":"instock","12":"shipping-taxable","13":"purchasable","14":"product-type-simple"},"_links":{"self":[{"href":"https:\/\/stoic-curie.212-227-153-4.plesk.page\/de\/wp-json\/wp\/v2\/product\/5755561","targetHints":{"allow":["GET"]}}],"collection":[{"href":"https:\/\/stoic-curie.212-227-153-4.plesk.page\/de\/wp-json\/wp\/v2\/product"}],"about":[{"href":"https:\/\/stoic-curie.212-227-153-4.plesk.page\/de\/wp-json\/wp\/v2\/types\/product"}],"replies":[{"embeddable":true,"href":"https:\/\/stoic-curie.212-227-153-4.plesk.page\/de\/wp-json\/wp\/v2\/comments?post=5755561"}],"version-history":[{"count":0,"href":"https:\/\/stoic-curie.212-227-153-4.plesk.page\/de\/wp-json\/wp\/v2\/product\/5755561\/revisions"}],"wp:featuredmedia":[{"embeddable":true,"href":"https:\/\/stoic-curie.212-227-153-4.plesk.page\/de\/wp-json\/wp\/v2\/media\/5752812"}],"wp:attachment":[{"href":"https:\/\/stoic-curie.212-227-153-4.plesk.page\/de\/wp-json\/wp\/v2\/media?parent=5755561"}],"wp:term":[{"taxonomy":"product_brand","embeddable":true,"href":"https:\/\/stoic-curie.212-227-153-4.plesk.page\/de\/wp-json\/wp\/v2\/product_brand?post=5755561"},{"taxonomy":"product_cat","embeddable":true,"href":"https:\/\/stoic-curie.212-227-153-4.plesk.page\/de\/wp-json\/wp\/v2\/product_cat?post=5755561"},{"taxonomy":"product_tag","embeddable":true,"href":"https:\/\/stoic-curie.212-227-153-4.plesk.page\/de\/wp-json\/wp\/v2\/product_tag?post=5755561"}],"curies":[{"name":"wp","href":"https:\/\/api.w.org\/{rel}","templated":true}]}}