{"id":5755563,"date":"2026-02-12T13:29:29","date_gmt":"2026-02-12T12:29:29","guid":{"rendered":"https:\/\/stoic-curie.212-227-153-4.plesk.page\/product\/antenne-tv-fm-dab-radio-alya-ra304tv\/"},"modified":"2026-02-24T23:35:39","modified_gmt":"2026-02-24T23:35:39","slug":"antenne-tv-fm-dab-radio-alya-ra304tv","status":"publish","type":"product","link":"https:\/\/stoic-curie.212-227-153-4.plesk.page\/de\/product\/antenne-tv-fm-dab-radio-alya-ra304tv\/","title":{"rendered":"Antenne TV + FM DAB Radio Alya RA304TV"},"content":{"rendered":"<p>Antenne TV + FM DAB Radio Alya RA304TV &#8211; <\/p>\n<p>Wir pr\u00e4sentieren die \u00e4u\u00dferst kompakte Glomex Alya RA304TV omnidirektionale Antenne, die f\u00fcr digitales terrestrisches Fernsehen und FM\/DAB-Radio konzipiert ist. Diese Antenne verf\u00fcgt \u00fcber einen integrierten Verst\u00e4rker, der eine nahtlose Empf\u00e4ngnis von sowohl TV- als auch FM\/DAB-Frequenzen mit einem einzigen Ger\u00e4t erm\u00f6glicht. Der FME 5\/8&#8243; x 14-Anschluss erm\u00f6glicht eine schnelle und einfache Installation mit vormontierten Anschl\u00fcssen und Kabeln, was sie perfekt f\u00fcr Segelboote und Motorboote macht. Im Lieferumfang der Antenne sind Anschl\u00fcsse, ein 5 m Koaxialkabel, ein Dual-Output-Netzteil und ein 1,5 m TV-Kabel enthalten.<\/p>\n","protected":false},"excerpt":{"rendered":"<p>Antenne TV + FM DAB Radio Alya RA304TV &#8211; Wir pr\u00e4sentieren die \u00e4u\u00dferst kompakte Glomex Alya RA304TV omnidirektionale Antenne, die<\/p>\n","protected":false},"featured_media":5752833,"comment_status":"open","ping_status":"closed","template":"","meta":[],"product_brand":[2980],"product_cat":[1467],"product_tag":[],"class_list":{"0":"post-5755563","1":"product","2":"type-product","3":"status-publish","4":"has-post-thumbnail","6":"product_brand-glomex-de","7":"product_cat-tv-antennen","9":"first","10":"instock","11":"shipping-taxable","12":"purchasable","13":"product-type-simple"},"_links":{"self":[{"href":"https:\/\/stoic-curie.212-227-153-4.plesk.page\/de\/wp-json\/wp\/v2\/product\/5755563","targetHints":{"allow":["GET"]}}],"collection":[{"href":"https:\/\/stoic-curie.212-227-153-4.plesk.page\/de\/wp-json\/wp\/v2\/product"}],"about":[{"href":"https:\/\/stoic-curie.212-227-153-4.plesk.page\/de\/wp-json\/wp\/v2\/types\/product"}],"replies":[{"embeddable":true,"href":"https:\/\/stoic-curie.212-227-153-4.plesk.page\/de\/wp-json\/wp\/v2\/comments?post=5755563"}],"version-history":[{"count":0,"href":"https:\/\/stoic-curie.212-227-153-4.plesk.page\/de\/wp-json\/wp\/v2\/product\/5755563\/revisions"}],"wp:featuredmedia":[{"embeddable":true,"href":"https:\/\/stoic-curie.212-227-153-4.plesk.page\/de\/wp-json\/wp\/v2\/media\/5752833"}],"wp:attachment":[{"href":"https:\/\/stoic-curie.212-227-153-4.plesk.page\/de\/wp-json\/wp\/v2\/media?parent=5755563"}],"wp:term":[{"taxonomy":"product_brand","embeddable":true,"href":"https:\/\/stoic-curie.212-227-153-4.plesk.page\/de\/wp-json\/wp\/v2\/product_brand?post=5755563"},{"taxonomy":"product_cat","embeddable":true,"href":"https:\/\/stoic-curie.212-227-153-4.plesk.page\/de\/wp-json\/wp\/v2\/product_cat?post=5755563"},{"taxonomy":"product_tag","embeddable":true,"href":"https:\/\/stoic-curie.212-227-153-4.plesk.page\/de\/wp-json\/wp\/v2\/product_tag?post=5755563"}],"curies":[{"name":"wp","href":"https:\/\/api.w.org\/{rel}","templated":true}]}}