{"id":5755564,"date":"2026-02-12T13:29:30","date_gmt":"2026-02-12T12:29:30","guid":{"rendered":"https:\/\/stoic-curie.212-227-153-4.plesk.page\/product\/vt300-avior-tv-fm-radio-antenne\/"},"modified":"2026-02-24T23:35:45","modified_gmt":"2026-02-24T23:35:45","slug":"vt300-avior-tv-fm-radio-antenne","status":"publish","type":"product","link":"https:\/\/stoic-curie.212-227-153-4.plesk.page\/de\/product\/vt300-avior-tv-fm-radio-antenne\/","title":{"rendered":"Vt300 Avior TV + FM Radio Antenne"},"content":{"rendered":"<p>Vt300 Avior TV + FM Radio Antenne &#8211; <\/p>\n<p>Ultra-kompakte omnidirektionale Glomex-Antenne (100 mm Durchmesser, 210 mm H\u00f6he) f\u00fcr analoge und digitale Fernsehsignale sowie FM-Radio. Mit einem leistungsstarken Rauschunterdr\u00fcckungsverst\u00e4rker, der eine effiziente Empfang von horizontal und vertikal polarisierten Signalen aus mehreren Richtungen gew\u00e4hrleistet, bietet diese Antenne hervorragende Leistung. Der integrierte Verst\u00e4rker, in Kombination mit dem V9114PI-FM Einspeiseger\u00e4t mit zwei unabh\u00e4ngigen Ausg\u00e4ngen f\u00fcr TV und Radio, erm\u00f6glicht den Empfang beider Signale mit einer einzigen Antenne. Sie ist einfach zu installieren, sowohl auf Segelbooten als auch auf Motorbooten, und kompatibel mit der VHF RA121 Antenne gleicher Gr\u00f6\u00dfe. Im Lieferumfang ist ein 10 m Koaxialkabel enthalten.<\/p>\n","protected":false},"excerpt":{"rendered":"<p>Vt300 Avior TV + FM Radio Antenne &#8211; Ultra-kompakte omnidirektionale Glomex-Antenne (100 mm Durchmesser, 210 mm H\u00f6he) f\u00fcr analoge und<\/p>\n","protected":false},"featured_media":5752839,"comment_status":"open","ping_status":"closed","template":"","meta":[],"product_brand":[2980],"product_cat":[1467],"product_tag":[],"class_list":{"0":"post-5755564","1":"product","2":"type-product","3":"status-publish","4":"has-post-thumbnail","6":"product_brand-glomex-de","7":"product_cat-tv-antennen","9":"first","10":"instock","11":"shipping-taxable","12":"purchasable","13":"product-type-simple"},"_links":{"self":[{"href":"https:\/\/stoic-curie.212-227-153-4.plesk.page\/de\/wp-json\/wp\/v2\/product\/5755564","targetHints":{"allow":["GET"]}}],"collection":[{"href":"https:\/\/stoic-curie.212-227-153-4.plesk.page\/de\/wp-json\/wp\/v2\/product"}],"about":[{"href":"https:\/\/stoic-curie.212-227-153-4.plesk.page\/de\/wp-json\/wp\/v2\/types\/product"}],"replies":[{"embeddable":true,"href":"https:\/\/stoic-curie.212-227-153-4.plesk.page\/de\/wp-json\/wp\/v2\/comments?post=5755564"}],"version-history":[{"count":0,"href":"https:\/\/stoic-curie.212-227-153-4.plesk.page\/de\/wp-json\/wp\/v2\/product\/5755564\/revisions"}],"wp:featuredmedia":[{"embeddable":true,"href":"https:\/\/stoic-curie.212-227-153-4.plesk.page\/de\/wp-json\/wp\/v2\/media\/5752839"}],"wp:attachment":[{"href":"https:\/\/stoic-curie.212-227-153-4.plesk.page\/de\/wp-json\/wp\/v2\/media?parent=5755564"}],"wp:term":[{"taxonomy":"product_brand","embeddable":true,"href":"https:\/\/stoic-curie.212-227-153-4.plesk.page\/de\/wp-json\/wp\/v2\/product_brand?post=5755564"},{"taxonomy":"product_cat","embeddable":true,"href":"https:\/\/stoic-curie.212-227-153-4.plesk.page\/de\/wp-json\/wp\/v2\/product_cat?post=5755564"},{"taxonomy":"product_tag","embeddable":true,"href":"https:\/\/stoic-curie.212-227-153-4.plesk.page\/de\/wp-json\/wp\/v2\/product_tag?post=5755564"}],"curies":[{"name":"wp","href":"https:\/\/api.w.org\/{rel}","templated":true}]}}