{"id":5755565,"date":"2026-02-12T13:29:31","date_gmt":"2026-02-12T12:29:31","guid":{"rendered":"https:\/\/stoic-curie.212-227-153-4.plesk.page\/product\/v9112agcu-dab20-nashira-tv-agc-am-fm-radioantenne\/"},"modified":"2026-02-24T23:35:45","modified_gmt":"2026-02-24T23:35:45","slug":"v9112agcu-dab20-nashira-tv-agc-am-fm-radioantenne","status":"publish","type":"product","link":"https:\/\/stoic-curie.212-227-153-4.plesk.page\/de\/product\/v9112agcu-dab20-nashira-tv-agc-am-fm-radioantenne\/","title":{"rendered":"V9112AGCU\/DAB20 Nashira TV AGC + AM-FM Radioantenne"},"content":{"rendered":"<p>V9112AGCU\/DAB20 Nashira TV AGC + AM-FM Radioantenne &#8211; <\/p>\n<p>Omnidirektionale Glomex-Antenne f\u00fcr analoge und digitale Fernsehsignale. Dank der 55 mm hohen vertikalen Finne empf\u00e4ngt sie sowohl horizontal als auch vertikal polarisierte Signale, was sie ideal f\u00fcr alle Bootstypen macht, egal ob Segel- oder Motorboot. Die verst\u00e4rkte Basis in Kombination mit einer mikrogeschwei\u00dften Edelstahlhalterung gew\u00e4hrleistet maximale Stabilit\u00e4t unter allen Seebedingungen. Ausgestattet mit einem Stift f\u00fcr den DAB-Empfang und einem automatischen Verst\u00e4rkungsregler (AGC) garantiert sie ein perfektes Signal sowohl vor der K\u00fcste als auch im Yachthafen. Mit dem optionalen V9147-Zweifach-Splitter, der zwischen der Antenne und dem Verst\u00e4rker installiert werden kann, kann sie auch AM-FM-Radiofrequenzen empfangen. Sie verf\u00fcgt \u00fcber 2 TV-Ausg\u00e4nge, Frequenz: 87,5\u2013774 MHz \/ 174\u2013240 MHz DAB \u2013 Impedanz: 75 Ohm \u2013 Stromversorgung: 12\/24V. Geliefert mit einem 20 m Koaxialkabel und einem Antennenverl\u00e4ngerungskabel.<\/p>\n","protected":false},"excerpt":{"rendered":"<p>V9112AGCU\/DAB20 Nashira TV AGC + AM-FM Radioantenne &#8211; Omnidirektionale Glomex-Antenne f\u00fcr analoge und digitale Fernsehsignale. Dank der 55 mm hohen<\/p>\n","protected":false},"featured_media":5949336,"comment_status":"open","ping_status":"closed","template":"","meta":[],"product_brand":[2980],"product_cat":[1467],"product_tag":[],"class_list":{"0":"post-5755565","1":"product","2":"type-product","3":"status-publish","4":"has-post-thumbnail","6":"product_brand-glomex-de","7":"product_cat-tv-antennen","9":"first","10":"instock","11":"shipping-taxable","12":"purchasable","13":"product-type-simple"},"_links":{"self":[{"href":"https:\/\/stoic-curie.212-227-153-4.plesk.page\/de\/wp-json\/wp\/v2\/product\/5755565","targetHints":{"allow":["GET"]}}],"collection":[{"href":"https:\/\/stoic-curie.212-227-153-4.plesk.page\/de\/wp-json\/wp\/v2\/product"}],"about":[{"href":"https:\/\/stoic-curie.212-227-153-4.plesk.page\/de\/wp-json\/wp\/v2\/types\/product"}],"replies":[{"embeddable":true,"href":"https:\/\/stoic-curie.212-227-153-4.plesk.page\/de\/wp-json\/wp\/v2\/comments?post=5755565"}],"version-history":[{"count":0,"href":"https:\/\/stoic-curie.212-227-153-4.plesk.page\/de\/wp-json\/wp\/v2\/product\/5755565\/revisions"}],"wp:featuredmedia":[{"embeddable":true,"href":"https:\/\/stoic-curie.212-227-153-4.plesk.page\/de\/wp-json\/wp\/v2\/media\/5949336"}],"wp:attachment":[{"href":"https:\/\/stoic-curie.212-227-153-4.plesk.page\/de\/wp-json\/wp\/v2\/media?parent=5755565"}],"wp:term":[{"taxonomy":"product_brand","embeddable":true,"href":"https:\/\/stoic-curie.212-227-153-4.plesk.page\/de\/wp-json\/wp\/v2\/product_brand?post=5755565"},{"taxonomy":"product_cat","embeddable":true,"href":"https:\/\/stoic-curie.212-227-153-4.plesk.page\/de\/wp-json\/wp\/v2\/product_cat?post=5755565"},{"taxonomy":"product_tag","embeddable":true,"href":"https:\/\/stoic-curie.212-227-153-4.plesk.page\/de\/wp-json\/wp\/v2\/product_tag?post=5755565"}],"curies":[{"name":"wp","href":"https:\/\/api.w.org\/{rel}","templated":true}]}}