{"id":5755566,"date":"2026-02-12T13:29:31","date_gmt":"2026-02-12T12:29:31","guid":{"rendered":"https:\/\/stoic-curie.212-227-153-4.plesk.page\/product\/v9125agcu-dab20-talitha-tv-agc-fm-radio-antenne\/"},"modified":"2026-02-24T23:35:45","modified_gmt":"2026-02-24T23:35:45","slug":"v9125agcu-dab20-talitha-tv-agc-fm-radio-antenne","status":"publish","type":"product","link":"https:\/\/stoic-curie.212-227-153-4.plesk.page\/de\/product\/v9125agcu-dab20-talitha-tv-agc-fm-radio-antenne\/","title":{"rendered":"V9125AGCU\/DAB20 Talitha TV AGC + FM Radio Antenne"},"content":{"rendered":"<p>V9125AGCU\/DAB20 Talitha TV AGC + FM Radio Antenne &#8211; <\/p>\n<p>Die omnidirektionale Glomex V9125AGCU\/DAB20 Talitha Antenne f\u00fcr analoge und digitale TV-Signale. Dank der 31 mm hohen vertikalen Finne empf\u00e4ngt sie sowohl horizontal als auch vertikal polarisierte Signale, was sie ideal f\u00fcr jede Art von Boot macht, ob Segel- oder Motorboot. Ausgestattet mit einer DAB-Signalempfangsstange und einem automatischen Regelverst\u00e4rker (AGC), sorgt sie sowohl drau\u00dfen auf See als auch in der Marina f\u00fcr exzellente Signalqualit\u00e4t. Mit dem optionalen V9147 Zweifachsplitter, der zwischen der Antenne und dem Verst\u00e4rker installiert ist, kann sie auch AM\/FM-Radiofrequenzen empfangen.<br \/> Frequenzbereich: 87,5\u2013774 MHz, 174\u2013240 MHz DAB \u2013 Impedanz: 75 Ohm \u2013 Universelle Spannung: 12\/24V.<\/p>\n","protected":false},"excerpt":{"rendered":"<p>V9125AGCU\/DAB20 Talitha TV AGC + FM Radio Antenne &#8211; Die omnidirektionale Glomex V9125AGCU\/DAB20 Talitha Antenne f\u00fcr analoge und digitale TV-Signale.<\/p>\n","protected":false},"featured_media":5752852,"comment_status":"open","ping_status":"closed","template":"","meta":[],"product_brand":[2980],"product_cat":[1467],"product_tag":[],"class_list":{"0":"post-5755566","1":"product","2":"type-product","3":"status-publish","4":"has-post-thumbnail","6":"product_brand-glomex-de","7":"product_cat-tv-antennen","9":"first","10":"instock","11":"shipping-taxable","12":"purchasable","13":"product-type-simple"},"_links":{"self":[{"href":"https:\/\/stoic-curie.212-227-153-4.plesk.page\/de\/wp-json\/wp\/v2\/product\/5755566","targetHints":{"allow":["GET"]}}],"collection":[{"href":"https:\/\/stoic-curie.212-227-153-4.plesk.page\/de\/wp-json\/wp\/v2\/product"}],"about":[{"href":"https:\/\/stoic-curie.212-227-153-4.plesk.page\/de\/wp-json\/wp\/v2\/types\/product"}],"replies":[{"embeddable":true,"href":"https:\/\/stoic-curie.212-227-153-4.plesk.page\/de\/wp-json\/wp\/v2\/comments?post=5755566"}],"version-history":[{"count":0,"href":"https:\/\/stoic-curie.212-227-153-4.plesk.page\/de\/wp-json\/wp\/v2\/product\/5755566\/revisions"}],"wp:featuredmedia":[{"embeddable":true,"href":"https:\/\/stoic-curie.212-227-153-4.plesk.page\/de\/wp-json\/wp\/v2\/media\/5752852"}],"wp:attachment":[{"href":"https:\/\/stoic-curie.212-227-153-4.plesk.page\/de\/wp-json\/wp\/v2\/media?parent=5755566"}],"wp:term":[{"taxonomy":"product_brand","embeddable":true,"href":"https:\/\/stoic-curie.212-227-153-4.plesk.page\/de\/wp-json\/wp\/v2\/product_brand?post=5755566"},{"taxonomy":"product_cat","embeddable":true,"href":"https:\/\/stoic-curie.212-227-153-4.plesk.page\/de\/wp-json\/wp\/v2\/product_cat?post=5755566"},{"taxonomy":"product_tag","embeddable":true,"href":"https:\/\/stoic-curie.212-227-153-4.plesk.page\/de\/wp-json\/wp\/v2\/product_tag?post=5755566"}],"curies":[{"name":"wp","href":"https:\/\/api.w.org\/{rel}","templated":true}]}}