{"id":5755567,"date":"2026-02-12T13:29:32","date_gmt":"2026-02-12T12:29:32","guid":{"rendered":"https:\/\/stoic-curie.212-227-153-4.plesk.page\/product\/nautibag-sack-d-tab-erste-hilfe-kit-280-x-280-x-h600-mm\/"},"modified":"2026-02-24T23:35:45","modified_gmt":"2026-02-24T23:35:45","slug":"nautibag-sack-d-tab-erste-hilfe-kit-280-x-280-x-h600-mm","status":"publish","type":"product","link":"https:\/\/stoic-curie.212-227-153-4.plesk.page\/de\/product\/nautibag-sack-d-tab-erste-hilfe-kit-280-x-280-x-h600-mm\/","title":{"rendered":"Nautibag Sack D Tab Erste-Hilfe-Kit 280 x 280 x H600 mm"},"content":{"rendered":"<p>Nautibag Sack D Tab Erste-Hilfe-Kit 280 x 280 x H600 mm &#8211; <\/p>\n<p>IP67 wasserdichte Sacklager Erste-Hilfe-Kit. Enth\u00e4lt Artikel gem\u00e4\u00df italienischem Gesetz Tab D, gem\u00e4\u00df italienischem Gesetz DL 10\/03\/2022 f\u00fcr Handwerke: &#8211; keine Begrenzungen f\u00fcr Vergn\u00fcgungsboote &#8211; lokale Fischereifahrzeuge &lt;12 Seemeilen &#8211; K\u00fcstenfischereifahrzeuge &lt;20 Seemeilen<\/p>\n","protected":false},"excerpt":{"rendered":"<p>Nautibag Sack D Tab Erste-Hilfe-Kit 280 x 280 x H600 mm &#8211; IP67 wasserdichte Sacklager Erste-Hilfe-Kit. Enth\u00e4lt Artikel gem\u00e4\u00df italienischem<\/p>\n","protected":false},"featured_media":5752891,"comment_status":"open","ping_status":"closed","template":"","meta":[],"product_brand":[3515],"product_cat":[1318],"product_tag":[],"class_list":{"0":"post-5755567","1":"product","2":"type-product","3":"status-publish","4":"has-post-thumbnail","6":"product_brand-veleria-san-giorgio-de","7":"product_cat-sicherheitszubehoer","9":"first","10":"instock","11":"shipping-taxable","12":"purchasable","13":"product-type-simple"},"_links":{"self":[{"href":"https:\/\/stoic-curie.212-227-153-4.plesk.page\/de\/wp-json\/wp\/v2\/product\/5755567","targetHints":{"allow":["GET"]}}],"collection":[{"href":"https:\/\/stoic-curie.212-227-153-4.plesk.page\/de\/wp-json\/wp\/v2\/product"}],"about":[{"href":"https:\/\/stoic-curie.212-227-153-4.plesk.page\/de\/wp-json\/wp\/v2\/types\/product"}],"replies":[{"embeddable":true,"href":"https:\/\/stoic-curie.212-227-153-4.plesk.page\/de\/wp-json\/wp\/v2\/comments?post=5755567"}],"version-history":[{"count":0,"href":"https:\/\/stoic-curie.212-227-153-4.plesk.page\/de\/wp-json\/wp\/v2\/product\/5755567\/revisions"}],"wp:featuredmedia":[{"embeddable":true,"href":"https:\/\/stoic-curie.212-227-153-4.plesk.page\/de\/wp-json\/wp\/v2\/media\/5752891"}],"wp:attachment":[{"href":"https:\/\/stoic-curie.212-227-153-4.plesk.page\/de\/wp-json\/wp\/v2\/media?parent=5755567"}],"wp:term":[{"taxonomy":"product_brand","embeddable":true,"href":"https:\/\/stoic-curie.212-227-153-4.plesk.page\/de\/wp-json\/wp\/v2\/product_brand?post=5755567"},{"taxonomy":"product_cat","embeddable":true,"href":"https:\/\/stoic-curie.212-227-153-4.plesk.page\/de\/wp-json\/wp\/v2\/product_cat?post=5755567"},{"taxonomy":"product_tag","embeddable":true,"href":"https:\/\/stoic-curie.212-227-153-4.plesk.page\/de\/wp-json\/wp\/v2\/product_tag?post=5755567"}],"curies":[{"name":"wp","href":"https:\/\/api.w.org\/{rel}","templated":true}]}}