{"id":5755569,"date":"2026-02-12T13:29:34","date_gmt":"2026-02-12T12:29:34","guid":{"rendered":"https:\/\/stoic-curie.212-227-153-4.plesk.page\/product\/nautikit-export-l-erste-hilfe-set-320-x-220-x-125-mm\/"},"modified":"2026-02-24T23:35:45","modified_gmt":"2026-02-24T23:35:45","slug":"nautikit-export-l-erste-hilfe-set-320-x-220-x-125-mm","status":"publish","type":"product","link":"https:\/\/stoic-curie.212-227-153-4.plesk.page\/de\/product\/nautikit-export-l-erste-hilfe-set-320-x-220-x-125-mm\/","title":{"rendered":"Nautikit Export L Erste-Hilfe-Set (320 x 220 x 125 mm)"},"content":{"rendered":"<p>Nautikit Export L Erste-Hilfe-Set (320 x 220 x 125 mm) &#8211; <\/p>\n<p>Nautikit L ist ein versiegeltes Aufbewahrungserste-Hilfe-Set, das mit Wandmontagehalterungen geliefert wird. Es ist ideal f\u00fcr ausl\u00e4ndische Freizeitboote und ist auch f\u00fcr teilweise professionelle Crews geeignet.<\/p>\n","protected":false},"excerpt":{"rendered":"<p>Nautikit Export L Erste-Hilfe-Set (320 x 220 x 125 mm) &#8211; Nautikit L ist ein versiegeltes Aufbewahrungserste-Hilfe-Set, das mit Wandmontagehalterungen<\/p>\n","protected":false},"featured_media":5752897,"comment_status":"open","ping_status":"closed","template":"","meta":[],"product_brand":[3515],"product_cat":[1318],"product_tag":[],"class_list":{"0":"post-5755569","1":"product","2":"type-product","3":"status-publish","4":"has-post-thumbnail","6":"product_brand-veleria-san-giorgio-de","7":"product_cat-sicherheitszubehoer","9":"first","10":"instock","11":"shipping-taxable","12":"purchasable","13":"product-type-simple"},"_links":{"self":[{"href":"https:\/\/stoic-curie.212-227-153-4.plesk.page\/de\/wp-json\/wp\/v2\/product\/5755569","targetHints":{"allow":["GET"]}}],"collection":[{"href":"https:\/\/stoic-curie.212-227-153-4.plesk.page\/de\/wp-json\/wp\/v2\/product"}],"about":[{"href":"https:\/\/stoic-curie.212-227-153-4.plesk.page\/de\/wp-json\/wp\/v2\/types\/product"}],"replies":[{"embeddable":true,"href":"https:\/\/stoic-curie.212-227-153-4.plesk.page\/de\/wp-json\/wp\/v2\/comments?post=5755569"}],"version-history":[{"count":0,"href":"https:\/\/stoic-curie.212-227-153-4.plesk.page\/de\/wp-json\/wp\/v2\/product\/5755569\/revisions"}],"wp:featuredmedia":[{"embeddable":true,"href":"https:\/\/stoic-curie.212-227-153-4.plesk.page\/de\/wp-json\/wp\/v2\/media\/5752897"}],"wp:attachment":[{"href":"https:\/\/stoic-curie.212-227-153-4.plesk.page\/de\/wp-json\/wp\/v2\/media?parent=5755569"}],"wp:term":[{"taxonomy":"product_brand","embeddable":true,"href":"https:\/\/stoic-curie.212-227-153-4.plesk.page\/de\/wp-json\/wp\/v2\/product_brand?post=5755569"},{"taxonomy":"product_cat","embeddable":true,"href":"https:\/\/stoic-curie.212-227-153-4.plesk.page\/de\/wp-json\/wp\/v2\/product_cat?post=5755569"},{"taxonomy":"product_tag","embeddable":true,"href":"https:\/\/stoic-curie.212-227-153-4.plesk.page\/de\/wp-json\/wp\/v2\/product_tag?post=5755569"}],"curies":[{"name":"wp","href":"https:\/\/api.w.org\/{rel}","templated":true}]}}