{"id":5755571,"date":"2026-02-12T13:29:35","date_gmt":"2026-02-12T12:29:35","guid":{"rendered":"https:\/\/stoic-curie.212-227-153-4.plesk.page\/product\/solas-alba-licht-fuer-rettungsring-abmessungen-55-x-34-x-h30-mm\/"},"modified":"2026-02-24T23:35:45","modified_gmt":"2026-02-24T23:35:45","slug":"solas-alba-licht-fuer-rettungsring-abmessungen-55-x-34-x-h30-mm","status":"publish","type":"product","link":"https:\/\/stoic-curie.212-227-153-4.plesk.page\/de\/product\/solas-alba-licht-fuer-rettungsring-abmessungen-55-x-34-x-h30-mm\/","title":{"rendered":"Solas Alba Licht f\u00fcr Rettungsring (Abmessungen: 55 x 34 x H30 mm)"},"content":{"rendered":"<p>Solas Alba Licht f\u00fcr Rettungsring (Abmessungen: 55 x 34 x H30 mm) &#8211; <\/p>\n<p>SOLAS-zertifiziertes LED-Blitzlicht f\u00fcr Schwimmwesten. Es verf\u00fcgt \u00fcber eine Lithiumbatterie mit einer Lebensdauer von 5 Jahren und bietet mehr als 8 Stunden Betriebsdauer. Das Licht aktiviert sich automatisch bei Kontakt mit Wasser und hat eine Blinkfrequenz von 50 Blitzen pro Minute. Der Geh\u00e4use ist wasser-, korrosions- und feuerbest\u00e4ndig.<\/p>\n","protected":false},"excerpt":{"rendered":"<p>Solas Alba Licht f\u00fcr Rettungsring (Abmessungen: 55 x 34 x H30 mm) &#8211; SOLAS-zertifiziertes LED-Blitzlicht f\u00fcr Schwimmwesten. Es verf\u00fcgt \u00fcber<\/p>\n","protected":false},"featured_media":5752901,"comment_status":"open","ping_status":"closed","template":"","meta":[],"product_brand":[3515],"product_cat":[1317],"product_tag":[],"class_list":{"0":"post-5755571","1":"product","2":"type-product","3":"status-publish","4":"has-post-thumbnail","6":"product_brand-veleria-san-giorgio-de","7":"product_cat-rettungsring-und-rettungsleinen","9":"first","10":"instock","11":"shipping-taxable","12":"purchasable","13":"product-type-simple"},"_links":{"self":[{"href":"https:\/\/stoic-curie.212-227-153-4.plesk.page\/de\/wp-json\/wp\/v2\/product\/5755571","targetHints":{"allow":["GET"]}}],"collection":[{"href":"https:\/\/stoic-curie.212-227-153-4.plesk.page\/de\/wp-json\/wp\/v2\/product"}],"about":[{"href":"https:\/\/stoic-curie.212-227-153-4.plesk.page\/de\/wp-json\/wp\/v2\/types\/product"}],"replies":[{"embeddable":true,"href":"https:\/\/stoic-curie.212-227-153-4.plesk.page\/de\/wp-json\/wp\/v2\/comments?post=5755571"}],"version-history":[{"count":0,"href":"https:\/\/stoic-curie.212-227-153-4.plesk.page\/de\/wp-json\/wp\/v2\/product\/5755571\/revisions"}],"wp:featuredmedia":[{"embeddable":true,"href":"https:\/\/stoic-curie.212-227-153-4.plesk.page\/de\/wp-json\/wp\/v2\/media\/5752901"}],"wp:attachment":[{"href":"https:\/\/stoic-curie.212-227-153-4.plesk.page\/de\/wp-json\/wp\/v2\/media?parent=5755571"}],"wp:term":[{"taxonomy":"product_brand","embeddable":true,"href":"https:\/\/stoic-curie.212-227-153-4.plesk.page\/de\/wp-json\/wp\/v2\/product_brand?post=5755571"},{"taxonomy":"product_cat","embeddable":true,"href":"https:\/\/stoic-curie.212-227-153-4.plesk.page\/de\/wp-json\/wp\/v2\/product_cat?post=5755571"},{"taxonomy":"product_tag","embeddable":true,"href":"https:\/\/stoic-curie.212-227-153-4.plesk.page\/de\/wp-json\/wp\/v2\/product_tag?post=5755571"}],"curies":[{"name":"wp","href":"https:\/\/api.w.org\/{rel}","templated":true}]}}