{"id":5755575,"date":"2026-02-12T13:29:38","date_gmt":"2026-02-12T12:29:38","guid":{"rendered":"https:\/\/stoic-curie.212-227-153-4.plesk.page\/product\/jobe-fusspumpe-flow-2-0\/"},"modified":"2026-02-24T23:35:45","modified_gmt":"2026-02-24T23:35:45","slug":"jobe-fusspumpe-flow-2-0","status":"publish","type":"product","link":"https:\/\/stoic-curie.212-227-153-4.plesk.page\/de\/product\/jobe-fusspumpe-flow-2-0\/","title":{"rendered":"Jobe Fu\u00dfpumpe Flow 2.0"},"content":{"rendered":"<p>Jobe Fu\u00dfpumpe Flow 2.0 &#8211; <\/p>\n<p>Die handliche Jobe Fu\u00dfpumpe mit einem Fassungsverm\u00f6gen von 2000 cc wird mit einem Set von 4 D\u00fcsen geliefert, die zu aufblasbaren Booten, Stand-Up-Paddleboards, Towables, Luftmatratzen und den meisten anderen aufblasbaren Gegenst\u00e4nden passen. Sie ist komplett mit einem Halkey Roberts Ventil ausgestattet.<\/p>\n","protected":false},"excerpt":{"rendered":"<p>Jobe Fu\u00dfpumpe Flow 2.0 &#8211; Die handliche Jobe Fu\u00dfpumpe mit einem Fassungsverm\u00f6gen von 2000 cc wird mit einem Set von<\/p>\n","protected":false},"featured_media":5752923,"comment_status":"open","ping_status":"closed","template":"","meta":[],"product_brand":[3040],"product_cat":[1558,1559],"product_tag":[],"class_list":{"0":"post-5755575","1":"product","2":"type-product","3":"status-publish","4":"has-post-thumbnail","6":"product_brand-jobe-sports-de","7":"product_cat-stand-up-paddle","8":"product_cat-wasserski-zubehoer","10":"first","11":"instock","12":"shipping-taxable","13":"purchasable","14":"product-type-simple"},"_links":{"self":[{"href":"https:\/\/stoic-curie.212-227-153-4.plesk.page\/de\/wp-json\/wp\/v2\/product\/5755575","targetHints":{"allow":["GET"]}}],"collection":[{"href":"https:\/\/stoic-curie.212-227-153-4.plesk.page\/de\/wp-json\/wp\/v2\/product"}],"about":[{"href":"https:\/\/stoic-curie.212-227-153-4.plesk.page\/de\/wp-json\/wp\/v2\/types\/product"}],"replies":[{"embeddable":true,"href":"https:\/\/stoic-curie.212-227-153-4.plesk.page\/de\/wp-json\/wp\/v2\/comments?post=5755575"}],"version-history":[{"count":0,"href":"https:\/\/stoic-curie.212-227-153-4.plesk.page\/de\/wp-json\/wp\/v2\/product\/5755575\/revisions"}],"wp:featuredmedia":[{"embeddable":true,"href":"https:\/\/stoic-curie.212-227-153-4.plesk.page\/de\/wp-json\/wp\/v2\/media\/5752923"}],"wp:attachment":[{"href":"https:\/\/stoic-curie.212-227-153-4.plesk.page\/de\/wp-json\/wp\/v2\/media?parent=5755575"}],"wp:term":[{"taxonomy":"product_brand","embeddable":true,"href":"https:\/\/stoic-curie.212-227-153-4.plesk.page\/de\/wp-json\/wp\/v2\/product_brand?post=5755575"},{"taxonomy":"product_cat","embeddable":true,"href":"https:\/\/stoic-curie.212-227-153-4.plesk.page\/de\/wp-json\/wp\/v2\/product_cat?post=5755575"},{"taxonomy":"product_tag","embeddable":true,"href":"https:\/\/stoic-curie.212-227-153-4.plesk.page\/de\/wp-json\/wp\/v2\/product_tag?post=5755575"}],"curies":[{"name":"wp","href":"https:\/\/api.w.org\/{rel}","templated":true}]}}