{"id":5755577,"date":"2026-02-12T13:29:39","date_gmt":"2026-02-12T12:29:39","guid":{"rendered":"https:\/\/stoic-curie.212-227-153-4.plesk.page\/product\/jobe-elektrische-sup-pumpe-12v\/"},"modified":"2026-02-24T23:35:45","modified_gmt":"2026-02-24T23:35:45","slug":"jobe-elektrische-sup-pumpe-12v","status":"publish","type":"product","link":"https:\/\/stoic-curie.212-227-153-4.plesk.page\/de\/product\/jobe-elektrische-sup-pumpe-12v\/","title":{"rendered":"Jobe elektrische SUP Pumpe 12V"},"content":{"rendered":"<p>Jobe elektrische SUP Pumpe 12V &#8211; <\/p>\n<p>Die Jobe elektrische SUP Pumpe 12V verf\u00fcgt \u00fcber einen schnellen Zweistufen-Niederdruck-zu-Hochdruck-Mechanismus, der Ihr SUP m\u00fchelos bis zu 20 psi aufbl\u00e4st. Sie ist einfach zu tragen und benutzerfreundlich, ausgestattet mit Krokodilklemmen f\u00fcr Autobatterien und einem Zigarettenanz\u00fcnderstecker. Eine 15 Ampere Sicherung wird ben\u00f6tigt.<\/p>\n","protected":false},"excerpt":{"rendered":"<p>Jobe elektrische SUP Pumpe 12V &#8211; Die Jobe elektrische SUP Pumpe 12V verf\u00fcgt \u00fcber einen schnellen Zweistufen-Niederdruck-zu-Hochdruck-Mechanismus, der Ihr SUP<\/p>\n","protected":false},"featured_media":5752927,"comment_status":"open","ping_status":"closed","template":"","meta":[],"product_brand":[3040],"product_cat":[1558,1559],"product_tag":[],"class_list":{"0":"post-5755577","1":"product","2":"type-product","3":"status-publish","4":"has-post-thumbnail","6":"product_brand-jobe-sports-de","7":"product_cat-stand-up-paddle","8":"product_cat-wasserski-zubehoer","10":"first","11":"instock","12":"shipping-taxable","13":"purchasable","14":"product-type-simple"},"_links":{"self":[{"href":"https:\/\/stoic-curie.212-227-153-4.plesk.page\/de\/wp-json\/wp\/v2\/product\/5755577","targetHints":{"allow":["GET"]}}],"collection":[{"href":"https:\/\/stoic-curie.212-227-153-4.plesk.page\/de\/wp-json\/wp\/v2\/product"}],"about":[{"href":"https:\/\/stoic-curie.212-227-153-4.plesk.page\/de\/wp-json\/wp\/v2\/types\/product"}],"replies":[{"embeddable":true,"href":"https:\/\/stoic-curie.212-227-153-4.plesk.page\/de\/wp-json\/wp\/v2\/comments?post=5755577"}],"version-history":[{"count":0,"href":"https:\/\/stoic-curie.212-227-153-4.plesk.page\/de\/wp-json\/wp\/v2\/product\/5755577\/revisions"}],"wp:featuredmedia":[{"embeddable":true,"href":"https:\/\/stoic-curie.212-227-153-4.plesk.page\/de\/wp-json\/wp\/v2\/media\/5752927"}],"wp:attachment":[{"href":"https:\/\/stoic-curie.212-227-153-4.plesk.page\/de\/wp-json\/wp\/v2\/media?parent=5755577"}],"wp:term":[{"taxonomy":"product_brand","embeddable":true,"href":"https:\/\/stoic-curie.212-227-153-4.plesk.page\/de\/wp-json\/wp\/v2\/product_brand?post=5755577"},{"taxonomy":"product_cat","embeddable":true,"href":"https:\/\/stoic-curie.212-227-153-4.plesk.page\/de\/wp-json\/wp\/v2\/product_cat?post=5755577"},{"taxonomy":"product_tag","embeddable":true,"href":"https:\/\/stoic-curie.212-227-153-4.plesk.page\/de\/wp-json\/wp\/v2\/product_tag?post=5755577"}],"curies":[{"name":"wp","href":"https:\/\/api.w.org\/{rel}","templated":true}]}}