{"id":5755578,"date":"2026-02-12T13:29:40","date_gmt":"2026-02-12T12:29:40","guid":{"rendered":"https:\/\/stoic-curie.212-227-153-4.plesk.page\/product\/trailer-kielrollen-l-215-mm-o-85-mm-loch-o-20-mm\/"},"modified":"2026-02-24T23:35:45","modified_gmt":"2026-02-24T23:35:45","slug":"trailer-kielrollen-l-215-mm-o-85-mm-loch-o-20-mm","status":"publish","type":"product","link":"https:\/\/stoic-curie.212-227-153-4.plesk.page\/de\/product\/trailer-kielrollen-l-215-mm-o-85-mm-loch-o-20-mm\/","title":{"rendered":"Trailer-Kielrollen L 215 mm \u00d8 85 mm Loch \u00d8 20 mm"},"content":{"rendered":"<p>Trailer-Kielrollen L 215 mm \u00d8 85 mm Loch \u00d8 20 mm &#8211; <\/p>\n<p>Hochwertige Trailer-Gummikeelrollen f\u00fcr optimale Unterst\u00fctzung und Stabilit\u00e4t.<\/p>\n","protected":false},"excerpt":{"rendered":"<p>Trailer-Kielrollen L 215 mm \u00d8 85 mm Loch \u00d8 20 mm &#8211; Hochwertige Trailer-Gummikeelrollen f\u00fcr optimale Unterst\u00fctzung und Stabilit\u00e4t.<\/p>\n","protected":false},"featured_media":5752930,"comment_status":"open","ping_status":"closed","template":"","meta":[],"product_brand":[2890],"product_cat":[1554],"product_tag":[],"class_list":{"0":"post-5755578","1":"product","2":"type-product","3":"status-publish","4":"has-post-thumbnail","6":"product_brand-domar-de","7":"product_cat-anhaengerzubehoer","9":"first","10":"instock","11":"shipping-taxable","12":"purchasable","13":"product-type-simple"},"_links":{"self":[{"href":"https:\/\/stoic-curie.212-227-153-4.plesk.page\/de\/wp-json\/wp\/v2\/product\/5755578","targetHints":{"allow":["GET"]}}],"collection":[{"href":"https:\/\/stoic-curie.212-227-153-4.plesk.page\/de\/wp-json\/wp\/v2\/product"}],"about":[{"href":"https:\/\/stoic-curie.212-227-153-4.plesk.page\/de\/wp-json\/wp\/v2\/types\/product"}],"replies":[{"embeddable":true,"href":"https:\/\/stoic-curie.212-227-153-4.plesk.page\/de\/wp-json\/wp\/v2\/comments?post=5755578"}],"version-history":[{"count":0,"href":"https:\/\/stoic-curie.212-227-153-4.plesk.page\/de\/wp-json\/wp\/v2\/product\/5755578\/revisions"}],"wp:featuredmedia":[{"embeddable":true,"href":"https:\/\/stoic-curie.212-227-153-4.plesk.page\/de\/wp-json\/wp\/v2\/media\/5752930"}],"wp:attachment":[{"href":"https:\/\/stoic-curie.212-227-153-4.plesk.page\/de\/wp-json\/wp\/v2\/media?parent=5755578"}],"wp:term":[{"taxonomy":"product_brand","embeddable":true,"href":"https:\/\/stoic-curie.212-227-153-4.plesk.page\/de\/wp-json\/wp\/v2\/product_brand?post=5755578"},{"taxonomy":"product_cat","embeddable":true,"href":"https:\/\/stoic-curie.212-227-153-4.plesk.page\/de\/wp-json\/wp\/v2\/product_cat?post=5755578"},{"taxonomy":"product_tag","embeddable":true,"href":"https:\/\/stoic-curie.212-227-153-4.plesk.page\/de\/wp-json\/wp\/v2\/product_tag?post=5755578"}],"curies":[{"name":"wp","href":"https:\/\/api.w.org\/{rel}","templated":true}]}}