{"id":5755579,"date":"2026-02-12T13:29:41","date_gmt":"2026-02-12T12:29:41","guid":{"rendered":"https:\/\/stoic-curie.212-227-153-4.plesk.page\/product\/teflon-trailer-kielrollen-l-130-mm-o-80-mm-loch-o-15-mm\/"},"modified":"2026-02-24T23:35:45","modified_gmt":"2026-02-24T23:35:45","slug":"teflon-trailer-kielrollen-l-130-mm-o-80-mm-loch-o-15-mm","status":"publish","type":"product","link":"https:\/\/stoic-curie.212-227-153-4.plesk.page\/de\/product\/teflon-trailer-kielrollen-l-130-mm-o-80-mm-loch-o-15-mm\/","title":{"rendered":"Teflon Trailer Kielrollen L 130 mm \u00d8 80 mm Loch \u00d8 15 mm"},"content":{"rendered":"<p>Teflon Trailer Kielrollen L 130 mm \u00d8 80 mm Loch \u00d8 15 mm &#8211; <\/p>\n<p>Diese nicht verformbaren Trailerrollen aus Polymer und Teflon sind so konzipiert, dass sie ihre urspr\u00fcngliche glatte Form beibehalten, auch wenn sie zusammengedr\u00fcckt werden. Sie sind eine ideale Wahl f\u00fcr Kielen.<\/p>\n","protected":false},"excerpt":{"rendered":"<p>Teflon Trailer Kielrollen L 130 mm \u00d8 80 mm Loch \u00d8 15 mm &#8211; Diese nicht verformbaren Trailerrollen aus Polymer<\/p>\n","protected":false},"featured_media":5752935,"comment_status":"open","ping_status":"closed","template":"","meta":[],"product_brand":[2890],"product_cat":[1554],"product_tag":[],"class_list":{"0":"post-5755579","1":"product","2":"type-product","3":"status-publish","4":"has-post-thumbnail","6":"product_brand-domar-de","7":"product_cat-anhaengerzubehoer","9":"first","10":"instock","11":"shipping-taxable","12":"purchasable","13":"product-type-simple"},"_links":{"self":[{"href":"https:\/\/stoic-curie.212-227-153-4.plesk.page\/de\/wp-json\/wp\/v2\/product\/5755579","targetHints":{"allow":["GET"]}}],"collection":[{"href":"https:\/\/stoic-curie.212-227-153-4.plesk.page\/de\/wp-json\/wp\/v2\/product"}],"about":[{"href":"https:\/\/stoic-curie.212-227-153-4.plesk.page\/de\/wp-json\/wp\/v2\/types\/product"}],"replies":[{"embeddable":true,"href":"https:\/\/stoic-curie.212-227-153-4.plesk.page\/de\/wp-json\/wp\/v2\/comments?post=5755579"}],"version-history":[{"count":0,"href":"https:\/\/stoic-curie.212-227-153-4.plesk.page\/de\/wp-json\/wp\/v2\/product\/5755579\/revisions"}],"wp:featuredmedia":[{"embeddable":true,"href":"https:\/\/stoic-curie.212-227-153-4.plesk.page\/de\/wp-json\/wp\/v2\/media\/5752935"}],"wp:attachment":[{"href":"https:\/\/stoic-curie.212-227-153-4.plesk.page\/de\/wp-json\/wp\/v2\/media?parent=5755579"}],"wp:term":[{"taxonomy":"product_brand","embeddable":true,"href":"https:\/\/stoic-curie.212-227-153-4.plesk.page\/de\/wp-json\/wp\/v2\/product_brand?post=5755579"},{"taxonomy":"product_cat","embeddable":true,"href":"https:\/\/stoic-curie.212-227-153-4.plesk.page\/de\/wp-json\/wp\/v2\/product_cat?post=5755579"},{"taxonomy":"product_tag","embeddable":true,"href":"https:\/\/stoic-curie.212-227-153-4.plesk.page\/de\/wp-json\/wp\/v2\/product_tag?post=5755579"}],"curies":[{"name":"wp","href":"https:\/\/api.w.org\/{rel}","templated":true}]}}