{"id":5755582,"date":"2026-02-12T13:29:43","date_gmt":"2026-02-12T12:29:43","guid":{"rendered":"https:\/\/stoic-curie.212-227-153-4.plesk.page\/product\/musto-corsica-jacke-groesse-m-marineblau\/"},"modified":"2026-02-24T23:35:45","modified_gmt":"2026-02-24T23:35:45","slug":"musto-corsica-jacke-groesse-m-marineblau","status":"publish","type":"product","link":"https:\/\/stoic-curie.212-227-153-4.plesk.page\/de\/product\/musto-corsica-jacke-groesse-m-marineblau\/","title":{"rendered":"Musto Corsica Jacke Gr\u00f6\u00dfe M &#8211; Marineblau"},"content":{"rendered":"<p>Musto Corsica Jacke Gr\u00f6\u00dfe M &#8211; Marineblau &#8211; <\/p>\n<p>Die Musto Corsica Jacke ist ideal f\u00fcr den Einsatz sowohl auf dem Deck als auch an Land. Sie ist bemerkenswert wasserdicht und aus einem 2-lagigen, wasserabweisenden und atmungsaktiven Stoff gefertigt, der den strengen BR1-Standard von Musto erf\u00fcllt. Mit einem Fleecefutter f\u00fcr W\u00e4rme und Komfort verf\u00fcgt sie \u00fcber eine abnehmbare und verstellbare Kapuze mit einem verst\u00e4rkten Schirm, um zu verhindern, dass Wasser in Ihr Gesicht l\u00e4uft. Die Jacke hat einen YKK\u00c2\u00ae VISLON\u00c2\u00ae Frontrei\u00dfverschluss mit einem internen Rei\u00dfverschluss-Schutz, verstellbare Klettmanschetten, zwei seitliche Rei\u00dfverschlusstaschen, eine Rei\u00dfverschlusstasche auf der Brust und eine Innentasche mit Ausgang f\u00fcr Kopfh\u00f6rer. Zudem sorgt ein geschwungener Saum an der R\u00fcckseite f\u00fcr zus\u00e4tzlichen Schutz.<\/p>\n","protected":false},"excerpt":{"rendered":"<p>Musto Corsica Jacke Gr\u00f6\u00dfe M &#8211; Marineblau &#8211; Die Musto Corsica Jacke ist ideal f\u00fcr den Einsatz sowohl auf dem<\/p>\n","protected":false},"featured_media":5752945,"comment_status":"open","ping_status":"closed","template":"","meta":[],"product_brand":[3155],"product_cat":[1567],"product_tag":[],"class_list":{"0":"post-5755582","1":"product","2":"type-product","3":"status-publish","4":"has-post-thumbnail","6":"product_brand-musto-de","7":"product_cat-segelbekleidung-musto","9":"first","10":"instock","11":"shipping-taxable","12":"purchasable","13":"product-type-simple"},"_links":{"self":[{"href":"https:\/\/stoic-curie.212-227-153-4.plesk.page\/de\/wp-json\/wp\/v2\/product\/5755582","targetHints":{"allow":["GET"]}}],"collection":[{"href":"https:\/\/stoic-curie.212-227-153-4.plesk.page\/de\/wp-json\/wp\/v2\/product"}],"about":[{"href":"https:\/\/stoic-curie.212-227-153-4.plesk.page\/de\/wp-json\/wp\/v2\/types\/product"}],"replies":[{"embeddable":true,"href":"https:\/\/stoic-curie.212-227-153-4.plesk.page\/de\/wp-json\/wp\/v2\/comments?post=5755582"}],"version-history":[{"count":0,"href":"https:\/\/stoic-curie.212-227-153-4.plesk.page\/de\/wp-json\/wp\/v2\/product\/5755582\/revisions"}],"wp:featuredmedia":[{"embeddable":true,"href":"https:\/\/stoic-curie.212-227-153-4.plesk.page\/de\/wp-json\/wp\/v2\/media\/5752945"}],"wp:attachment":[{"href":"https:\/\/stoic-curie.212-227-153-4.plesk.page\/de\/wp-json\/wp\/v2\/media?parent=5755582"}],"wp:term":[{"taxonomy":"product_brand","embeddable":true,"href":"https:\/\/stoic-curie.212-227-153-4.plesk.page\/de\/wp-json\/wp\/v2\/product_brand?post=5755582"},{"taxonomy":"product_cat","embeddable":true,"href":"https:\/\/stoic-curie.212-227-153-4.plesk.page\/de\/wp-json\/wp\/v2\/product_cat?post=5755582"},{"taxonomy":"product_tag","embeddable":true,"href":"https:\/\/stoic-curie.212-227-153-4.plesk.page\/de\/wp-json\/wp\/v2\/product_tag?post=5755582"}],"curies":[{"name":"wp","href":"https:\/\/api.w.org\/{rel}","templated":true}]}}