{"id":5755583,"date":"2026-02-12T13:29:44","date_gmt":"2026-02-12T12:29:44","guid":{"rendered":"https:\/\/stoic-curie.212-227-153-4.plesk.page\/product\/musto-corsica-jacke-groesse-l-marineblau\/"},"modified":"2026-02-24T23:35:45","modified_gmt":"2026-02-24T23:35:45","slug":"musto-corsica-jacke-groesse-l-marineblau","status":"publish","type":"product","link":"https:\/\/stoic-curie.212-227-153-4.plesk.page\/de\/product\/musto-corsica-jacke-groesse-l-marineblau\/","title":{"rendered":"Musto Corsica Jacke Gr\u00f6\u00dfe L &#8211; Marineblau"},"content":{"rendered":"<p>Musto Corsica Jacke Gr\u00f6\u00dfe L &#8211; Marineblau &#8211; <\/p>\n<p>Die Musto Corsica Jacke ist perfekt f\u00fcr Aktivit\u00e4ten an Bord und Abenteuer an Land. Au\u00dferordentlich wasserdicht, besteht sie aus einem 2-lagigen, wasserabweisenden und atmungsaktiven Stoff, der den strengen BR1-Standards von Musto entspricht. Zu den Merkmalen geh\u00f6ren ein Fleece-Futter f\u00fcr zus\u00e4tzlichen W\u00e4rme- und Tragekomfort, eine abnehmbare und verstellbare Kapuze mit einem steifen Schirm, um Regen vom Gesicht abzuhalten, ein YKK\u00c2\u00ae VISLON\u00c2\u00ae Frontrei\u00dfverschluss mit einem internen \u00dcberrollschutz, verstellbare Klettmanschetten, zwei Rei\u00dfverschlusstaschen an den Seiten, eine Rei\u00dfverschlusstasche auf der Brust, eine Innentasche mit Ausgang f\u00fcr Kopfh\u00f6rer und ein ausladender R\u00fcckensaum f\u00fcr zus\u00e4tzlichen Schutz.<\/p>\n","protected":false},"excerpt":{"rendered":"<p>Musto Corsica Jacke Gr\u00f6\u00dfe L &#8211; Marineblau &#8211; Die Musto Corsica Jacke ist perfekt f\u00fcr Aktivit\u00e4ten an Bord und Abenteuer<\/p>\n","protected":false},"featured_media":5752945,"comment_status":"open","ping_status":"closed","template":"","meta":[],"product_brand":[3155],"product_cat":[1567],"product_tag":[],"class_list":{"0":"post-5755583","1":"product","2":"type-product","3":"status-publish","4":"has-post-thumbnail","6":"product_brand-musto-de","7":"product_cat-segelbekleidung-musto","9":"first","10":"instock","11":"shipping-taxable","12":"purchasable","13":"product-type-simple"},"_links":{"self":[{"href":"https:\/\/stoic-curie.212-227-153-4.plesk.page\/de\/wp-json\/wp\/v2\/product\/5755583","targetHints":{"allow":["GET"]}}],"collection":[{"href":"https:\/\/stoic-curie.212-227-153-4.plesk.page\/de\/wp-json\/wp\/v2\/product"}],"about":[{"href":"https:\/\/stoic-curie.212-227-153-4.plesk.page\/de\/wp-json\/wp\/v2\/types\/product"}],"replies":[{"embeddable":true,"href":"https:\/\/stoic-curie.212-227-153-4.plesk.page\/de\/wp-json\/wp\/v2\/comments?post=5755583"}],"version-history":[{"count":0,"href":"https:\/\/stoic-curie.212-227-153-4.plesk.page\/de\/wp-json\/wp\/v2\/product\/5755583\/revisions"}],"wp:featuredmedia":[{"embeddable":true,"href":"https:\/\/stoic-curie.212-227-153-4.plesk.page\/de\/wp-json\/wp\/v2\/media\/5752945"}],"wp:attachment":[{"href":"https:\/\/stoic-curie.212-227-153-4.plesk.page\/de\/wp-json\/wp\/v2\/media?parent=5755583"}],"wp:term":[{"taxonomy":"product_brand","embeddable":true,"href":"https:\/\/stoic-curie.212-227-153-4.plesk.page\/de\/wp-json\/wp\/v2\/product_brand?post=5755583"},{"taxonomy":"product_cat","embeddable":true,"href":"https:\/\/stoic-curie.212-227-153-4.plesk.page\/de\/wp-json\/wp\/v2\/product_cat?post=5755583"},{"taxonomy":"product_tag","embeddable":true,"href":"https:\/\/stoic-curie.212-227-153-4.plesk.page\/de\/wp-json\/wp\/v2\/product_tag?post=5755583"}],"curies":[{"name":"wp","href":"https:\/\/api.w.org\/{rel}","templated":true}]}}