{"id":5755584,"date":"2026-02-12T13:29:45","date_gmt":"2026-02-12T12:29:45","guid":{"rendered":"https:\/\/stoic-curie.212-227-153-4.plesk.page\/product\/musto-corsica-jacke-xl-blau\/"},"modified":"2026-02-24T23:35:45","modified_gmt":"2026-02-24T23:35:45","slug":"musto-corsica-jacke-xl-blau","status":"publish","type":"product","link":"https:\/\/stoic-curie.212-227-153-4.plesk.page\/de\/product\/musto-corsica-jacke-xl-blau\/","title":{"rendered":"Musto Corsica Jacke XL Blau"},"content":{"rendered":"<p>Musto Corsica Jacke XL Blau &#8211; <\/p>\n<p>Die Musto Corsica Jacke ist perfekt f\u00fcr den Einsatz sowohl auf dem Deck als auch an Land. Sie verf\u00fcgt \u00fcber bemerkenswerte wasserdichte Eigenschaften, hergestellt aus einem 2-lagigen, wasserabweisenden und atmungsaktiven Stoff, der den strengen BR1-Standards von Musto entspricht. Mit einem Futter aus Fleece f\u00fcr zus\u00e4tzliche W\u00e4rme und Komfort kommt sie mit einer abnehmbaren und verstellbaren Kapuze mit einer steifen Spitze, um Regenwasser vom Gesicht fernzuhalten. Die Jacke ist mit einem YKK\u00ae VISLON\u00ae Frontrei\u00dfverschluss mit einem internen Rei\u00dfverschluss-Schutz, verstellbaren Klettmanschetten, zwei seitlichen Rei\u00dfverschlusstaschen, einer Rei\u00dfverschlusstasche auf der Brust, einer internen Tasche mit einem Ausgang f\u00fcr Kopfh\u00f6rer und einem abgerundeten R\u00fcckensaum f\u00fcr zus\u00e4tzlichem Schutz ausgestattet.<\/p>\n","protected":false},"excerpt":{"rendered":"<p>Musto Corsica Jacke XL Blau &#8211; Die Musto Corsica Jacke ist perfekt f\u00fcr den Einsatz sowohl auf dem Deck als<\/p>\n","protected":false},"featured_media":5752945,"comment_status":"open","ping_status":"closed","template":"","meta":[],"product_brand":[3155],"product_cat":[1567],"product_tag":[],"class_list":{"0":"post-5755584","1":"product","2":"type-product","3":"status-publish","4":"has-post-thumbnail","6":"product_brand-musto-de","7":"product_cat-segelbekleidung-musto","9":"first","10":"instock","11":"shipping-taxable","12":"purchasable","13":"product-type-simple"},"_links":{"self":[{"href":"https:\/\/stoic-curie.212-227-153-4.plesk.page\/de\/wp-json\/wp\/v2\/product\/5755584","targetHints":{"allow":["GET"]}}],"collection":[{"href":"https:\/\/stoic-curie.212-227-153-4.plesk.page\/de\/wp-json\/wp\/v2\/product"}],"about":[{"href":"https:\/\/stoic-curie.212-227-153-4.plesk.page\/de\/wp-json\/wp\/v2\/types\/product"}],"replies":[{"embeddable":true,"href":"https:\/\/stoic-curie.212-227-153-4.plesk.page\/de\/wp-json\/wp\/v2\/comments?post=5755584"}],"version-history":[{"count":0,"href":"https:\/\/stoic-curie.212-227-153-4.plesk.page\/de\/wp-json\/wp\/v2\/product\/5755584\/revisions"}],"wp:featuredmedia":[{"embeddable":true,"href":"https:\/\/stoic-curie.212-227-153-4.plesk.page\/de\/wp-json\/wp\/v2\/media\/5752945"}],"wp:attachment":[{"href":"https:\/\/stoic-curie.212-227-153-4.plesk.page\/de\/wp-json\/wp\/v2\/media?parent=5755584"}],"wp:term":[{"taxonomy":"product_brand","embeddable":true,"href":"https:\/\/stoic-curie.212-227-153-4.plesk.page\/de\/wp-json\/wp\/v2\/product_brand?post=5755584"},{"taxonomy":"product_cat","embeddable":true,"href":"https:\/\/stoic-curie.212-227-153-4.plesk.page\/de\/wp-json\/wp\/v2\/product_cat?post=5755584"},{"taxonomy":"product_tag","embeddable":true,"href":"https:\/\/stoic-curie.212-227-153-4.plesk.page\/de\/wp-json\/wp\/v2\/product_tag?post=5755584"}],"curies":[{"name":"wp","href":"https:\/\/api.w.org\/{rel}","templated":true}]}}