{"id":5755587,"date":"2026-02-12T13:29:47","date_gmt":"2026-02-12T12:29:47","guid":{"rendered":"https:\/\/stoic-curie.212-227-153-4.plesk.page\/product\/musto-sardinia-jacke-groesse-s-marineblau\/"},"modified":"2026-02-24T23:35:45","modified_gmt":"2026-02-24T23:35:45","slug":"musto-sardinia-jacke-groesse-s-marineblau","status":"publish","type":"product","link":"https:\/\/stoic-curie.212-227-153-4.plesk.page\/de\/product\/musto-sardinia-jacke-groesse-s-marineblau\/","title":{"rendered":"Musto Sardinia Jacke Gr\u00f6\u00dfe S &#8211; Marineblau"},"content":{"rendered":"<p>Musto Sardinia Jacke Gr\u00f6\u00dfe S &#8211; Marineblau &#8211; <\/p>\n<p>Die Musto Sardinia Jacke ist ideal f\u00fcr warmes Wetter. Sie besteht aus einem besonders leichten, 2-lagigen wasserabweisenden und atmungsaktiven Material und verf\u00fcgt \u00fcber ein Fleece-Mesh-Futter f\u00fcr zus\u00e4tzlichen Komfort auf der Haut sowie verbesserte Luftzirkulation. Die Jacke hat eine abnehmbare und verstellbare Kapuze mit einem verst\u00e4rkten Schirm, um Wasser vom Gesicht abzuhalten, einen YKK\u00c2\u00ae VISLON\u00c2\u00ae Rei\u00dfverschluss vorne mit einem internen \u00dcberroll-Rei\u00dfverschluss-Schutz, verstellbare Klettverschl\u00fcsse an den Manschetten, zwei seitliche Rei\u00dfverschlusstaschen und eine Rei\u00dfverschlusstasche auf der Brust, eine Innentasche mit Ausgang f\u00fcr Kopfh\u00f6rer sowie einen abgerundeten Saum f\u00fcr zus\u00e4tzlichen Schutz. Sie verf\u00fcgt au\u00dferdem \u00fcber einen Saumversteller, um das Wetter drau\u00dfen zu halten.<br \/> Klicken Sie hier, um die genaue Gr\u00f6\u00dfe zu \u00fcberpr\u00fcfen:<\/p>\n","protected":false},"excerpt":{"rendered":"<p>Musto Sardinia Jacke Gr\u00f6\u00dfe S &#8211; Marineblau &#8211; Die Musto Sardinia Jacke ist ideal f\u00fcr warmes Wetter. Sie besteht aus<\/p>\n","protected":false},"featured_media":5752957,"comment_status":"open","ping_status":"closed","template":"","meta":[],"product_brand":[3155],"product_cat":[1567],"product_tag":[],"class_list":{"0":"post-5755587","1":"product","2":"type-product","3":"status-publish","4":"has-post-thumbnail","6":"product_brand-musto-de","7":"product_cat-segelbekleidung-musto","9":"first","10":"instock","11":"shipping-taxable","12":"purchasable","13":"product-type-simple"},"_links":{"self":[{"href":"https:\/\/stoic-curie.212-227-153-4.plesk.page\/de\/wp-json\/wp\/v2\/product\/5755587","targetHints":{"allow":["GET"]}}],"collection":[{"href":"https:\/\/stoic-curie.212-227-153-4.plesk.page\/de\/wp-json\/wp\/v2\/product"}],"about":[{"href":"https:\/\/stoic-curie.212-227-153-4.plesk.page\/de\/wp-json\/wp\/v2\/types\/product"}],"replies":[{"embeddable":true,"href":"https:\/\/stoic-curie.212-227-153-4.plesk.page\/de\/wp-json\/wp\/v2\/comments?post=5755587"}],"version-history":[{"count":0,"href":"https:\/\/stoic-curie.212-227-153-4.plesk.page\/de\/wp-json\/wp\/v2\/product\/5755587\/revisions"}],"wp:featuredmedia":[{"embeddable":true,"href":"https:\/\/stoic-curie.212-227-153-4.plesk.page\/de\/wp-json\/wp\/v2\/media\/5752957"}],"wp:attachment":[{"href":"https:\/\/stoic-curie.212-227-153-4.plesk.page\/de\/wp-json\/wp\/v2\/media?parent=5755587"}],"wp:term":[{"taxonomy":"product_brand","embeddable":true,"href":"https:\/\/stoic-curie.212-227-153-4.plesk.page\/de\/wp-json\/wp\/v2\/product_brand?post=5755587"},{"taxonomy":"product_cat","embeddable":true,"href":"https:\/\/stoic-curie.212-227-153-4.plesk.page\/de\/wp-json\/wp\/v2\/product_cat?post=5755587"},{"taxonomy":"product_tag","embeddable":true,"href":"https:\/\/stoic-curie.212-227-153-4.plesk.page\/de\/wp-json\/wp\/v2\/product_tag?post=5755587"}],"curies":[{"name":"wp","href":"https:\/\/api.w.org\/{rel}","templated":true}]}}