{"id":5755588,"date":"2026-02-12T13:29:47","date_gmt":"2026-02-12T12:29:47","guid":{"rendered":"https:\/\/stoic-curie.212-227-153-4.plesk.page\/product\/musto-sardinia-jacke-groesse-m-marineblau\/"},"modified":"2026-02-24T23:35:45","modified_gmt":"2026-02-24T23:35:45","slug":"musto-sardinia-jacke-groesse-m-marineblau","status":"publish","type":"product","link":"https:\/\/stoic-curie.212-227-153-4.plesk.page\/de\/product\/musto-sardinia-jacke-groesse-m-marineblau\/","title":{"rendered":"Musto Sardinia Jacke Gr\u00f6\u00dfe M &#8211; Marineblau"},"content":{"rendered":"<p>Musto Sardinia Jacke Gr\u00f6\u00dfe M &#8211; Marineblau &#8211; <\/p>\n<p>Die Musto Sardinia Jacke ist perfekt f\u00fcr w\u00e4rmeres Wetter. Diese hervorragende leichte Jacke besteht aus einem 2-lagigen, wasserabweisenden und atmungsaktiven Stoff und hat ein Fleece-Mesh-Futter f\u00fcr zus\u00e4tzlichen Komfort auf der Haut sowie verbesserte Luftzirkulation. Sie verf\u00fcgt \u00fcber eine abnehmbare und verstellbare Kapuze mit einem steifen Schirm, der Wasserablauf von Ihrem Gesicht fernh\u00e4lt, einen YKK\u00ae VISLON\u00ae Rei\u00dfverschluss an der Vorderseite mit einem internen Rei\u00dfverschluss-Schutz, verstellbare Klettverschl\u00fcsse an den \u00c4rmeln, zwei seitliche Rei\u00dfverschlusstaschen und eine Rei\u00dfverschlusstasche auf der Brust sowie eine interne Tasche mit einem Ausgangspunkt f\u00fcr Kopfh\u00f6rer. Au\u00dferdem hat sie einen geschwungenen R\u00fcckenabschluss f\u00fcr zus\u00e4tzlichen Schutz und einen Saumversteller, um die Witterung fernzuhalten. Klicken Sie hier, um die genaue Gr\u00f6\u00dfe zu \u00fcberpr\u00fcfen:<\/p>\n","protected":false},"excerpt":{"rendered":"<p>Musto Sardinia Jacke Gr\u00f6\u00dfe M &#8211; Marineblau &#8211; Die Musto Sardinia Jacke ist perfekt f\u00fcr w\u00e4rmeres Wetter. Diese hervorragende leichte<\/p>\n","protected":false},"featured_media":5752957,"comment_status":"open","ping_status":"closed","template":"","meta":[],"product_brand":[3155],"product_cat":[1567],"product_tag":[],"class_list":{"0":"post-5755588","1":"product","2":"type-product","3":"status-publish","4":"has-post-thumbnail","6":"product_brand-musto-de","7":"product_cat-segelbekleidung-musto","9":"first","10":"instock","11":"shipping-taxable","12":"purchasable","13":"product-type-simple"},"_links":{"self":[{"href":"https:\/\/stoic-curie.212-227-153-4.plesk.page\/de\/wp-json\/wp\/v2\/product\/5755588","targetHints":{"allow":["GET"]}}],"collection":[{"href":"https:\/\/stoic-curie.212-227-153-4.plesk.page\/de\/wp-json\/wp\/v2\/product"}],"about":[{"href":"https:\/\/stoic-curie.212-227-153-4.plesk.page\/de\/wp-json\/wp\/v2\/types\/product"}],"replies":[{"embeddable":true,"href":"https:\/\/stoic-curie.212-227-153-4.plesk.page\/de\/wp-json\/wp\/v2\/comments?post=5755588"}],"version-history":[{"count":0,"href":"https:\/\/stoic-curie.212-227-153-4.plesk.page\/de\/wp-json\/wp\/v2\/product\/5755588\/revisions"}],"wp:featuredmedia":[{"embeddable":true,"href":"https:\/\/stoic-curie.212-227-153-4.plesk.page\/de\/wp-json\/wp\/v2\/media\/5752957"}],"wp:attachment":[{"href":"https:\/\/stoic-curie.212-227-153-4.plesk.page\/de\/wp-json\/wp\/v2\/media?parent=5755588"}],"wp:term":[{"taxonomy":"product_brand","embeddable":true,"href":"https:\/\/stoic-curie.212-227-153-4.plesk.page\/de\/wp-json\/wp\/v2\/product_brand?post=5755588"},{"taxonomy":"product_cat","embeddable":true,"href":"https:\/\/stoic-curie.212-227-153-4.plesk.page\/de\/wp-json\/wp\/v2\/product_cat?post=5755588"},{"taxonomy":"product_tag","embeddable":true,"href":"https:\/\/stoic-curie.212-227-153-4.plesk.page\/de\/wp-json\/wp\/v2\/product_tag?post=5755588"}],"curies":[{"name":"wp","href":"https:\/\/api.w.org\/{rel}","templated":true}]}}