{"id":5755590,"date":"2026-02-12T13:29:49","date_gmt":"2026-02-12T12:29:49","guid":{"rendered":"https:\/\/stoic-curie.212-227-153-4.plesk.page\/product\/musto-sardinia-jacke-groesse-xl-marineblau\/"},"modified":"2026-02-24T23:35:45","modified_gmt":"2026-02-24T23:35:45","slug":"musto-sardinia-jacke-groesse-xl-marineblau","status":"publish","type":"product","link":"https:\/\/stoic-curie.212-227-153-4.plesk.page\/de\/product\/musto-sardinia-jacke-groesse-xl-marineblau\/","title":{"rendered":"Musto Sardinia Jacke &#8211; Gr\u00f6\u00dfe XL &#8211; Marineblau"},"content":{"rendered":"<p>Musto Sardinia Jacke &#8211; Gr\u00f6\u00dfe XL &#8211; Marineblau &#8211; <\/p>\n<p>Die Musto Sardinia Jacke ist perfekt f\u00fcr w\u00e4rmere Umgebungen geeignet. Sie besteht aus einem \u00fcberlegenen, leichten Material und ist aus zweilagigem, wasserabweisendem und atmungsaktivem Gewebe gefertigt, das mit einem Fleece-Mesh f\u00fcr Komfort auf der Haut und verbesserte Luftzirkulation ausgestattet ist. Die Jacke verf\u00fcgt \u00fcber eine abnehmbare und verstellbare Kapuze mit einer steifen Spitze, um das Abflie\u00dfen von Wasser von Ihrem Gesicht fernzuhalten. Sie hat einen YKK\u00ae VISLON\u00ae Frontrei\u00dfverschluss mit einer internen Rei\u00dfverschlussabdeckung, verstellbare Klettverschl\u00fcsse an den \u00c4rmeln, zwei seitliche Rei\u00dfverschlusstaschen und eine Rei\u00dfverschlusstasche auf der Brust. Au\u00dferdem gibt es eine Innentasche mit einem Ausgang f\u00fcr Kopfh\u00f6rer und einen geschnittenen R\u00fccken, der zus\u00e4tzlichen Schutz bietet, sowie einen Saumversteller, um die Witterung abzuwehren.<\/p>\n","protected":false},"excerpt":{"rendered":"<p>Musto Sardinia Jacke &#8211; Gr\u00f6\u00dfe XL &#8211; Marineblau &#8211; Die Musto Sardinia Jacke ist perfekt f\u00fcr w\u00e4rmere Umgebungen geeignet. Sie<\/p>\n","protected":false},"featured_media":5752957,"comment_status":"open","ping_status":"closed","template":"","meta":[],"product_brand":[3155],"product_cat":[1567],"product_tag":[],"class_list":{"0":"post-5755590","1":"product","2":"type-product","3":"status-publish","4":"has-post-thumbnail","6":"product_brand-musto-de","7":"product_cat-segelbekleidung-musto","9":"first","10":"instock","11":"shipping-taxable","12":"purchasable","13":"product-type-simple"},"_links":{"self":[{"href":"https:\/\/stoic-curie.212-227-153-4.plesk.page\/de\/wp-json\/wp\/v2\/product\/5755590","targetHints":{"allow":["GET"]}}],"collection":[{"href":"https:\/\/stoic-curie.212-227-153-4.plesk.page\/de\/wp-json\/wp\/v2\/product"}],"about":[{"href":"https:\/\/stoic-curie.212-227-153-4.plesk.page\/de\/wp-json\/wp\/v2\/types\/product"}],"replies":[{"embeddable":true,"href":"https:\/\/stoic-curie.212-227-153-4.plesk.page\/de\/wp-json\/wp\/v2\/comments?post=5755590"}],"version-history":[{"count":0,"href":"https:\/\/stoic-curie.212-227-153-4.plesk.page\/de\/wp-json\/wp\/v2\/product\/5755590\/revisions"}],"wp:featuredmedia":[{"embeddable":true,"href":"https:\/\/stoic-curie.212-227-153-4.plesk.page\/de\/wp-json\/wp\/v2\/media\/5752957"}],"wp:attachment":[{"href":"https:\/\/stoic-curie.212-227-153-4.plesk.page\/de\/wp-json\/wp\/v2\/media?parent=5755590"}],"wp:term":[{"taxonomy":"product_brand","embeddable":true,"href":"https:\/\/stoic-curie.212-227-153-4.plesk.page\/de\/wp-json\/wp\/v2\/product_brand?post=5755590"},{"taxonomy":"product_cat","embeddable":true,"href":"https:\/\/stoic-curie.212-227-153-4.plesk.page\/de\/wp-json\/wp\/v2\/product_cat?post=5755590"},{"taxonomy":"product_tag","embeddable":true,"href":"https:\/\/stoic-curie.212-227-153-4.plesk.page\/de\/wp-json\/wp\/v2\/product_tag?post=5755590"}],"curies":[{"name":"wp","href":"https:\/\/api.w.org\/{rel}","templated":true}]}}