{"id":5755593,"date":"2026-02-12T13:29:51","date_gmt":"2026-02-12T12:29:51","guid":{"rendered":"https:\/\/stoic-curie.212-227-153-4.plesk.page\/product\/musto-sardinienjacke-groesse-m-farbe-platinum\/"},"modified":"2026-02-24T23:35:45","modified_gmt":"2026-02-24T23:35:45","slug":"musto-sardinienjacke-groesse-m-farbe-platinum","status":"publish","type":"product","link":"https:\/\/stoic-curie.212-227-153-4.plesk.page\/de\/product\/musto-sardinienjacke-groesse-m-farbe-platinum\/","title":{"rendered":"Musto Sardinienjacke &#8211; Gr\u00f6\u00dfe M &#8211; Farbe Platinum"},"content":{"rendered":"<p>Musto Sardinienjacke &#8211; Gr\u00f6\u00dfe M &#8211; Farbe Platinum &#8211; <\/p>\n<p>Die Musto Sardinienjacke ist ideal f\u00fcr w\u00e4rmeres Wetter. Sie besteht aus leichtem, 2-lagigem, wasserabweisendem und atmungsaktivem Material, kombiniert mit Fleece-Mesh f\u00fcr zus\u00e4tzlichen Komfort auf der Haut und verbesserte Luftzirkulation. Diese Jacke verf\u00fcgt \u00fcber eine abnehmbare und verstellbare Kapuze mit einem stabilen Schirm, der verhindert, dass Wasser ins Gesicht l\u00e4uft. Sie hat zudem einen YKK\u00c2\u00ae VISLON\u00c2\u00ae Frontrei\u00dfverschluss mit einem internen Rei\u00dfverschluss-Schutz, verstellbare Klettmanschetten, zwei seitliche Rei\u00dfverschlusstaschen, eine Rei\u00dfverschlusstasche auf der Brust, eine Innentasche mit Kopfh\u00f6rerausgang und einen abgerundeten R\u00fccken f\u00fcr zus\u00e4tzlichen Schutz. Ein verstellbarer Saum hilft, die Witterung drau\u00dfen zu halten. <br \/>Klicken Sie hier, um die genaue Gr\u00f6\u00dfe zu \u00fcberpr\u00fcfen:<\/p>\n","protected":false},"excerpt":{"rendered":"<p>Musto Sardinienjacke &#8211; Gr\u00f6\u00dfe M &#8211; Farbe Platinum &#8211; Die Musto Sardinienjacke ist ideal f\u00fcr w\u00e4rmeres Wetter. Sie besteht aus<\/p>\n","protected":false},"featured_media":5752957,"comment_status":"open","ping_status":"closed","template":"","meta":[],"product_brand":[3155],"product_cat":[1567],"product_tag":[],"class_list":{"0":"post-5755593","1":"product","2":"type-product","3":"status-publish","4":"has-post-thumbnail","6":"product_brand-musto-de","7":"product_cat-segelbekleidung-musto","9":"first","10":"instock","11":"shipping-taxable","12":"purchasable","13":"product-type-simple"},"_links":{"self":[{"href":"https:\/\/stoic-curie.212-227-153-4.plesk.page\/de\/wp-json\/wp\/v2\/product\/5755593","targetHints":{"allow":["GET"]}}],"collection":[{"href":"https:\/\/stoic-curie.212-227-153-4.plesk.page\/de\/wp-json\/wp\/v2\/product"}],"about":[{"href":"https:\/\/stoic-curie.212-227-153-4.plesk.page\/de\/wp-json\/wp\/v2\/types\/product"}],"replies":[{"embeddable":true,"href":"https:\/\/stoic-curie.212-227-153-4.plesk.page\/de\/wp-json\/wp\/v2\/comments?post=5755593"}],"version-history":[{"count":0,"href":"https:\/\/stoic-curie.212-227-153-4.plesk.page\/de\/wp-json\/wp\/v2\/product\/5755593\/revisions"}],"wp:featuredmedia":[{"embeddable":true,"href":"https:\/\/stoic-curie.212-227-153-4.plesk.page\/de\/wp-json\/wp\/v2\/media\/5752957"}],"wp:attachment":[{"href":"https:\/\/stoic-curie.212-227-153-4.plesk.page\/de\/wp-json\/wp\/v2\/media?parent=5755593"}],"wp:term":[{"taxonomy":"product_brand","embeddable":true,"href":"https:\/\/stoic-curie.212-227-153-4.plesk.page\/de\/wp-json\/wp\/v2\/product_brand?post=5755593"},{"taxonomy":"product_cat","embeddable":true,"href":"https:\/\/stoic-curie.212-227-153-4.plesk.page\/de\/wp-json\/wp\/v2\/product_cat?post=5755593"},{"taxonomy":"product_tag","embeddable":true,"href":"https:\/\/stoic-curie.212-227-153-4.plesk.page\/de\/wp-json\/wp\/v2\/product_tag?post=5755593"}],"curies":[{"name":"wp","href":"https:\/\/api.w.org\/{rel}","templated":true}]}}