{"id":5755596,"date":"2026-02-12T13:29:53","date_gmt":"2026-02-12T12:29:53","guid":{"rendered":"https:\/\/stoic-curie.212-227-153-4.plesk.page\/product\/musto-sardinia-jacke-groesse-2xl-farbe-platinum\/"},"modified":"2026-02-24T23:35:45","modified_gmt":"2026-02-24T23:35:45","slug":"musto-sardinia-jacke-groesse-2xl-farbe-platinum","status":"publish","type":"product","link":"https:\/\/stoic-curie.212-227-153-4.plesk.page\/de\/product\/musto-sardinia-jacke-groesse-2xl-farbe-platinum\/","title":{"rendered":"Musto Sardinia Jacke &#8211; Gr\u00f6\u00dfe 2XL &#8211; Farbe Platinum"},"content":{"rendered":"<p>Musto Sardinia Jacke &#8211; Gr\u00f6\u00dfe 2XL &#8211; Farbe Platinum &#8211; <\/p>\n<p>Die Musto Sardinia Jacke ist ideal f\u00fcr w\u00e4rmeres Klima. Diese hochwertige, leichte Jacke besteht aus einem 2-lagigen, wasserabweisenden und atmungsaktiven Stoff, erg\u00e4nzt durch ein Fleece-Mesh f\u00fcr Komfort auf der Haut und verbesserte Luftzirkulation. Sie verf\u00fcgt \u00fcber eine abnehmbare und verstellbare Kapuze mit einer verst\u00e4rkten Spitze, die Wasser von Ihrem Gesicht fernh\u00e4lt, einen YKK\u00c2\u00ae VISLON\u00c2\u00ae Front-Rei\u00dfverschluss mit einem internen \u00dcberroll-Rei\u00dfverschluss-Schutz, verstellbare Klettb\u00fcndchen, zwei seitliche Rei\u00dfverschlusstaschen und eine Rei\u00dfverschlusstasche auf der Brust. Zus\u00e4tzlich gibt es eine Innen pocket mit einem Kopfh\u00f6rerausgang und einen abgerundeten Saum f\u00fcr zus\u00e4tzlichen Schutz sowie einen Saumversteller, um die Witterung abzuwehren. Klicken Sie hier, um die genaue Gr\u00f6\u00dfe zu \u00fcberpr\u00fcfen:<\/p>\n","protected":false},"excerpt":{"rendered":"<p>Musto Sardinia Jacke &#8211; Gr\u00f6\u00dfe 2XL &#8211; Farbe Platinum &#8211; Die Musto Sardinia Jacke ist ideal f\u00fcr w\u00e4rmeres Klima. Diese<\/p>\n","protected":false},"featured_media":5752957,"comment_status":"open","ping_status":"closed","template":"","meta":[],"product_brand":[3155],"product_cat":[1567],"product_tag":[],"class_list":{"0":"post-5755596","1":"product","2":"type-product","3":"status-publish","4":"has-post-thumbnail","6":"product_brand-musto-de","7":"product_cat-segelbekleidung-musto","9":"first","10":"instock","11":"shipping-taxable","12":"purchasable","13":"product-type-simple"},"_links":{"self":[{"href":"https:\/\/stoic-curie.212-227-153-4.plesk.page\/de\/wp-json\/wp\/v2\/product\/5755596","targetHints":{"allow":["GET"]}}],"collection":[{"href":"https:\/\/stoic-curie.212-227-153-4.plesk.page\/de\/wp-json\/wp\/v2\/product"}],"about":[{"href":"https:\/\/stoic-curie.212-227-153-4.plesk.page\/de\/wp-json\/wp\/v2\/types\/product"}],"replies":[{"embeddable":true,"href":"https:\/\/stoic-curie.212-227-153-4.plesk.page\/de\/wp-json\/wp\/v2\/comments?post=5755596"}],"version-history":[{"count":0,"href":"https:\/\/stoic-curie.212-227-153-4.plesk.page\/de\/wp-json\/wp\/v2\/product\/5755596\/revisions"}],"wp:featuredmedia":[{"embeddable":true,"href":"https:\/\/stoic-curie.212-227-153-4.plesk.page\/de\/wp-json\/wp\/v2\/media\/5752957"}],"wp:attachment":[{"href":"https:\/\/stoic-curie.212-227-153-4.plesk.page\/de\/wp-json\/wp\/v2\/media?parent=5755596"}],"wp:term":[{"taxonomy":"product_brand","embeddable":true,"href":"https:\/\/stoic-curie.212-227-153-4.plesk.page\/de\/wp-json\/wp\/v2\/product_brand?post=5755596"},{"taxonomy":"product_cat","embeddable":true,"href":"https:\/\/stoic-curie.212-227-153-4.plesk.page\/de\/wp-json\/wp\/v2\/product_cat?post=5755596"},{"taxonomy":"product_tag","embeddable":true,"href":"https:\/\/stoic-curie.212-227-153-4.plesk.page\/de\/wp-json\/wp\/v2\/product_tag?post=5755596"}],"curies":[{"name":"wp","href":"https:\/\/api.w.org\/{rel}","templated":true}]}}