{"id":5755597,"date":"2026-02-12T13:29:53","date_gmt":"2026-02-12T12:29:53","guid":{"rendered":"https:\/\/stoic-curie.212-227-153-4.plesk.page\/product\/musto-sardinia-jacke-groesse-3xl-farbe-platin\/"},"modified":"2026-02-24T23:35:45","modified_gmt":"2026-02-24T23:35:45","slug":"musto-sardinia-jacke-groesse-3xl-farbe-platin","status":"publish","type":"product","link":"https:\/\/stoic-curie.212-227-153-4.plesk.page\/de\/product\/musto-sardinia-jacke-groesse-3xl-farbe-platin\/","title":{"rendered":"Musto Sardinia Jacke Gr\u00f6\u00dfe 3XL Farbe Platin"},"content":{"rendered":"<p>Musto Sardinia Jacke Gr\u00f6\u00dfe 3XL Farbe Platin &#8211; <\/p>\n<p>Die Musto Sardinia Jacke ist ideal f\u00fcr w\u00e4rmere Umgebungen. Sie besteht aus einem \u00fcberlegenen, leichten, 2-lagigen, wasserabweisenden und atmungsaktiven Stoff mit Fleece-Mesh f\u00fcr zus\u00e4tzlichen Komfort auf der Haut und verbesserte Luftzirkulation. Mit einer abnehmbaren und verstellbaren Kapuze mit einer steifen Spitze, um Wasserablauf von Ihrem Gesicht fernzuhalten; einem YKK\u00c2\u00ae VISLON\u00c2\u00ae Frontrei\u00dfverschluss mit internem \u00dcberrollschutz, verstellbaren Klett-Manschetten, zwei seitlichen Rei\u00dfverschlusstaschen und einer Rei\u00dfverschlusstasche auf der Brust, einer Innentasche mit Ausgang f\u00fcr Kopfh\u00f6rer sowie einem geschwungenen R\u00fcckenbund f\u00fcr zus\u00e4tzlichen Schutz und einer Saumverstellung, um das Wetter drau\u00dfen zu halten. Klicken Sie hier, um die genaue Gr\u00f6\u00dfe zu \u00fcberpr\u00fcfen:<\/p>\n","protected":false},"excerpt":{"rendered":"<p>Musto Sardinia Jacke Gr\u00f6\u00dfe 3XL Farbe Platin &#8211; Die Musto Sardinia Jacke ist ideal f\u00fcr w\u00e4rmere Umgebungen. Sie besteht aus<\/p>\n","protected":false},"featured_media":5752957,"comment_status":"open","ping_status":"closed","template":"","meta":[],"product_brand":[3155],"product_cat":[1567],"product_tag":[],"class_list":{"0":"post-5755597","1":"product","2":"type-product","3":"status-publish","4":"has-post-thumbnail","6":"product_brand-musto-de","7":"product_cat-segelbekleidung-musto","9":"first","10":"instock","11":"shipping-taxable","12":"purchasable","13":"product-type-simple"},"_links":{"self":[{"href":"https:\/\/stoic-curie.212-227-153-4.plesk.page\/de\/wp-json\/wp\/v2\/product\/5755597","targetHints":{"allow":["GET"]}}],"collection":[{"href":"https:\/\/stoic-curie.212-227-153-4.plesk.page\/de\/wp-json\/wp\/v2\/product"}],"about":[{"href":"https:\/\/stoic-curie.212-227-153-4.plesk.page\/de\/wp-json\/wp\/v2\/types\/product"}],"replies":[{"embeddable":true,"href":"https:\/\/stoic-curie.212-227-153-4.plesk.page\/de\/wp-json\/wp\/v2\/comments?post=5755597"}],"version-history":[{"count":0,"href":"https:\/\/stoic-curie.212-227-153-4.plesk.page\/de\/wp-json\/wp\/v2\/product\/5755597\/revisions"}],"wp:featuredmedia":[{"embeddable":true,"href":"https:\/\/stoic-curie.212-227-153-4.plesk.page\/de\/wp-json\/wp\/v2\/media\/5752957"}],"wp:attachment":[{"href":"https:\/\/stoic-curie.212-227-153-4.plesk.page\/de\/wp-json\/wp\/v2\/media?parent=5755597"}],"wp:term":[{"taxonomy":"product_brand","embeddable":true,"href":"https:\/\/stoic-curie.212-227-153-4.plesk.page\/de\/wp-json\/wp\/v2\/product_brand?post=5755597"},{"taxonomy":"product_cat","embeddable":true,"href":"https:\/\/stoic-curie.212-227-153-4.plesk.page\/de\/wp-json\/wp\/v2\/product_cat?post=5755597"},{"taxonomy":"product_tag","embeddable":true,"href":"https:\/\/stoic-curie.212-227-153-4.plesk.page\/de\/wp-json\/wp\/v2\/product_tag?post=5755597"}],"curies":[{"name":"wp","href":"https:\/\/api.w.org\/{rel}","templated":true}]}}