{"id":5755598,"date":"2026-02-12T13:29:54","date_gmt":"2026-02-12T12:29:54","guid":{"rendered":"https:\/\/stoic-curie.212-227-153-4.plesk.page\/product\/musto-sardinia-jacket-groesse-s-schwarz\/"},"modified":"2026-02-24T23:35:45","modified_gmt":"2026-02-24T23:35:45","slug":"musto-sardinia-jacket-groesse-s-schwarz","status":"publish","type":"product","link":"https:\/\/stoic-curie.212-227-153-4.plesk.page\/de\/product\/musto-sardinia-jacket-groesse-s-schwarz\/","title":{"rendered":"Musto Sardinia Jacket Gr\u00f6\u00dfe S &#8211; Schwarz"},"content":{"rendered":"<p>Musto Sardinia Jacket Gr\u00f6\u00dfe S &#8211; Schwarz &#8211; <\/p>\n<p>Die Musto Sardinia Jacke ist ideal f\u00fcr w\u00e4rmeres Wetter. Sie ist leicht und besteht aus einem 2-lagigen, wasserabweisenden und atmungsaktiven Material mit einem Fleece-Mesh f\u00fcr zus\u00e4tzlichen Komfort auf der Haut und verbesserte Luftzirkulation. Die Jacke verf\u00fcgt \u00fcber eine abnehmbare und verstellbare Kapuze mit einer verst\u00e4rkten Spitze, um Wasser vom Gesicht fernzuhalten, einen YKK\u00c2\u00ae VISLON\u00c2\u00ae Frontrei\u00dfverschluss mit einem internen \u00dcberrollschutz, verstellbare Klettverschluss\u00e4rmeln, zwei seitliche Taschen mit Rei\u00dfverschluss, eine Rei\u00dfverschlusstasche auf der Brust, eine Innentasche mit einem Anschluss f\u00fcr Kopfh\u00f6rer und einem abgerundeten Saum f\u00fcr besseren Schutz. Ein verstellbarer Saum sorgt daf\u00fcr, dass das Wetter drau\u00dfen bleibt.<\/p>\n<p> Klicken Sie hier, um die genaue Gr\u00f6\u00dfe zu \u00fcberpr\u00fcfen:<\/p>\n","protected":false},"excerpt":{"rendered":"<p>Musto Sardinia Jacket Gr\u00f6\u00dfe S &#8211; Schwarz &#8211; Die Musto Sardinia Jacke ist ideal f\u00fcr w\u00e4rmeres Wetter. Sie ist leicht<\/p>\n","protected":false},"featured_media":5752957,"comment_status":"open","ping_status":"closed","template":"","meta":[],"product_brand":[3155],"product_cat":[1567],"product_tag":[],"class_list":{"0":"post-5755598","1":"product","2":"type-product","3":"status-publish","4":"has-post-thumbnail","6":"product_brand-musto-de","7":"product_cat-segelbekleidung-musto","9":"first","10":"instock","11":"shipping-taxable","12":"purchasable","13":"product-type-simple"},"_links":{"self":[{"href":"https:\/\/stoic-curie.212-227-153-4.plesk.page\/de\/wp-json\/wp\/v2\/product\/5755598","targetHints":{"allow":["GET"]}}],"collection":[{"href":"https:\/\/stoic-curie.212-227-153-4.plesk.page\/de\/wp-json\/wp\/v2\/product"}],"about":[{"href":"https:\/\/stoic-curie.212-227-153-4.plesk.page\/de\/wp-json\/wp\/v2\/types\/product"}],"replies":[{"embeddable":true,"href":"https:\/\/stoic-curie.212-227-153-4.plesk.page\/de\/wp-json\/wp\/v2\/comments?post=5755598"}],"version-history":[{"count":0,"href":"https:\/\/stoic-curie.212-227-153-4.plesk.page\/de\/wp-json\/wp\/v2\/product\/5755598\/revisions"}],"wp:featuredmedia":[{"embeddable":true,"href":"https:\/\/stoic-curie.212-227-153-4.plesk.page\/de\/wp-json\/wp\/v2\/media\/5752957"}],"wp:attachment":[{"href":"https:\/\/stoic-curie.212-227-153-4.plesk.page\/de\/wp-json\/wp\/v2\/media?parent=5755598"}],"wp:term":[{"taxonomy":"product_brand","embeddable":true,"href":"https:\/\/stoic-curie.212-227-153-4.plesk.page\/de\/wp-json\/wp\/v2\/product_brand?post=5755598"},{"taxonomy":"product_cat","embeddable":true,"href":"https:\/\/stoic-curie.212-227-153-4.plesk.page\/de\/wp-json\/wp\/v2\/product_cat?post=5755598"},{"taxonomy":"product_tag","embeddable":true,"href":"https:\/\/stoic-curie.212-227-153-4.plesk.page\/de\/wp-json\/wp\/v2\/product_tag?post=5755598"}],"curies":[{"name":"wp","href":"https:\/\/api.w.org\/{rel}","templated":true}]}}