{"id":5755600,"date":"2026-02-12T13:29:55","date_gmt":"2026-02-12T12:29:55","guid":{"rendered":"https:\/\/stoic-curie.212-227-153-4.plesk.page\/product\/musto-sardinia-jacke-groesse-l-farbe-schwarz\/"},"modified":"2026-02-24T23:35:45","modified_gmt":"2026-02-24T23:35:45","slug":"musto-sardinia-jacke-groesse-l-farbe-schwarz","status":"publish","type":"product","link":"https:\/\/stoic-curie.212-227-153-4.plesk.page\/de\/product\/musto-sardinia-jacke-groesse-l-farbe-schwarz\/","title":{"rendered":"Musto Sardinia Jacke &#8211; Gr\u00f6\u00dfe L &#8211; Farbe Schwarz"},"content":{"rendered":"<p>Musto Sardinia Jacke &#8211; Gr\u00f6\u00dfe L &#8211; Farbe Schwarz &#8211; <\/p>\n<p>Die Musto Sardinia Jacke ist ideal f\u00fcr w\u00e4rmeres Wetter. Sie besteht aus leichtem, 2-lagigem, wasserabweisendem und atmungsaktivem Material mit einem Fleece-Mesh-Futter f\u00fcr Komfort auf der Haut und verbesserte Luftzirkulation. Die Jacke verf\u00fcgt \u00fcber eine abnehmbare und verstellbare Kapuze mit einem steifen Schild, um Wasser von deinem Gesicht fernzuhalten, einen YKK\u00c2\u00ae VISLON\u00c2\u00ae Rei\u00dfverschluss mit einem internen Rollover-Rei\u00dfverschluss-Schutz, verstellbare Klettverschl\u00fcsse an den \u00c4rmelb\u00fcndchen, zwei seitliche Rei\u00dfverschlusstaschen und eine Rei\u00dfverschlusstasche auf der Brust. Dar\u00fcber hinaus hat sie eine interne Tasche mit Ausgang f\u00fcr Kopfh\u00f6rer und einen abgerundeten Saum f\u00fcr zus\u00e4tzlichen Schutz sowie einen Saumregler, um das Wetter drau\u00dfen zu halten.<\/p>\n","protected":false},"excerpt":{"rendered":"<p>Musto Sardinia Jacke &#8211; Gr\u00f6\u00dfe L &#8211; Farbe Schwarz &#8211; Die Musto Sardinia Jacke ist ideal f\u00fcr w\u00e4rmeres Wetter. Sie<\/p>\n","protected":false},"featured_media":5752957,"comment_status":"open","ping_status":"closed","template":"","meta":[],"product_brand":[3155],"product_cat":[1567],"product_tag":[],"class_list":{"0":"post-5755600","1":"product","2":"type-product","3":"status-publish","4":"has-post-thumbnail","6":"product_brand-musto-de","7":"product_cat-segelbekleidung-musto","9":"first","10":"instock","11":"shipping-taxable","12":"purchasable","13":"product-type-simple"},"_links":{"self":[{"href":"https:\/\/stoic-curie.212-227-153-4.plesk.page\/de\/wp-json\/wp\/v2\/product\/5755600","targetHints":{"allow":["GET"]}}],"collection":[{"href":"https:\/\/stoic-curie.212-227-153-4.plesk.page\/de\/wp-json\/wp\/v2\/product"}],"about":[{"href":"https:\/\/stoic-curie.212-227-153-4.plesk.page\/de\/wp-json\/wp\/v2\/types\/product"}],"replies":[{"embeddable":true,"href":"https:\/\/stoic-curie.212-227-153-4.plesk.page\/de\/wp-json\/wp\/v2\/comments?post=5755600"}],"version-history":[{"count":0,"href":"https:\/\/stoic-curie.212-227-153-4.plesk.page\/de\/wp-json\/wp\/v2\/product\/5755600\/revisions"}],"wp:featuredmedia":[{"embeddable":true,"href":"https:\/\/stoic-curie.212-227-153-4.plesk.page\/de\/wp-json\/wp\/v2\/media\/5752957"}],"wp:attachment":[{"href":"https:\/\/stoic-curie.212-227-153-4.plesk.page\/de\/wp-json\/wp\/v2\/media?parent=5755600"}],"wp:term":[{"taxonomy":"product_brand","embeddable":true,"href":"https:\/\/stoic-curie.212-227-153-4.plesk.page\/de\/wp-json\/wp\/v2\/product_brand?post=5755600"},{"taxonomy":"product_cat","embeddable":true,"href":"https:\/\/stoic-curie.212-227-153-4.plesk.page\/de\/wp-json\/wp\/v2\/product_cat?post=5755600"},{"taxonomy":"product_tag","embeddable":true,"href":"https:\/\/stoic-curie.212-227-153-4.plesk.page\/de\/wp-json\/wp\/v2\/product_tag?post=5755600"}],"curies":[{"name":"wp","href":"https:\/\/api.w.org\/{rel}","templated":true}]}}