{"id":5755602,"date":"2026-02-12T13:29:57","date_gmt":"2026-02-12T12:29:57","guid":{"rendered":"https:\/\/stoic-curie.212-227-153-4.plesk.page\/product\/musto-sardinia-jacke-groesse-2xl-schwarz\/"},"modified":"2026-02-24T23:35:45","modified_gmt":"2026-02-24T23:35:45","slug":"musto-sardinia-jacke-groesse-2xl-schwarz","status":"publish","type":"product","link":"https:\/\/stoic-curie.212-227-153-4.plesk.page\/de\/product\/musto-sardinia-jacke-groesse-2xl-schwarz\/","title":{"rendered":"Musto Sardinia Jacke Gr\u00f6\u00dfe 2XL &#8211; Schwarz"},"content":{"rendered":"<p>Musto Sardinia Jacke Gr\u00f6\u00dfe 2XL &#8211; Schwarz &#8211; <\/p>\n<p>Die Musto Sardinia Jacke ist ideal f\u00fcr w\u00e4rmere Umgebungen. Diese hochwertige, leichte Jacke besteht aus einem 2-lagigen, wasserabweisenden und atmungsaktiven Material und bietet ein Fleece-Mesh-Futter f\u00fcr Komfort auf der Haut und verbesserte Luftzirkulation. Sie verf\u00fcgt \u00fcber eine abnehmbare und verstellbare Kapuze mit einem stabilen Schirm, um Wasser von Ihrem Gesicht fernzuhalten, einen YKK\u00ae VISLON\u00ae Frontrei\u00dfverschluss mit einer internen Abdeckleiste, verstellbare Klettmanschetten, zwei seitliche Rei\u00dfverschluss-Taschen, eine Brusttasche mit Rei\u00dfverschluss und eine Innentasche mit einem Ausgangspunkt f\u00fcr Kopfh\u00f6rer. Der abgerundete R\u00fcckensaum bietet zus\u00e4tzlichen Schutz, zusammen mit einem Saumversteller, um das Wetter fernzuhalten.<br \/>Klicken Sie hier, um die genaue Gr\u00f6\u00dfe zu \u00fcberpr\u00fcfen:<\/p>\n","protected":false},"excerpt":{"rendered":"<p>Musto Sardinia Jacke Gr\u00f6\u00dfe 2XL &#8211; Schwarz &#8211; Die Musto Sardinia Jacke ist ideal f\u00fcr w\u00e4rmere Umgebungen. Diese hochwertige, leichte<\/p>\n","protected":false},"featured_media":5752957,"comment_status":"open","ping_status":"closed","template":"","meta":[],"product_brand":[3155],"product_cat":[1567],"product_tag":[],"class_list":{"0":"post-5755602","1":"product","2":"type-product","3":"status-publish","4":"has-post-thumbnail","6":"product_brand-musto-de","7":"product_cat-segelbekleidung-musto","9":"first","10":"instock","11":"shipping-taxable","12":"purchasable","13":"product-type-simple"},"_links":{"self":[{"href":"https:\/\/stoic-curie.212-227-153-4.plesk.page\/de\/wp-json\/wp\/v2\/product\/5755602","targetHints":{"allow":["GET"]}}],"collection":[{"href":"https:\/\/stoic-curie.212-227-153-4.plesk.page\/de\/wp-json\/wp\/v2\/product"}],"about":[{"href":"https:\/\/stoic-curie.212-227-153-4.plesk.page\/de\/wp-json\/wp\/v2\/types\/product"}],"replies":[{"embeddable":true,"href":"https:\/\/stoic-curie.212-227-153-4.plesk.page\/de\/wp-json\/wp\/v2\/comments?post=5755602"}],"version-history":[{"count":0,"href":"https:\/\/stoic-curie.212-227-153-4.plesk.page\/de\/wp-json\/wp\/v2\/product\/5755602\/revisions"}],"wp:featuredmedia":[{"embeddable":true,"href":"https:\/\/stoic-curie.212-227-153-4.plesk.page\/de\/wp-json\/wp\/v2\/media\/5752957"}],"wp:attachment":[{"href":"https:\/\/stoic-curie.212-227-153-4.plesk.page\/de\/wp-json\/wp\/v2\/media?parent=5755602"}],"wp:term":[{"taxonomy":"product_brand","embeddable":true,"href":"https:\/\/stoic-curie.212-227-153-4.plesk.page\/de\/wp-json\/wp\/v2\/product_brand?post=5755602"},{"taxonomy":"product_cat","embeddable":true,"href":"https:\/\/stoic-curie.212-227-153-4.plesk.page\/de\/wp-json\/wp\/v2\/product_cat?post=5755602"},{"taxonomy":"product_tag","embeddable":true,"href":"https:\/\/stoic-curie.212-227-153-4.plesk.page\/de\/wp-json\/wp\/v2\/product_tag?post=5755602"}],"curies":[{"name":"wp","href":"https:\/\/api.w.org\/{rel}","templated":true}]}}