{"id":5755606,"date":"2026-02-12T13:29:59","date_gmt":"2026-02-12T12:29:59","guid":{"rendered":"https:\/\/stoic-curie.212-227-153-4.plesk.page\/product\/musto-sardinia-weste-groesse-xl-farbe-blau-navy\/"},"modified":"2026-02-24T23:35:45","modified_gmt":"2026-02-24T23:35:45","slug":"musto-sardinia-weste-groesse-xl-farbe-blau-navy","status":"publish","type":"product","link":"https:\/\/stoic-curie.212-227-153-4.plesk.page\/de\/product\/musto-sardinia-weste-groesse-xl-farbe-blau-navy\/","title":{"rendered":"Musto Sardinia Weste Gr\u00f6\u00dfe XL Farbe Blau Navy"},"content":{"rendered":"<p>Musto Sardinia Weste Gr\u00f6\u00dfe XL Farbe Blau Navy &#8211; <\/p>\n<p>Die Musto Sardinia Weste ist ideal f\u00fcr warme Umgebungen. Sie besteht aus hochwertigem, leichtem Material und verf\u00fcgt \u00fcber einen 2-lagigen, wasserabweisenden und atmungsaktiven Stoff mit Fleece-Mesh f\u00fcr Komfort auf der Haut und verbesserte Luftzirkulation. Diese Weste hat einen YKK\u00ae VISLON\u00ae Frontrei\u00dfverschluss mit einem internen R\u00fcckenrei\u00dfverschluss, zwei seitliche Rei\u00dfverschlusstaschen, eine Rei\u00dfverschlusstasche auf der Brust und einen verbundenen elastischen Saum ohne sichtbare N\u00e4hte f\u00fcr eine bequeme Passform und erh\u00f6hte Langlebigkeit. <br \/> Klicken Sie hier, um die genaue Gr\u00f6\u00dfe zu \u00fcberpr\u00fcfen:<\/p>\n","protected":false},"excerpt":{"rendered":"<p>Musto Sardinia Weste Gr\u00f6\u00dfe XL Farbe Blau Navy &#8211; Die Musto Sardinia Weste ist ideal f\u00fcr warme Umgebungen. Sie besteht<\/p>\n","protected":false},"featured_media":5753085,"comment_status":"open","ping_status":"closed","template":"","meta":[],"product_brand":[3155],"product_cat":[1567],"product_tag":[],"class_list":{"0":"post-5755606","1":"product","2":"type-product","3":"status-publish","4":"has-post-thumbnail","6":"product_brand-musto-de","7":"product_cat-segelbekleidung-musto","9":"first","10":"instock","11":"shipping-taxable","12":"purchasable","13":"product-type-simple"},"_links":{"self":[{"href":"https:\/\/stoic-curie.212-227-153-4.plesk.page\/de\/wp-json\/wp\/v2\/product\/5755606","targetHints":{"allow":["GET"]}}],"collection":[{"href":"https:\/\/stoic-curie.212-227-153-4.plesk.page\/de\/wp-json\/wp\/v2\/product"}],"about":[{"href":"https:\/\/stoic-curie.212-227-153-4.plesk.page\/de\/wp-json\/wp\/v2\/types\/product"}],"replies":[{"embeddable":true,"href":"https:\/\/stoic-curie.212-227-153-4.plesk.page\/de\/wp-json\/wp\/v2\/comments?post=5755606"}],"version-history":[{"count":0,"href":"https:\/\/stoic-curie.212-227-153-4.plesk.page\/de\/wp-json\/wp\/v2\/product\/5755606\/revisions"}],"wp:featuredmedia":[{"embeddable":true,"href":"https:\/\/stoic-curie.212-227-153-4.plesk.page\/de\/wp-json\/wp\/v2\/media\/5753085"}],"wp:attachment":[{"href":"https:\/\/stoic-curie.212-227-153-4.plesk.page\/de\/wp-json\/wp\/v2\/media?parent=5755606"}],"wp:term":[{"taxonomy":"product_brand","embeddable":true,"href":"https:\/\/stoic-curie.212-227-153-4.plesk.page\/de\/wp-json\/wp\/v2\/product_brand?post=5755606"},{"taxonomy":"product_cat","embeddable":true,"href":"https:\/\/stoic-curie.212-227-153-4.plesk.page\/de\/wp-json\/wp\/v2\/product_cat?post=5755606"},{"taxonomy":"product_tag","embeddable":true,"href":"https:\/\/stoic-curie.212-227-153-4.plesk.page\/de\/wp-json\/wp\/v2\/product_tag?post=5755606"}],"curies":[{"name":"wp","href":"https:\/\/api.w.org\/{rel}","templated":true}]}}