{"id":5755609,"date":"2026-02-12T13:30:01","date_gmt":"2026-02-12T12:30:01","guid":{"rendered":"https:\/\/stoic-curie.212-227-153-4.plesk.page\/product\/musto-sardinia-vest-groesse-m-farbe-platinum\/"},"modified":"2026-02-24T23:35:45","modified_gmt":"2026-02-24T23:35:45","slug":"musto-sardinia-vest-groesse-m-farbe-platinum","status":"publish","type":"product","link":"https:\/\/stoic-curie.212-227-153-4.plesk.page\/de\/product\/musto-sardinia-vest-groesse-m-farbe-platinum\/","title":{"rendered":"Musto Sardinia Vest Gr\u00f6\u00dfe M &#8211; Farbe Platinum"},"content":{"rendered":"<p>Musto Sardinia Vest Gr\u00f6\u00dfe M &#8211; Farbe Platinum &#8211; <\/p>\n<p>Die Musto Sardinia Vest ist ideal f\u00fcr w\u00e4rmeres Klima. Sie ist leicht und besteht aus einem 2-lagigen, wasserabweisenden und atmungsaktiven Gewebe. Das Fleece-Maschen-Innenfutter bietet Komfort auf der Haut und verbessert die Luftzirkulation. Diese Weste verf\u00fcgt \u00fcber einen YKK\u00c2\u00ae VISLON\u00c2\u00ae Frontrei\u00dfverschluss mit einem internen Rei\u00dfverschluss-Schutz, zwei Rei\u00dfverschlusstaschen an der Seite, eine Rei\u00dfverschlusstasche auf der Brust und einen elastischen, verklebten Saum ohne sichtbare N\u00e4hte f\u00fcr einen engen Sitz und erh\u00f6hte Haltbarkeit. Klicken Sie hier, um die genaue Gr\u00f6\u00dfe zu \u00fcberpr\u00fcfen:<\/p>\n","protected":false},"excerpt":{"rendered":"<p>Musto Sardinia Vest Gr\u00f6\u00dfe M &#8211; Farbe Platinum &#8211; Die Musto Sardinia Vest ist ideal f\u00fcr w\u00e4rmeres Klima. Sie ist<\/p>\n","protected":false},"featured_media":5753085,"comment_status":"open","ping_status":"closed","template":"","meta":[],"product_brand":[3155],"product_cat":[1567],"product_tag":[],"class_list":{"0":"post-5755609","1":"product","2":"type-product","3":"status-publish","4":"has-post-thumbnail","6":"product_brand-musto-de","7":"product_cat-segelbekleidung-musto","9":"first","10":"instock","11":"shipping-taxable","12":"purchasable","13":"product-type-simple"},"_links":{"self":[{"href":"https:\/\/stoic-curie.212-227-153-4.plesk.page\/de\/wp-json\/wp\/v2\/product\/5755609","targetHints":{"allow":["GET"]}}],"collection":[{"href":"https:\/\/stoic-curie.212-227-153-4.plesk.page\/de\/wp-json\/wp\/v2\/product"}],"about":[{"href":"https:\/\/stoic-curie.212-227-153-4.plesk.page\/de\/wp-json\/wp\/v2\/types\/product"}],"replies":[{"embeddable":true,"href":"https:\/\/stoic-curie.212-227-153-4.plesk.page\/de\/wp-json\/wp\/v2\/comments?post=5755609"}],"version-history":[{"count":0,"href":"https:\/\/stoic-curie.212-227-153-4.plesk.page\/de\/wp-json\/wp\/v2\/product\/5755609\/revisions"}],"wp:featuredmedia":[{"embeddable":true,"href":"https:\/\/stoic-curie.212-227-153-4.plesk.page\/de\/wp-json\/wp\/v2\/media\/5753085"}],"wp:attachment":[{"href":"https:\/\/stoic-curie.212-227-153-4.plesk.page\/de\/wp-json\/wp\/v2\/media?parent=5755609"}],"wp:term":[{"taxonomy":"product_brand","embeddable":true,"href":"https:\/\/stoic-curie.212-227-153-4.plesk.page\/de\/wp-json\/wp\/v2\/product_brand?post=5755609"},{"taxonomy":"product_cat","embeddable":true,"href":"https:\/\/stoic-curie.212-227-153-4.plesk.page\/de\/wp-json\/wp\/v2\/product_cat?post=5755609"},{"taxonomy":"product_tag","embeddable":true,"href":"https:\/\/stoic-curie.212-227-153-4.plesk.page\/de\/wp-json\/wp\/v2\/product_tag?post=5755609"}],"curies":[{"name":"wp","href":"https:\/\/api.w.org\/{rel}","templated":true}]}}