{"id":5755616,"date":"2026-02-12T13:30:07","date_gmt":"2026-02-12T12:30:07","guid":{"rendered":"https:\/\/stoic-curie.212-227-153-4.plesk.page\/product\/musto-sardinia-weste-groesse-l-schwarz\/"},"modified":"2026-02-24T23:35:45","modified_gmt":"2026-02-24T23:35:45","slug":"musto-sardinia-weste-groesse-l-schwarz","status":"publish","type":"product","link":"https:\/\/stoic-curie.212-227-153-4.plesk.page\/de\/product\/musto-sardinia-weste-groesse-l-schwarz\/","title":{"rendered":"Musto Sardinia Weste Gr\u00f6\u00dfe L &#8211; Schwarz"},"content":{"rendered":"<p>Musto Sardinia Weste Gr\u00f6\u00dfe L &#8211; Schwarz &#8211; <\/p>\n<p>Die Musto Sardinia Weste ist ideal f\u00fcr w\u00e4rmere Umgebungen. Sie verf\u00fcgt \u00fcber ein superleichtes Design, das aus 2-lagigem, wasserabweisendem und atmungsaktivem Stoff mit Fleece-Mesh f\u00fcr zus\u00e4tzlichen Komfort auf Ihrer Haut und verbesserte Luftzirkulation hergestellt ist. Die Weste ist mit einem YKK\u00c2\u00ae VISLON\u00c2\u00ae Frontrei\u00dfverschluss ausgestattet, der einen internen Roll-over-Rei\u00dfverschluss-Schutz, zwei Rei\u00dfverschlusstaschen an den Seiten, eine Rei\u00dfverschlusstasche auf der Brust und einen gebondeten elastischen Saum ohne sichtbare N\u00e4hte f\u00fcr eine gute Passform und erh\u00f6hte Haltbarkeit umfasst. \u00dcberpr\u00fcfen Sie die genaue Gr\u00f6\u00dfe <a>hier<\/a>.<\/p>\n","protected":false},"excerpt":{"rendered":"<p>Musto Sardinia Weste Gr\u00f6\u00dfe L &#8211; Schwarz &#8211; Die Musto Sardinia Weste ist ideal f\u00fcr w\u00e4rmere Umgebungen. Sie verf\u00fcgt \u00fcber<\/p>\n","protected":false},"featured_media":5753085,"comment_status":"open","ping_status":"closed","template":"","meta":[],"product_brand":[3155],"product_cat":[1567],"product_tag":[],"class_list":{"0":"post-5755616","1":"product","2":"type-product","3":"status-publish","4":"has-post-thumbnail","6":"product_brand-musto-de","7":"product_cat-segelbekleidung-musto","9":"first","10":"instock","11":"shipping-taxable","12":"purchasable","13":"product-type-simple"},"_links":{"self":[{"href":"https:\/\/stoic-curie.212-227-153-4.plesk.page\/de\/wp-json\/wp\/v2\/product\/5755616","targetHints":{"allow":["GET"]}}],"collection":[{"href":"https:\/\/stoic-curie.212-227-153-4.plesk.page\/de\/wp-json\/wp\/v2\/product"}],"about":[{"href":"https:\/\/stoic-curie.212-227-153-4.plesk.page\/de\/wp-json\/wp\/v2\/types\/product"}],"replies":[{"embeddable":true,"href":"https:\/\/stoic-curie.212-227-153-4.plesk.page\/de\/wp-json\/wp\/v2\/comments?post=5755616"}],"version-history":[{"count":0,"href":"https:\/\/stoic-curie.212-227-153-4.plesk.page\/de\/wp-json\/wp\/v2\/product\/5755616\/revisions"}],"wp:featuredmedia":[{"embeddable":true,"href":"https:\/\/stoic-curie.212-227-153-4.plesk.page\/de\/wp-json\/wp\/v2\/media\/5753085"}],"wp:attachment":[{"href":"https:\/\/stoic-curie.212-227-153-4.plesk.page\/de\/wp-json\/wp\/v2\/media?parent=5755616"}],"wp:term":[{"taxonomy":"product_brand","embeddable":true,"href":"https:\/\/stoic-curie.212-227-153-4.plesk.page\/de\/wp-json\/wp\/v2\/product_brand?post=5755616"},{"taxonomy":"product_cat","embeddable":true,"href":"https:\/\/stoic-curie.212-227-153-4.plesk.page\/de\/wp-json\/wp\/v2\/product_cat?post=5755616"},{"taxonomy":"product_tag","embeddable":true,"href":"https:\/\/stoic-curie.212-227-153-4.plesk.page\/de\/wp-json\/wp\/v2\/product_tag?post=5755616"}],"curies":[{"name":"wp","href":"https:\/\/api.w.org\/{rel}","templated":true}]}}