{"id":5755620,"date":"2026-02-12T13:30:10","date_gmt":"2026-02-12T12:30:10","guid":{"rendered":"https:\/\/stoic-curie.212-227-153-4.plesk.page\/product\/musto-snug-blouson-jacke-groesse-s-navy-blau\/"},"modified":"2026-02-24T23:35:45","modified_gmt":"2026-02-24T23:35:45","slug":"musto-snug-blouson-jacke-groesse-s-navy-blau","status":"publish","type":"product","link":"https:\/\/stoic-curie.212-227-153-4.plesk.page\/de\/product\/musto-snug-blouson-jacke-groesse-s-navy-blau\/","title":{"rendered":"Musto Snug Blouson Jacke Gr\u00f6\u00dfe S &#8211; Navy Blau"},"content":{"rendered":"<p>Musto Snug Blouson Jacke Gr\u00f6\u00dfe S &#8211; Navy Blau &#8211; <\/p>\n<p>Die Musto Snug Blouson Jacke ist eine technische Lifestyle-Jacke, die aus Ocean Tech\u2122-Stoff gefertigt und mit warmem Polartec\u00ae Fleece gef\u00fcttert ist, um Komfort und Schutz an k\u00fchleren Tagen zu bieten. Ihre geklebten N\u00e4hte gew\u00e4hrleisten Wasserdichtigkeit und machen sie zu einer idealen Zwischenschicht bei wechselhaften Bedingungen. Die gerippten B\u00fcndchen und der Saum sorgen f\u00fcr einen perfekten Sitz, w\u00e4hrend die Rei\u00dfverschlusstaschen Praktikabilit\u00e4t und Sicherheit erh\u00f6hen. Dieses Produkt ist bluesign\u00ae-zertifiziert und aus recycelten Materialien hergestellt. <a>Klicken Sie hier, um die genaue Gr\u00f6\u00dfe zu \u00fcberpr\u00fcfen.<\/a><\/p>\n","protected":false},"excerpt":{"rendered":"<p>Musto Snug Blouson Jacke Gr\u00f6\u00dfe S &#8211; Navy Blau &#8211; Die Musto Snug Blouson Jacke ist eine technische Lifestyle-Jacke, die<\/p>\n","protected":false},"featured_media":5753221,"comment_status":"open","ping_status":"closed","template":"","meta":[],"product_brand":[3155],"product_cat":[1567],"product_tag":[],"class_list":{"0":"post-5755620","1":"product","2":"type-product","3":"status-publish","4":"has-post-thumbnail","6":"product_brand-musto-de","7":"product_cat-segelbekleidung-musto","9":"first","10":"instock","11":"shipping-taxable","12":"purchasable","13":"product-type-simple"},"_links":{"self":[{"href":"https:\/\/stoic-curie.212-227-153-4.plesk.page\/de\/wp-json\/wp\/v2\/product\/5755620","targetHints":{"allow":["GET"]}}],"collection":[{"href":"https:\/\/stoic-curie.212-227-153-4.plesk.page\/de\/wp-json\/wp\/v2\/product"}],"about":[{"href":"https:\/\/stoic-curie.212-227-153-4.plesk.page\/de\/wp-json\/wp\/v2\/types\/product"}],"replies":[{"embeddable":true,"href":"https:\/\/stoic-curie.212-227-153-4.plesk.page\/de\/wp-json\/wp\/v2\/comments?post=5755620"}],"version-history":[{"count":0,"href":"https:\/\/stoic-curie.212-227-153-4.plesk.page\/de\/wp-json\/wp\/v2\/product\/5755620\/revisions"}],"wp:featuredmedia":[{"embeddable":true,"href":"https:\/\/stoic-curie.212-227-153-4.plesk.page\/de\/wp-json\/wp\/v2\/media\/5753221"}],"wp:attachment":[{"href":"https:\/\/stoic-curie.212-227-153-4.plesk.page\/de\/wp-json\/wp\/v2\/media?parent=5755620"}],"wp:term":[{"taxonomy":"product_brand","embeddable":true,"href":"https:\/\/stoic-curie.212-227-153-4.plesk.page\/de\/wp-json\/wp\/v2\/product_brand?post=5755620"},{"taxonomy":"product_cat","embeddable":true,"href":"https:\/\/stoic-curie.212-227-153-4.plesk.page\/de\/wp-json\/wp\/v2\/product_cat?post=5755620"},{"taxonomy":"product_tag","embeddable":true,"href":"https:\/\/stoic-curie.212-227-153-4.plesk.page\/de\/wp-json\/wp\/v2\/product_tag?post=5755620"}],"curies":[{"name":"wp","href":"https:\/\/api.w.org\/{rel}","templated":true}]}}