{"id":5755622,"date":"2026-02-12T13:30:11","date_gmt":"2026-02-12T12:30:11","guid":{"rendered":"https:\/\/stoic-curie.212-227-153-4.plesk.page\/product\/musto-snug-blouson-jacke-groesse-l-marineblau\/"},"modified":"2026-02-24T23:35:45","modified_gmt":"2026-02-24T23:35:45","slug":"musto-snug-blouson-jacke-groesse-l-marineblau","status":"publish","type":"product","link":"https:\/\/stoic-curie.212-227-153-4.plesk.page\/de\/product\/musto-snug-blouson-jacke-groesse-l-marineblau\/","title":{"rendered":"Musto Snug Blouson Jacke Gr\u00f6\u00dfe L &#8211; Marineblau"},"content":{"rendered":"<p>Musto Snug Blouson Jacke Gr\u00f6\u00dfe L &#8211; Marineblau &#8211; <\/p>\n<p>Die Musto Snug Blouson Jacke ist eine technische Lifestylejacke aus Ocean Tech\u2122 Stoff, gef\u00fcttert mit warmem Polartec\u00ae Fleece f\u00fcr zus\u00e4tzlichen Komfort und Schutz an k\u00fchleren Tagen. Die versiegelten N\u00e4hte gew\u00e4hrleisten Wasserdichtigkeit, wodurch sie sich ideal als Mittelschicht bei wechselnden Wetterbedingungen eignet. Die gerippten B\u00fcndchen und der Saum sorgen f\u00fcr eine enganliegende Passform, w\u00e4hrend die seitlichen Rei\u00dfverschluss-Taschen Praktikabilit\u00e4t und Sicherheit bieten. Diese Jacke ist ein zertifiziertes bluesign\u00ae Produkt aus recycelten Materialien.<br \/>Klicken Sie hier, um die genaue Gr\u00f6\u00dfe zu \u00fcberpr\u00fcfen:<\/p>\n","protected":false},"excerpt":{"rendered":"<p>Musto Snug Blouson Jacke Gr\u00f6\u00dfe L &#8211; Marineblau &#8211; Die Musto Snug Blouson Jacke ist eine technische Lifestylejacke aus Ocean<\/p>\n","protected":false},"featured_media":5753221,"comment_status":"open","ping_status":"closed","template":"","meta":[],"product_brand":[3155],"product_cat":[1567],"product_tag":[],"class_list":{"0":"post-5755622","1":"product","2":"type-product","3":"status-publish","4":"has-post-thumbnail","6":"product_brand-musto-de","7":"product_cat-segelbekleidung-musto","9":"first","10":"instock","11":"shipping-taxable","12":"purchasable","13":"product-type-simple"},"_links":{"self":[{"href":"https:\/\/stoic-curie.212-227-153-4.plesk.page\/de\/wp-json\/wp\/v2\/product\/5755622","targetHints":{"allow":["GET"]}}],"collection":[{"href":"https:\/\/stoic-curie.212-227-153-4.plesk.page\/de\/wp-json\/wp\/v2\/product"}],"about":[{"href":"https:\/\/stoic-curie.212-227-153-4.plesk.page\/de\/wp-json\/wp\/v2\/types\/product"}],"replies":[{"embeddable":true,"href":"https:\/\/stoic-curie.212-227-153-4.plesk.page\/de\/wp-json\/wp\/v2\/comments?post=5755622"}],"version-history":[{"count":0,"href":"https:\/\/stoic-curie.212-227-153-4.plesk.page\/de\/wp-json\/wp\/v2\/product\/5755622\/revisions"}],"wp:featuredmedia":[{"embeddable":true,"href":"https:\/\/stoic-curie.212-227-153-4.plesk.page\/de\/wp-json\/wp\/v2\/media\/5753221"}],"wp:attachment":[{"href":"https:\/\/stoic-curie.212-227-153-4.plesk.page\/de\/wp-json\/wp\/v2\/media?parent=5755622"}],"wp:term":[{"taxonomy":"product_brand","embeddable":true,"href":"https:\/\/stoic-curie.212-227-153-4.plesk.page\/de\/wp-json\/wp\/v2\/product_brand?post=5755622"},{"taxonomy":"product_cat","embeddable":true,"href":"https:\/\/stoic-curie.212-227-153-4.plesk.page\/de\/wp-json\/wp\/v2\/product_cat?post=5755622"},{"taxonomy":"product_tag","embeddable":true,"href":"https:\/\/stoic-curie.212-227-153-4.plesk.page\/de\/wp-json\/wp\/v2\/product_tag?post=5755622"}],"curies":[{"name":"wp","href":"https:\/\/api.w.org\/{rel}","templated":true}]}}