{"id":5755624,"date":"2026-02-12T13:30:12","date_gmt":"2026-02-12T12:30:12","guid":{"rendered":"https:\/\/stoic-curie.212-227-153-4.plesk.page\/product\/musto-snug-blouson-jacke-groesse-2xl-farbe-blau-marine\/"},"modified":"2026-02-24T23:35:45","modified_gmt":"2026-02-24T23:35:45","slug":"musto-snug-blouson-jacke-groesse-2xl-farbe-blau-marine","status":"publish","type":"product","link":"https:\/\/stoic-curie.212-227-153-4.plesk.page\/de\/product\/musto-snug-blouson-jacke-groesse-2xl-farbe-blau-marine\/","title":{"rendered":"Musto Snug Blouson Jacke Gr\u00f6\u00dfe 2XL Farbe Blau Marine"},"content":{"rendered":"<p>Musto Snug Blouson Jacke Gr\u00f6\u00dfe 2XL Farbe Blau Marine &#8211; <\/p>\n<p>Die Musto Technical Lifestyle Jacke besteht aus Ocean Tech\u00e2\u0084\u00a2 Gewebe und ist mit warmer Polartec\u00c2\u00ae Fleece gef\u00fcttert, um Komfort und Schutz an k\u00fchleren Tagen zu bieten. Versiegelte N\u00e4hte sorgen f\u00fcr Wasserdichtigkeit, was sie perfekt als Zwischenschicht bei wechselhaften Bedingungen macht. Gerippte B\u00fcndchen und Saum sorgen f\u00fcr eine enge Passform, w\u00e4hrend die Rei\u00dfverschlusstaschen seitlich Praktikabilit\u00e4t und Sicherheit bieten. Dies ist ein zertifiziertes bluesign\u00c2\u00ae Produkt, das aus recycelten Materialien hergestellt wird. <a>Klicken Sie hier, um die genaue Gr\u00f6\u00dfe zu \u00fcberpr\u00fcfen.<\/a><\/p>\n","protected":false},"excerpt":{"rendered":"<p>Musto Snug Blouson Jacke Gr\u00f6\u00dfe 2XL Farbe Blau Marine &#8211; Die Musto Technical Lifestyle Jacke besteht aus Ocean Tech\u00e2\u0084\u00a2 Gewebe<\/p>\n","protected":false},"featured_media":5753221,"comment_status":"open","ping_status":"closed","template":"","meta":[],"product_brand":[3155],"product_cat":[1567],"product_tag":[],"class_list":{"0":"post-5755624","1":"product","2":"type-product","3":"status-publish","4":"has-post-thumbnail","6":"product_brand-musto-de","7":"product_cat-segelbekleidung-musto","9":"first","10":"instock","11":"shipping-taxable","12":"purchasable","13":"product-type-simple"},"_links":{"self":[{"href":"https:\/\/stoic-curie.212-227-153-4.plesk.page\/de\/wp-json\/wp\/v2\/product\/5755624","targetHints":{"allow":["GET"]}}],"collection":[{"href":"https:\/\/stoic-curie.212-227-153-4.plesk.page\/de\/wp-json\/wp\/v2\/product"}],"about":[{"href":"https:\/\/stoic-curie.212-227-153-4.plesk.page\/de\/wp-json\/wp\/v2\/types\/product"}],"replies":[{"embeddable":true,"href":"https:\/\/stoic-curie.212-227-153-4.plesk.page\/de\/wp-json\/wp\/v2\/comments?post=5755624"}],"version-history":[{"count":0,"href":"https:\/\/stoic-curie.212-227-153-4.plesk.page\/de\/wp-json\/wp\/v2\/product\/5755624\/revisions"}],"wp:featuredmedia":[{"embeddable":true,"href":"https:\/\/stoic-curie.212-227-153-4.plesk.page\/de\/wp-json\/wp\/v2\/media\/5753221"}],"wp:attachment":[{"href":"https:\/\/stoic-curie.212-227-153-4.plesk.page\/de\/wp-json\/wp\/v2\/media?parent=5755624"}],"wp:term":[{"taxonomy":"product_brand","embeddable":true,"href":"https:\/\/stoic-curie.212-227-153-4.plesk.page\/de\/wp-json\/wp\/v2\/product_brand?post=5755624"},{"taxonomy":"product_cat","embeddable":true,"href":"https:\/\/stoic-curie.212-227-153-4.plesk.page\/de\/wp-json\/wp\/v2\/product_cat?post=5755624"},{"taxonomy":"product_tag","embeddable":true,"href":"https:\/\/stoic-curie.212-227-153-4.plesk.page\/de\/wp-json\/wp\/v2\/product_tag?post=5755624"}],"curies":[{"name":"wp","href":"https:\/\/api.w.org\/{rel}","templated":true}]}}