{"id":5755626,"date":"2026-02-12T13:30:14","date_gmt":"2026-02-12T12:30:14","guid":{"rendered":"https:\/\/stoic-curie.212-227-153-4.plesk.page\/product\/musto-snug-blousonjacke-groesse-m-farbe-platinum\/"},"modified":"2026-02-24T23:35:45","modified_gmt":"2026-02-24T23:35:45","slug":"musto-snug-blousonjacke-groesse-m-farbe-platinum","status":"publish","type":"product","link":"https:\/\/stoic-curie.212-227-153-4.plesk.page\/de\/product\/musto-snug-blousonjacke-groesse-m-farbe-platinum\/","title":{"rendered":"Musto Snug Blousonjacke &#8211; Gr\u00f6\u00dfe M &#8211; Farbe Platinum"},"content":{"rendered":"<p>Musto Snug Blousonjacke &#8211; Gr\u00f6\u00dfe M &#8211; Farbe Platinum &#8211; <\/p>\n<p>Die Musto Snug Blousonjacke ist eine technische Lifestyle-Jacke, die aus Ocean Tech\u2122-Stoff hergestellt wird und mit einem warmen Polartec\u00ae-Fleece gef\u00fcttert ist, um an k\u00fchleren Tagen Komfort und Schutz zu bieten. Mit nahtversiegelten N\u00e4hten sorgt sie f\u00fcr Wasserdichtigkeit und eignet sich ideal als Midlayer bei wechselnden Wetterbedingungen. Die gerippten B\u00fcndchen und der Saum sorgen f\u00fcr eine enge Passform, w\u00e4hrend die seitlichen Rei\u00dfverschlusstaschen Praktikabilit\u00e4t und Sicherheit bieten. Dies ist ein zertifiziertes bluesign\u00ae-Produkt, das aus recycelten Materialien hergestellt wird. Klicken Sie hier, um die genaue Gr\u00f6\u00dfe zu \u00fcberpr\u00fcfen:<\/p>\n","protected":false},"excerpt":{"rendered":"<p>Musto Snug Blousonjacke &#8211; Gr\u00f6\u00dfe M &#8211; Farbe Platinum &#8211; Die Musto Snug Blousonjacke ist eine technische Lifestyle-Jacke, die aus<\/p>\n","protected":false},"featured_media":5753221,"comment_status":"open","ping_status":"closed","template":"","meta":[],"product_brand":[3155],"product_cat":[1567],"product_tag":[],"class_list":{"0":"post-5755626","1":"product","2":"type-product","3":"status-publish","4":"has-post-thumbnail","6":"product_brand-musto-de","7":"product_cat-segelbekleidung-musto","9":"first","10":"instock","11":"shipping-taxable","12":"purchasable","13":"product-type-simple"},"_links":{"self":[{"href":"https:\/\/stoic-curie.212-227-153-4.plesk.page\/de\/wp-json\/wp\/v2\/product\/5755626","targetHints":{"allow":["GET"]}}],"collection":[{"href":"https:\/\/stoic-curie.212-227-153-4.plesk.page\/de\/wp-json\/wp\/v2\/product"}],"about":[{"href":"https:\/\/stoic-curie.212-227-153-4.plesk.page\/de\/wp-json\/wp\/v2\/types\/product"}],"replies":[{"embeddable":true,"href":"https:\/\/stoic-curie.212-227-153-4.plesk.page\/de\/wp-json\/wp\/v2\/comments?post=5755626"}],"version-history":[{"count":0,"href":"https:\/\/stoic-curie.212-227-153-4.plesk.page\/de\/wp-json\/wp\/v2\/product\/5755626\/revisions"}],"wp:featuredmedia":[{"embeddable":true,"href":"https:\/\/stoic-curie.212-227-153-4.plesk.page\/de\/wp-json\/wp\/v2\/media\/5753221"}],"wp:attachment":[{"href":"https:\/\/stoic-curie.212-227-153-4.plesk.page\/de\/wp-json\/wp\/v2\/media?parent=5755626"}],"wp:term":[{"taxonomy":"product_brand","embeddable":true,"href":"https:\/\/stoic-curie.212-227-153-4.plesk.page\/de\/wp-json\/wp\/v2\/product_brand?post=5755626"},{"taxonomy":"product_cat","embeddable":true,"href":"https:\/\/stoic-curie.212-227-153-4.plesk.page\/de\/wp-json\/wp\/v2\/product_cat?post=5755626"},{"taxonomy":"product_tag","embeddable":true,"href":"https:\/\/stoic-curie.212-227-153-4.plesk.page\/de\/wp-json\/wp\/v2\/product_tag?post=5755626"}],"curies":[{"name":"wp","href":"https:\/\/api.w.org\/{rel}","templated":true}]}}