{"id":5755629,"date":"2026-02-12T13:30:16","date_gmt":"2026-02-12T12:30:16","guid":{"rendered":"https:\/\/stoic-curie.212-227-153-4.plesk.page\/product\/musto-snug-blousonjacke-groesse-2xl-farbe-platinum\/"},"modified":"2026-02-24T23:35:45","modified_gmt":"2026-02-24T23:35:45","slug":"musto-snug-blousonjacke-groesse-2xl-farbe-platinum","status":"publish","type":"product","link":"https:\/\/stoic-curie.212-227-153-4.plesk.page\/de\/product\/musto-snug-blousonjacke-groesse-2xl-farbe-platinum\/","title":{"rendered":"Musto Snug Blousonjacke Gr\u00f6\u00dfe 2XL Farbe Platinum"},"content":{"rendered":"<p>Musto Snug Blousonjacke Gr\u00f6\u00dfe 2XL Farbe Platinum &#8211; <\/p>\n<p>Die technische Lifestyle-Jacke von Musto besteht aus Ocean Tech\u2122-Stoff und ist mit warmem Polartec\u00ae-Fleece gef\u00fcttert, um Komfort und Schutz an k\u00fchleren Tagen zu bieten. Die versiegelten N\u00e4hte gew\u00e4hrleisten Wasserdichtigkeit, was sie ideal als Mittelschicht bei wechselhaften Bedingungen macht. Ribbed \u00c4rmelb\u00fcndchen und Saum sorgen f\u00fcr eine enganliegende Passform, w\u00e4hrend die mit Rei\u00dfverschluss versehenen Seitentaschen praktische M\u00f6glichkeiten und Sicherheit bieten. Dieses Produkt ist nach bluesign\u00ae zertifiziert und besteht aus recycelten Materialien.<\/p>\n<p>Klicken Sie hier, um die genaue Gr\u00f6\u00dfe zu \u00fcberpr\u00fcfen:<\/p>\n","protected":false},"excerpt":{"rendered":"<p>Musto Snug Blousonjacke Gr\u00f6\u00dfe 2XL Farbe Platinum &#8211; Die technische Lifestyle-Jacke von Musto besteht aus Ocean Tech\u2122-Stoff und ist mit<\/p>\n","protected":false},"featured_media":5753221,"comment_status":"open","ping_status":"closed","template":"","meta":[],"product_brand":[3155],"product_cat":[1567],"product_tag":[],"class_list":{"0":"post-5755629","1":"product","2":"type-product","3":"status-publish","4":"has-post-thumbnail","6":"product_brand-musto-de","7":"product_cat-segelbekleidung-musto","9":"first","10":"instock","11":"shipping-taxable","12":"purchasable","13":"product-type-simple"},"_links":{"self":[{"href":"https:\/\/stoic-curie.212-227-153-4.plesk.page\/de\/wp-json\/wp\/v2\/product\/5755629","targetHints":{"allow":["GET"]}}],"collection":[{"href":"https:\/\/stoic-curie.212-227-153-4.plesk.page\/de\/wp-json\/wp\/v2\/product"}],"about":[{"href":"https:\/\/stoic-curie.212-227-153-4.plesk.page\/de\/wp-json\/wp\/v2\/types\/product"}],"replies":[{"embeddable":true,"href":"https:\/\/stoic-curie.212-227-153-4.plesk.page\/de\/wp-json\/wp\/v2\/comments?post=5755629"}],"version-history":[{"count":0,"href":"https:\/\/stoic-curie.212-227-153-4.plesk.page\/de\/wp-json\/wp\/v2\/product\/5755629\/revisions"}],"wp:featuredmedia":[{"embeddable":true,"href":"https:\/\/stoic-curie.212-227-153-4.plesk.page\/de\/wp-json\/wp\/v2\/media\/5753221"}],"wp:attachment":[{"href":"https:\/\/stoic-curie.212-227-153-4.plesk.page\/de\/wp-json\/wp\/v2\/media?parent=5755629"}],"wp:term":[{"taxonomy":"product_brand","embeddable":true,"href":"https:\/\/stoic-curie.212-227-153-4.plesk.page\/de\/wp-json\/wp\/v2\/product_brand?post=5755629"},{"taxonomy":"product_cat","embeddable":true,"href":"https:\/\/stoic-curie.212-227-153-4.plesk.page\/de\/wp-json\/wp\/v2\/product_cat?post=5755629"},{"taxonomy":"product_tag","embeddable":true,"href":"https:\/\/stoic-curie.212-227-153-4.plesk.page\/de\/wp-json\/wp\/v2\/product_tag?post=5755629"}],"curies":[{"name":"wp","href":"https:\/\/api.w.org\/{rel}","templated":true}]}}