{"id":5755641,"date":"2026-02-12T13:30:25","date_gmt":"2026-02-12T12:30:25","guid":{"rendered":"https:\/\/stoic-curie.212-227-153-4.plesk.page\/product\/musto-crew-sonnenschutz-t-shirt-fuer-frauen-groesse-m-farbe-weiss\/"},"modified":"2026-02-24T23:35:45","modified_gmt":"2026-02-24T23:35:45","slug":"musto-crew-sonnenschutz-t-shirt-fuer-frauen-groesse-m-farbe-weiss","status":"publish","type":"product","link":"https:\/\/stoic-curie.212-227-153-4.plesk.page\/de\/product\/musto-crew-sonnenschutz-t-shirt-fuer-frauen-groesse-m-farbe-weiss\/","title":{"rendered":"Musto Crew Sonnenschutz-T-Shirt f\u00fcr Frauen &#8211; Gr\u00f6\u00dfe M &#8211; Farbe Wei\u00df"},"content":{"rendered":"<p>Musto Crew Sonnenschutz-T-Shirt f\u00fcr Frauen &#8211; Gr\u00f6\u00dfe M &#8211; Farbe Wei\u00df &#8211; <\/p>\n<p>Das Musto Crew Sonnenschutz-T-Shirt verf\u00fcgt \u00fcber eine bemerkenswerte Struktur aus UPF50-Polyester und Elasthan, die maximalen Schutz bei starker Sonneneinstrahlung bietet. Die flachgen\u00e4hten N\u00e4hte sind kaum auf der Haut sp\u00fcrbar und sorgen f\u00fcr Komfort. Klicken Sie hier, um die genaue Gr\u00f6\u00dfe zu \u00fcberpr\u00fcfen:<\/p>\n","protected":false},"excerpt":{"rendered":"<p>Musto Crew Sonnenschutz-T-Shirt f\u00fcr Frauen &#8211; Gr\u00f6\u00dfe M &#8211; Farbe Wei\u00df &#8211; Das Musto Crew Sonnenschutz-T-Shirt verf\u00fcgt \u00fcber eine bemerkenswerte<\/p>\n","protected":false},"featured_media":5753353,"comment_status":"open","ping_status":"closed","template":"","meta":[],"product_brand":[3155],"product_cat":[1567],"product_tag":[],"class_list":{"0":"post-5755641","1":"product","2":"type-product","3":"status-publish","4":"has-post-thumbnail","6":"product_brand-musto-de","7":"product_cat-segelbekleidung-musto","9":"first","10":"instock","11":"shipping-taxable","12":"purchasable","13":"product-type-simple"},"_links":{"self":[{"href":"https:\/\/stoic-curie.212-227-153-4.plesk.page\/de\/wp-json\/wp\/v2\/product\/5755641","targetHints":{"allow":["GET"]}}],"collection":[{"href":"https:\/\/stoic-curie.212-227-153-4.plesk.page\/de\/wp-json\/wp\/v2\/product"}],"about":[{"href":"https:\/\/stoic-curie.212-227-153-4.plesk.page\/de\/wp-json\/wp\/v2\/types\/product"}],"replies":[{"embeddable":true,"href":"https:\/\/stoic-curie.212-227-153-4.plesk.page\/de\/wp-json\/wp\/v2\/comments?post=5755641"}],"version-history":[{"count":0,"href":"https:\/\/stoic-curie.212-227-153-4.plesk.page\/de\/wp-json\/wp\/v2\/product\/5755641\/revisions"}],"wp:featuredmedia":[{"embeddable":true,"href":"https:\/\/stoic-curie.212-227-153-4.plesk.page\/de\/wp-json\/wp\/v2\/media\/5753353"}],"wp:attachment":[{"href":"https:\/\/stoic-curie.212-227-153-4.plesk.page\/de\/wp-json\/wp\/v2\/media?parent=5755641"}],"wp:term":[{"taxonomy":"product_brand","embeddable":true,"href":"https:\/\/stoic-curie.212-227-153-4.plesk.page\/de\/wp-json\/wp\/v2\/product_brand?post=5755641"},{"taxonomy":"product_cat","embeddable":true,"href":"https:\/\/stoic-curie.212-227-153-4.plesk.page\/de\/wp-json\/wp\/v2\/product_cat?post=5755641"},{"taxonomy":"product_tag","embeddable":true,"href":"https:\/\/stoic-curie.212-227-153-4.plesk.page\/de\/wp-json\/wp\/v2\/product_tag?post=5755641"}],"curies":[{"name":"wp","href":"https:\/\/api.w.org\/{rel}","templated":true}]}}