{"id":5755643,"date":"2026-02-12T13:30:26","date_gmt":"2026-02-12T12:30:26","guid":{"rendered":"https:\/\/stoic-curie.212-227-153-4.plesk.page\/product\/musto-crew-sunblock-t-shirt-damen-groesse-xs-farbe-marineblau\/"},"modified":"2026-02-24T23:35:45","modified_gmt":"2026-02-24T23:35:45","slug":"musto-crew-sunblock-t-shirt-damen-groesse-xs-farbe-marineblau","status":"publish","type":"product","link":"https:\/\/stoic-curie.212-227-153-4.plesk.page\/de\/product\/musto-crew-sunblock-t-shirt-damen-groesse-xs-farbe-marineblau\/","title":{"rendered":"Musto Crew Sunblock T-Shirt Damen Gr\u00f6\u00dfe XS Farbe Marineblau"},"content":{"rendered":"<p>Musto Crew Sunblock T-Shirt Damen Gr\u00f6\u00dfe XS Farbe Marineblau &#8211; <\/p>\n<p>Die Musto Crew Sunblock T-Shirt besteht aus UPF50 Polyester und Elastan und bietet au\u00dfergew\u00f6hnlichen Schutz vor sch\u00e4dlicher Sonnenstrahlung. Die flach gen\u00e4hten N\u00e4hte sind sanft zur Haut und sorgen f\u00fcr zus\u00e4tzlichen Komfort. <a>Klicken Sie hier, um die genaue Gr\u00f6\u00dfe zu \u00fcberpr\u00fcfen.<\/a><\/p>\n","protected":false},"excerpt":{"rendered":"<p>Musto Crew Sunblock T-Shirt Damen Gr\u00f6\u00dfe XS Farbe Marineblau &#8211; Die Musto Crew Sunblock T-Shirt besteht aus UPF50 Polyester und<\/p>\n","protected":false},"featured_media":5753353,"comment_status":"open","ping_status":"closed","template":"","meta":[],"product_brand":[3155],"product_cat":[1567],"product_tag":[],"class_list":{"0":"post-5755643","1":"product","2":"type-product","3":"status-publish","4":"has-post-thumbnail","6":"product_brand-musto-de","7":"product_cat-segelbekleidung-musto","9":"first","10":"instock","11":"shipping-taxable","12":"purchasable","13":"product-type-simple"},"_links":{"self":[{"href":"https:\/\/stoic-curie.212-227-153-4.plesk.page\/de\/wp-json\/wp\/v2\/product\/5755643","targetHints":{"allow":["GET"]}}],"collection":[{"href":"https:\/\/stoic-curie.212-227-153-4.plesk.page\/de\/wp-json\/wp\/v2\/product"}],"about":[{"href":"https:\/\/stoic-curie.212-227-153-4.plesk.page\/de\/wp-json\/wp\/v2\/types\/product"}],"replies":[{"embeddable":true,"href":"https:\/\/stoic-curie.212-227-153-4.plesk.page\/de\/wp-json\/wp\/v2\/comments?post=5755643"}],"version-history":[{"count":0,"href":"https:\/\/stoic-curie.212-227-153-4.plesk.page\/de\/wp-json\/wp\/v2\/product\/5755643\/revisions"}],"wp:featuredmedia":[{"embeddable":true,"href":"https:\/\/stoic-curie.212-227-153-4.plesk.page\/de\/wp-json\/wp\/v2\/media\/5753353"}],"wp:attachment":[{"href":"https:\/\/stoic-curie.212-227-153-4.plesk.page\/de\/wp-json\/wp\/v2\/media?parent=5755643"}],"wp:term":[{"taxonomy":"product_brand","embeddable":true,"href":"https:\/\/stoic-curie.212-227-153-4.plesk.page\/de\/wp-json\/wp\/v2\/product_brand?post=5755643"},{"taxonomy":"product_cat","embeddable":true,"href":"https:\/\/stoic-curie.212-227-153-4.plesk.page\/de\/wp-json\/wp\/v2\/product_cat?post=5755643"},{"taxonomy":"product_tag","embeddable":true,"href":"https:\/\/stoic-curie.212-227-153-4.plesk.page\/de\/wp-json\/wp\/v2\/product_tag?post=5755643"}],"curies":[{"name":"wp","href":"https:\/\/api.w.org\/{rel}","templated":true}]}}