{"id":5755672,"date":"2026-02-12T13:30:49","date_gmt":"2026-02-12T12:30:49","guid":{"rendered":"https:\/\/stoic-curie.212-227-153-4.plesk.page\/product\/musto-evo-performance-stretch-shorts-groesse-48-32-navy-blau\/"},"modified":"2026-02-24T23:35:45","modified_gmt":"2026-02-24T23:35:45","slug":"musto-evo-performance-stretch-shorts-groesse-48-32-navy-blau","status":"publish","type":"product","link":"https:\/\/stoic-curie.212-227-153-4.plesk.page\/de\/product\/musto-evo-performance-stretch-shorts-groesse-48-32-navy-blau\/","title":{"rendered":"Musto Evo Performance Stretch Shorts Gr\u00f6\u00dfe 48 (32) &#8211; Navy Blau"},"content":{"rendered":"<p>Musto Evo Performance Stretch Shorts Gr\u00f6\u00dfe 48 (32) &#8211; Navy Blau &#8211; <\/p>\n<p>Die Musto Evo Performance Stretch Segelshorts bestehen aus leichtem, schnell trocknendem Stretchmaterial, das volle Bewegungsfreiheit und au\u00dfergew\u00f6hnlichen Komfort bietet. Diese Shorts verf\u00fcgen \u00fcber eine verst\u00e4rkte Ges\u00e4\u00dfpartie, einen verstellbaren Bund, einen Rei\u00dfverschluss mit Knopfverschluss, zwei Seitentaschen und eine Vordertasche mit wasserabweisendem Rei\u00dfverschluss. Zudem gibt es eine Telefonhalterung in der Tasche und ein reflektierendes Logo f\u00fcr Sicherheit. Genie\u00dfen Sie Schutz vor UV-Strahlen mit UPF50.<\/p>\n<p> Klicken Sie hier, um die genaue Gr\u00f6\u00dfe zu \u00fcberpr\u00fcfen:<\/p>\n","protected":false},"excerpt":{"rendered":"<p>Musto Evo Performance Stretch Shorts Gr\u00f6\u00dfe 48 (32) &#8211; Navy Blau &#8211; Die Musto Evo Performance Stretch Segelshorts bestehen aus<\/p>\n","protected":false},"featured_media":5753575,"comment_status":"open","ping_status":"closed","template":"","meta":[],"product_brand":[3155],"product_cat":[1567],"product_tag":[],"class_list":{"0":"post-5755672","1":"product","2":"type-product","3":"status-publish","4":"has-post-thumbnail","6":"product_brand-musto-de","7":"product_cat-segelbekleidung-musto","9":"first","10":"instock","11":"shipping-taxable","12":"purchasable","13":"product-type-simple"},"_links":{"self":[{"href":"https:\/\/stoic-curie.212-227-153-4.plesk.page\/de\/wp-json\/wp\/v2\/product\/5755672","targetHints":{"allow":["GET"]}}],"collection":[{"href":"https:\/\/stoic-curie.212-227-153-4.plesk.page\/de\/wp-json\/wp\/v2\/product"}],"about":[{"href":"https:\/\/stoic-curie.212-227-153-4.plesk.page\/de\/wp-json\/wp\/v2\/types\/product"}],"replies":[{"embeddable":true,"href":"https:\/\/stoic-curie.212-227-153-4.plesk.page\/de\/wp-json\/wp\/v2\/comments?post=5755672"}],"version-history":[{"count":0,"href":"https:\/\/stoic-curie.212-227-153-4.plesk.page\/de\/wp-json\/wp\/v2\/product\/5755672\/revisions"}],"wp:featuredmedia":[{"embeddable":true,"href":"https:\/\/stoic-curie.212-227-153-4.plesk.page\/de\/wp-json\/wp\/v2\/media\/5753575"}],"wp:attachment":[{"href":"https:\/\/stoic-curie.212-227-153-4.plesk.page\/de\/wp-json\/wp\/v2\/media?parent=5755672"}],"wp:term":[{"taxonomy":"product_brand","embeddable":true,"href":"https:\/\/stoic-curie.212-227-153-4.plesk.page\/de\/wp-json\/wp\/v2\/product_brand?post=5755672"},{"taxonomy":"product_cat","embeddable":true,"href":"https:\/\/stoic-curie.212-227-153-4.plesk.page\/de\/wp-json\/wp\/v2\/product_cat?post=5755672"},{"taxonomy":"product_tag","embeddable":true,"href":"https:\/\/stoic-curie.212-227-153-4.plesk.page\/de\/wp-json\/wp\/v2\/product_tag?post=5755672"}],"curies":[{"name":"wp","href":"https:\/\/api.w.org\/{rel}","templated":true}]}}