{"id":5755680,"date":"2026-02-12T13:30:55","date_gmt":"2026-02-12T12:30:55","guid":{"rendered":"https:\/\/stoic-curie.212-227-153-4.plesk.page\/product\/musto-evo-performance-stretch-shorts-groesse-52-36-platinum\/"},"modified":"2026-02-24T23:35:45","modified_gmt":"2026-02-24T23:35:45","slug":"musto-evo-performance-stretch-shorts-groesse-52-36-platinum","status":"publish","type":"product","link":"https:\/\/stoic-curie.212-227-153-4.plesk.page\/de\/product\/musto-evo-performance-stretch-shorts-groesse-52-36-platinum\/","title":{"rendered":"Musto Evo Performance Stretch Shorts Gr\u00f6\u00dfe 52 (36) &#8211; Platinum"},"content":{"rendered":"<p>Musto Evo Performance Stretch Shorts Gr\u00f6\u00dfe 52 (36) &#8211; Platinum &#8211; <\/p>\n<p>Die Musto Evo Performance Stretch Segelhosen sind aus leichtem, schnell trocknendem Stretchmaterial gefertigt und bieten au\u00dfergew\u00f6hnliche Bewegungsfreiheit und Komfort. Zu den Funktionen geh\u00f6ren verst\u00e4rkter Sitz, verstellbarer Bund, Rei\u00dfverschluss mit Knopfverschluss, zwei Seitentaschen und eine Vorderseite mit wasserabweisendem Rei\u00dfverschluss. Die Innentasche verf\u00fcgt \u00fcber einen Handyhalter, und die Shorts haben ein reflektierendes Logo. Sie bieten UV-Schutz mit UPF 50.<\/p>\n<p>Klicken Sie hier, um die genaue Gr\u00f6\u00dfe zu \u00fcberpr\u00fcfen:<\/p>\n","protected":false},"excerpt":{"rendered":"<p>Musto Evo Performance Stretch Shorts Gr\u00f6\u00dfe 52 (36) &#8211; Platinum &#8211; Die Musto Evo Performance Stretch Segelhosen sind aus leichtem,<\/p>\n","protected":false},"featured_media":5753575,"comment_status":"open","ping_status":"closed","template":"","meta":[],"product_brand":[3155],"product_cat":[1567],"product_tag":[],"class_list":{"0":"post-5755680","1":"product","2":"type-product","3":"status-publish","4":"has-post-thumbnail","6":"product_brand-musto-de","7":"product_cat-segelbekleidung-musto","9":"first","10":"instock","11":"shipping-taxable","12":"purchasable","13":"product-type-simple"},"_links":{"self":[{"href":"https:\/\/stoic-curie.212-227-153-4.plesk.page\/de\/wp-json\/wp\/v2\/product\/5755680","targetHints":{"allow":["GET"]}}],"collection":[{"href":"https:\/\/stoic-curie.212-227-153-4.plesk.page\/de\/wp-json\/wp\/v2\/product"}],"about":[{"href":"https:\/\/stoic-curie.212-227-153-4.plesk.page\/de\/wp-json\/wp\/v2\/types\/product"}],"replies":[{"embeddable":true,"href":"https:\/\/stoic-curie.212-227-153-4.plesk.page\/de\/wp-json\/wp\/v2\/comments?post=5755680"}],"version-history":[{"count":0,"href":"https:\/\/stoic-curie.212-227-153-4.plesk.page\/de\/wp-json\/wp\/v2\/product\/5755680\/revisions"}],"wp:featuredmedia":[{"embeddable":true,"href":"https:\/\/stoic-curie.212-227-153-4.plesk.page\/de\/wp-json\/wp\/v2\/media\/5753575"}],"wp:attachment":[{"href":"https:\/\/stoic-curie.212-227-153-4.plesk.page\/de\/wp-json\/wp\/v2\/media?parent=5755680"}],"wp:term":[{"taxonomy":"product_brand","embeddable":true,"href":"https:\/\/stoic-curie.212-227-153-4.plesk.page\/de\/wp-json\/wp\/v2\/product_brand?post=5755680"},{"taxonomy":"product_cat","embeddable":true,"href":"https:\/\/stoic-curie.212-227-153-4.plesk.page\/de\/wp-json\/wp\/v2\/product_cat?post=5755680"},{"taxonomy":"product_tag","embeddable":true,"href":"https:\/\/stoic-curie.212-227-153-4.plesk.page\/de\/wp-json\/wp\/v2\/product_tag?post=5755680"}],"curies":[{"name":"wp","href":"https:\/\/api.w.org\/{rel}","templated":true}]}}