{"id":5755683,"date":"2026-02-12T13:30:58","date_gmt":"2026-02-12T12:30:58","guid":{"rendered":"https:\/\/stoic-curie.212-227-153-4.plesk.page\/product\/musto-evo-performance-stretch-shorts-groesse-46-30-schwarz\/"},"modified":"2026-02-24T23:35:45","modified_gmt":"2026-02-24T23:35:45","slug":"musto-evo-performance-stretch-shorts-groesse-46-30-schwarz","status":"publish","type":"product","link":"https:\/\/stoic-curie.212-227-153-4.plesk.page\/de\/product\/musto-evo-performance-stretch-shorts-groesse-46-30-schwarz\/","title":{"rendered":"Musto Evo Performance Stretch Shorts Gr\u00f6\u00dfe 46 (30) &#8211; Schwarz"},"content":{"rendered":"<p>Musto Evo Performance Stretch Shorts Gr\u00f6\u00dfe 46 (30) &#8211; Schwarz &#8211; <\/p>\n<p>Die Musto Evo Performance Stretch Segelshorts sind f\u00fcr Komfort und Bewegungsfreiheit konzipiert. Aus leichtem, schnell trocknendem Stretchmaterial gefertigt, verf\u00fcgen diese Shorts \u00fcber eine Verst\u00e4rkung im Ges\u00e4\u00dfbereich, einen verstellbaren Bund, einen Rei\u00dfverschluss mit Knopfverschluss, zwei Seitentaschen und eine Vordertasche mit wasserabweisendem Rei\u00dfverschluss. Au\u00dferdem gibt es eine Telefonhalterung in der Innentasche und ein reflektierendes Logo f\u00fcr erh\u00f6hte Sichtbarkeit. Diese Shorts bieten UV-Schutz mit einer UPF50-Bewertung.<br \/>Klicken Sie hier, um die genaue Gr\u00f6\u00dfe zu \u00fcberpr\u00fcfen:<\/p>\n","protected":false},"excerpt":{"rendered":"<p>Musto Evo Performance Stretch Shorts Gr\u00f6\u00dfe 46 (30) &#8211; Schwarz &#8211; Die Musto Evo Performance Stretch Segelshorts sind f\u00fcr Komfort<\/p>\n","protected":false},"featured_media":5753575,"comment_status":"open","ping_status":"closed","template":"","meta":[],"product_brand":[3155],"product_cat":[1567],"product_tag":[],"class_list":{"0":"post-5755683","1":"product","2":"type-product","3":"status-publish","4":"has-post-thumbnail","6":"product_brand-musto-de","7":"product_cat-segelbekleidung-musto","9":"first","10":"instock","11":"shipping-taxable","12":"purchasable","13":"product-type-simple"},"_links":{"self":[{"href":"https:\/\/stoic-curie.212-227-153-4.plesk.page\/de\/wp-json\/wp\/v2\/product\/5755683","targetHints":{"allow":["GET"]}}],"collection":[{"href":"https:\/\/stoic-curie.212-227-153-4.plesk.page\/de\/wp-json\/wp\/v2\/product"}],"about":[{"href":"https:\/\/stoic-curie.212-227-153-4.plesk.page\/de\/wp-json\/wp\/v2\/types\/product"}],"replies":[{"embeddable":true,"href":"https:\/\/stoic-curie.212-227-153-4.plesk.page\/de\/wp-json\/wp\/v2\/comments?post=5755683"}],"version-history":[{"count":0,"href":"https:\/\/stoic-curie.212-227-153-4.plesk.page\/de\/wp-json\/wp\/v2\/product\/5755683\/revisions"}],"wp:featuredmedia":[{"embeddable":true,"href":"https:\/\/stoic-curie.212-227-153-4.plesk.page\/de\/wp-json\/wp\/v2\/media\/5753575"}],"wp:attachment":[{"href":"https:\/\/stoic-curie.212-227-153-4.plesk.page\/de\/wp-json\/wp\/v2\/media?parent=5755683"}],"wp:term":[{"taxonomy":"product_brand","embeddable":true,"href":"https:\/\/stoic-curie.212-227-153-4.plesk.page\/de\/wp-json\/wp\/v2\/product_brand?post=5755683"},{"taxonomy":"product_cat","embeddable":true,"href":"https:\/\/stoic-curie.212-227-153-4.plesk.page\/de\/wp-json\/wp\/v2\/product_cat?post=5755683"},{"taxonomy":"product_tag","embeddable":true,"href":"https:\/\/stoic-curie.212-227-153-4.plesk.page\/de\/wp-json\/wp\/v2\/product_tag?post=5755683"}],"curies":[{"name":"wp","href":"https:\/\/api.w.org\/{rel}","templated":true}]}}