{"id":5755693,"date":"2026-02-12T13:31:04","date_gmt":"2026-02-12T12:31:04","guid":{"rendered":"https:\/\/stoic-curie.212-227-153-4.plesk.page\/product\/musto-evo-deck-shorts-groesse-54-38-marineblau\/"},"modified":"2026-02-24T23:35:53","modified_gmt":"2026-02-24T23:35:53","slug":"musto-evo-deck-shorts-groesse-54-38-marineblau","status":"publish","type":"product","link":"https:\/\/stoic-curie.212-227-153-4.plesk.page\/de\/product\/musto-evo-deck-shorts-groesse-54-38-marineblau\/","title":{"rendered":"Musto Evo Deck Shorts Gr\u00f6\u00dfe 54 (38) &#8211; Marineblau"},"content":{"rendered":"<p>Musto Evo Deck Shorts Gr\u00f6\u00dfe 54 (38) &#8211; Marineblau &#8211; <\/p>\n<p>Die Musto Evo Deck Shorts bestehen aus einem leichten, schnell trocknenden und strapazierf\u00e4higen 2-Wege-Stretchstoff, der hervorragende Bewegungsfreiheit und Komfort bietet. Sie verf\u00fcgen \u00fcber einen Rei\u00dfverschluss mit Knopfverschluss, G\u00fcrtelschlaufen, ein reflektierendes Logo, Handtaschen, eine Ges\u00e4\u00dftasche und eine Rei\u00dfverschlusstasche vorne. Diese Shorts bieten UV-Schutz mit einer UPF-Bewertung von 50.<\/p>\n","protected":false},"excerpt":{"rendered":"<p>Musto Evo Deck Shorts Gr\u00f6\u00dfe 54 (38) &#8211; Marineblau &#8211; Die Musto Evo Deck Shorts bestehen aus einem leichten, schnell<\/p>\n","protected":false},"featured_media":5753719,"comment_status":"open","ping_status":"closed","template":"","meta":[],"product_brand":[3155],"product_cat":[1567],"product_tag":[],"class_list":{"0":"post-5755693","1":"product","2":"type-product","3":"status-publish","4":"has-post-thumbnail","6":"product_brand-musto-de","7":"product_cat-segelbekleidung-musto","9":"first","10":"instock","11":"shipping-taxable","12":"purchasable","13":"product-type-simple"},"_links":{"self":[{"href":"https:\/\/stoic-curie.212-227-153-4.plesk.page\/de\/wp-json\/wp\/v2\/product\/5755693","targetHints":{"allow":["GET"]}}],"collection":[{"href":"https:\/\/stoic-curie.212-227-153-4.plesk.page\/de\/wp-json\/wp\/v2\/product"}],"about":[{"href":"https:\/\/stoic-curie.212-227-153-4.plesk.page\/de\/wp-json\/wp\/v2\/types\/product"}],"replies":[{"embeddable":true,"href":"https:\/\/stoic-curie.212-227-153-4.plesk.page\/de\/wp-json\/wp\/v2\/comments?post=5755693"}],"version-history":[{"count":0,"href":"https:\/\/stoic-curie.212-227-153-4.plesk.page\/de\/wp-json\/wp\/v2\/product\/5755693\/revisions"}],"wp:featuredmedia":[{"embeddable":true,"href":"https:\/\/stoic-curie.212-227-153-4.plesk.page\/de\/wp-json\/wp\/v2\/media\/5753719"}],"wp:attachment":[{"href":"https:\/\/stoic-curie.212-227-153-4.plesk.page\/de\/wp-json\/wp\/v2\/media?parent=5755693"}],"wp:term":[{"taxonomy":"product_brand","embeddable":true,"href":"https:\/\/stoic-curie.212-227-153-4.plesk.page\/de\/wp-json\/wp\/v2\/product_brand?post=5755693"},{"taxonomy":"product_cat","embeddable":true,"href":"https:\/\/stoic-curie.212-227-153-4.plesk.page\/de\/wp-json\/wp\/v2\/product_cat?post=5755693"},{"taxonomy":"product_tag","embeddable":true,"href":"https:\/\/stoic-curie.212-227-153-4.plesk.page\/de\/wp-json\/wp\/v2\/product_tag?post=5755693"}],"curies":[{"name":"wp","href":"https:\/\/api.w.org\/{rel}","templated":true}]}}