{"id":5755703,"date":"2026-02-12T13:31:11","date_gmt":"2026-02-12T12:31:11","guid":{"rendered":"https:\/\/stoic-curie.212-227-153-4.plesk.page\/product\/musto-evo-deck-shorts-groesse-56-40-schwarz\/"},"modified":"2026-02-24T23:35:53","modified_gmt":"2026-02-24T23:35:53","slug":"musto-evo-deck-shorts-groesse-56-40-schwarz","status":"publish","type":"product","link":"https:\/\/stoic-curie.212-227-153-4.plesk.page\/de\/product\/musto-evo-deck-shorts-groesse-56-40-schwarz\/","title":{"rendered":"Musto Evo Deck Shorts Gr\u00f6\u00dfe 56 (40) &#8211; Schwarz"},"content":{"rendered":"<p>Musto Evo Deck Shorts Gr\u00f6\u00dfe 56 (40) &#8211; Schwarz &#8211; <\/p>\n<p>Die Musto Evo Deck Shorts sind aus leichtem, schnell trocknendem und strapazierf\u00e4higem 2-Wege-Stretchstoff gefertigt, der au\u00dfergew\u00f6hnliche Bewegungsfreiheit und Komfort bietet. Zu den Funktionen geh\u00f6ren ein Rei\u00dfverschluss mit Knopfverschluss, G\u00fcrtelschlaufen, ein reflektierendes Logo, Handtaschen, eine Ges\u00e4\u00dftasche und eine Rei\u00dfverschlusstasche vorne. Diese Shorts bieten auch UV-Schutz UPF50. <a>Klicken Sie hier, um die genaue Gr\u00f6\u00dfe zu \u00fcberpr\u00fcfen.<\/a><\/p>\n","protected":false},"excerpt":{"rendered":"<p>Musto Evo Deck Shorts Gr\u00f6\u00dfe 56 (40) &#8211; Schwarz &#8211; Die Musto Evo Deck Shorts sind aus leichtem, schnell trocknendem<\/p>\n","protected":false},"featured_media":5753719,"comment_status":"open","ping_status":"closed","template":"","meta":[],"product_brand":[3155],"product_cat":[1567],"product_tag":[],"class_list":{"0":"post-5755703","1":"product","2":"type-product","3":"status-publish","4":"has-post-thumbnail","6":"product_brand-musto-de","7":"product_cat-segelbekleidung-musto","9":"first","10":"instock","11":"shipping-taxable","12":"purchasable","13":"product-type-simple"},"_links":{"self":[{"href":"https:\/\/stoic-curie.212-227-153-4.plesk.page\/de\/wp-json\/wp\/v2\/product\/5755703","targetHints":{"allow":["GET"]}}],"collection":[{"href":"https:\/\/stoic-curie.212-227-153-4.plesk.page\/de\/wp-json\/wp\/v2\/product"}],"about":[{"href":"https:\/\/stoic-curie.212-227-153-4.plesk.page\/de\/wp-json\/wp\/v2\/types\/product"}],"replies":[{"embeddable":true,"href":"https:\/\/stoic-curie.212-227-153-4.plesk.page\/de\/wp-json\/wp\/v2\/comments?post=5755703"}],"version-history":[{"count":0,"href":"https:\/\/stoic-curie.212-227-153-4.plesk.page\/de\/wp-json\/wp\/v2\/product\/5755703\/revisions"}],"wp:featuredmedia":[{"embeddable":true,"href":"https:\/\/stoic-curie.212-227-153-4.plesk.page\/de\/wp-json\/wp\/v2\/media\/5753719"}],"wp:attachment":[{"href":"https:\/\/stoic-curie.212-227-153-4.plesk.page\/de\/wp-json\/wp\/v2\/media?parent=5755703"}],"wp:term":[{"taxonomy":"product_brand","embeddable":true,"href":"https:\/\/stoic-curie.212-227-153-4.plesk.page\/de\/wp-json\/wp\/v2\/product_brand?post=5755703"},{"taxonomy":"product_cat","embeddable":true,"href":"https:\/\/stoic-curie.212-227-153-4.plesk.page\/de\/wp-json\/wp\/v2\/product_cat?post=5755703"},{"taxonomy":"product_tag","embeddable":true,"href":"https:\/\/stoic-curie.212-227-153-4.plesk.page\/de\/wp-json\/wp\/v2\/product_tag?post=5755703"}],"curies":[{"name":"wp","href":"https:\/\/api.w.org\/{rel}","templated":true}]}}