{"id":5755708,"date":"2026-02-12T13:31:15","date_gmt":"2026-02-12T12:31:15","guid":{"rendered":"https:\/\/stoic-curie.212-227-153-4.plesk.page\/product\/musto-evo-deck-shorts-fuer-damen-groesse-m-beige\/"},"modified":"2026-02-24T23:35:53","modified_gmt":"2026-02-24T23:35:53","slug":"musto-evo-deck-shorts-fuer-damen-groesse-m-beige","status":"publish","type":"product","link":"https:\/\/stoic-curie.212-227-153-4.plesk.page\/de\/product\/musto-evo-deck-shorts-fuer-damen-groesse-m-beige\/","title":{"rendered":"Musto Evo Deck Shorts f\u00fcr Damen &#8211; Gr\u00f6\u00dfe M &#8211; Beige"},"content":{"rendered":"<p>Musto Evo Deck Shorts f\u00fcr Damen &#8211; Gr\u00f6\u00dfe M &#8211; Beige &#8211; <\/p>\n<p>Die Musto Evo Deck Shorts bestehen aus strapazierf\u00e4higem, leichtem, schnelltrocknendem 2-Wege-Stretchmaterial und bieten unvergleichliche Bewegungsfreiheit und Komfort. Sie sind mit einem Rei\u00dfverschluss und Knopfverschluss, G\u00fcrtelschlaufen, reflektierendem Logo, Taschen f\u00fcr die H\u00e4nde, einer Ges\u00e4\u00dftasche und einer Rei\u00dfverschlusstasche vorne ausgestattet. Diese Shorts bieten zudem UV-Schutz mit UPF50.<\/p>\n<p>Hier klicken, um die genaue Gr\u00f6\u00dfe zu \u00fcberpr\u00fcfen:<\/p>\n","protected":false},"excerpt":{"rendered":"<p>Musto Evo Deck Shorts f\u00fcr Damen &#8211; Gr\u00f6\u00dfe M &#8211; Beige &#8211; Die Musto Evo Deck Shorts bestehen aus strapazierf\u00e4higem,<\/p>\n","protected":false},"featured_media":5753839,"comment_status":"open","ping_status":"closed","template":"","meta":[],"product_brand":[3155],"product_cat":[1567],"product_tag":[],"class_list":{"0":"post-5755708","1":"product","2":"type-product","3":"status-publish","4":"has-post-thumbnail","6":"product_brand-musto-de","7":"product_cat-segelbekleidung-musto","9":"first","10":"instock","11":"shipping-taxable","12":"purchasable","13":"product-type-simple"},"_links":{"self":[{"href":"https:\/\/stoic-curie.212-227-153-4.plesk.page\/de\/wp-json\/wp\/v2\/product\/5755708","targetHints":{"allow":["GET"]}}],"collection":[{"href":"https:\/\/stoic-curie.212-227-153-4.plesk.page\/de\/wp-json\/wp\/v2\/product"}],"about":[{"href":"https:\/\/stoic-curie.212-227-153-4.plesk.page\/de\/wp-json\/wp\/v2\/types\/product"}],"replies":[{"embeddable":true,"href":"https:\/\/stoic-curie.212-227-153-4.plesk.page\/de\/wp-json\/wp\/v2\/comments?post=5755708"}],"version-history":[{"count":0,"href":"https:\/\/stoic-curie.212-227-153-4.plesk.page\/de\/wp-json\/wp\/v2\/product\/5755708\/revisions"}],"wp:featuredmedia":[{"embeddable":true,"href":"https:\/\/stoic-curie.212-227-153-4.plesk.page\/de\/wp-json\/wp\/v2\/media\/5753839"}],"wp:attachment":[{"href":"https:\/\/stoic-curie.212-227-153-4.plesk.page\/de\/wp-json\/wp\/v2\/media?parent=5755708"}],"wp:term":[{"taxonomy":"product_brand","embeddable":true,"href":"https:\/\/stoic-curie.212-227-153-4.plesk.page\/de\/wp-json\/wp\/v2\/product_brand?post=5755708"},{"taxonomy":"product_cat","embeddable":true,"href":"https:\/\/stoic-curie.212-227-153-4.plesk.page\/de\/wp-json\/wp\/v2\/product_cat?post=5755708"},{"taxonomy":"product_tag","embeddable":true,"href":"https:\/\/stoic-curie.212-227-153-4.plesk.page\/de\/wp-json\/wp\/v2\/product_tag?post=5755708"}],"curies":[{"name":"wp","href":"https:\/\/api.w.org\/{rel}","templated":true}]}}