{"id":5755710,"date":"2026-02-12T13:31:16","date_gmt":"2026-02-12T12:31:16","guid":{"rendered":"https:\/\/stoic-curie.212-227-153-4.plesk.page\/product\/musto-evo-deck-shorts-fuer-frauen-groesse-xl-farbe-beige\/"},"modified":"2026-02-24T23:35:53","modified_gmt":"2026-02-24T23:35:53","slug":"musto-evo-deck-shorts-fuer-frauen-groesse-xl-farbe-beige","status":"publish","type":"product","link":"https:\/\/stoic-curie.212-227-153-4.plesk.page\/de\/product\/musto-evo-deck-shorts-fuer-frauen-groesse-xl-farbe-beige\/","title":{"rendered":"Musto Evo Deck Shorts f\u00fcr Frauen &#8211; Gr\u00f6\u00dfe XL, Farbe Beige"},"content":{"rendered":"<p>Musto Evo Deck Shorts f\u00fcr Frauen &#8211; Gr\u00f6\u00dfe XL, Farbe Beige &#8211; <\/p>\n<p>Die Musto Evo Deck Shorts bestehen aus einem strapazierf\u00e4higen, leichten und schnell trocknenden 2-Wege-Stretchstoff, der volle Bewegungsfreiheit und Komfort bietet. Zu den Merkmalen geh\u00f6ren ein Rei\u00dfverschluss mit Knopf, G\u00fcrtelschlaufen, ein reflektierendes Logo, Handtaschen, eine Ges\u00e4\u00dftasche und eine Rei\u00dfverschlusstasche vorne. Sie bieten UV-Schutz nach UPF50.<\/p>\n","protected":false},"excerpt":{"rendered":"<p>Musto Evo Deck Shorts f\u00fcr Frauen &#8211; Gr\u00f6\u00dfe XL, Farbe Beige &#8211; Die Musto Evo Deck Shorts bestehen aus einem<\/p>\n","protected":false},"featured_media":5753839,"comment_status":"open","ping_status":"closed","template":"","meta":[],"product_brand":[3155],"product_cat":[1567],"product_tag":[],"class_list":{"0":"post-5755710","1":"product","2":"type-product","3":"status-publish","4":"has-post-thumbnail","6":"product_brand-musto-de","7":"product_cat-segelbekleidung-musto","9":"first","10":"instock","11":"shipping-taxable","12":"purchasable","13":"product-type-simple"},"_links":{"self":[{"href":"https:\/\/stoic-curie.212-227-153-4.plesk.page\/de\/wp-json\/wp\/v2\/product\/5755710","targetHints":{"allow":["GET"]}}],"collection":[{"href":"https:\/\/stoic-curie.212-227-153-4.plesk.page\/de\/wp-json\/wp\/v2\/product"}],"about":[{"href":"https:\/\/stoic-curie.212-227-153-4.plesk.page\/de\/wp-json\/wp\/v2\/types\/product"}],"replies":[{"embeddable":true,"href":"https:\/\/stoic-curie.212-227-153-4.plesk.page\/de\/wp-json\/wp\/v2\/comments?post=5755710"}],"version-history":[{"count":0,"href":"https:\/\/stoic-curie.212-227-153-4.plesk.page\/de\/wp-json\/wp\/v2\/product\/5755710\/revisions"}],"wp:featuredmedia":[{"embeddable":true,"href":"https:\/\/stoic-curie.212-227-153-4.plesk.page\/de\/wp-json\/wp\/v2\/media\/5753839"}],"wp:attachment":[{"href":"https:\/\/stoic-curie.212-227-153-4.plesk.page\/de\/wp-json\/wp\/v2\/media?parent=5755710"}],"wp:term":[{"taxonomy":"product_brand","embeddable":true,"href":"https:\/\/stoic-curie.212-227-153-4.plesk.page\/de\/wp-json\/wp\/v2\/product_brand?post=5755710"},{"taxonomy":"product_cat","embeddable":true,"href":"https:\/\/stoic-curie.212-227-153-4.plesk.page\/de\/wp-json\/wp\/v2\/product_cat?post=5755710"},{"taxonomy":"product_tag","embeddable":true,"href":"https:\/\/stoic-curie.212-227-153-4.plesk.page\/de\/wp-json\/wp\/v2\/product_tag?post=5755710"}],"curies":[{"name":"wp","href":"https:\/\/api.w.org\/{rel}","templated":true}]}}