{"id":5755724,"date":"2026-02-12T13:31:26","date_gmt":"2026-02-12T12:31:26","guid":{"rendered":"https:\/\/stoic-curie.212-227-153-4.plesk.page\/product\/musto-evolution-sunblock-2-0-langarm-t-shirt-groesse-xl-farbe-platinum\/"},"modified":"2026-02-24T23:35:53","modified_gmt":"2026-02-24T23:35:53","slug":"musto-evolution-sunblock-2-0-langarm-t-shirt-groesse-xl-farbe-platinum","status":"publish","type":"product","link":"https:\/\/stoic-curie.212-227-153-4.plesk.page\/de\/product\/musto-evolution-sunblock-2-0-langarm-t-shirt-groesse-xl-farbe-platinum\/","title":{"rendered":"Musto Evolution Sunblock 2.0 Langarm-T-Shirt &#8211; Gr\u00f6\u00dfe XL &#8211; Farbe Platinum"},"content":{"rendered":"<p>Musto Evolution Sunblock 2.0 Langarm-T-Shirt &#8211; Gr\u00f6\u00dfe XL &#8211; Farbe Platinum &#8211; <\/p>\n<p>Das Musto Evolution Sunblock Langarm-T-Shirt besteht aus UPF40-Polyester und Elasthan und bietet maximalen Schutz bei starker Sonneneinstrahlung. Die Flachn\u00e4hte sind kaum auf der Haut sp\u00fcrbar und sorgen f\u00fcr au\u00dfergew\u00f6hnlichen Komfort. <a>Klicken Sie hier, um die genaue Gr\u00f6\u00dfe zu \u00fcberpr\u00fcfen.<\/a><\/p>\n","protected":false},"excerpt":{"rendered":"<p>Musto Evolution Sunblock 2.0 Langarm-T-Shirt &#8211; Gr\u00f6\u00dfe XL &#8211; Farbe Platinum &#8211; Das Musto Evolution Sunblock Langarm-T-Shirt besteht aus UPF40-Polyester<\/p>\n","protected":false},"featured_media":5753921,"comment_status":"open","ping_status":"closed","template":"","meta":[],"product_brand":[3155],"product_cat":[1567],"product_tag":[],"class_list":{"0":"post-5755724","1":"product","2":"type-product","3":"status-publish","4":"has-post-thumbnail","6":"product_brand-musto-de","7":"product_cat-segelbekleidung-musto","9":"first","10":"instock","11":"shipping-taxable","12":"purchasable","13":"product-type-simple"},"_links":{"self":[{"href":"https:\/\/stoic-curie.212-227-153-4.plesk.page\/de\/wp-json\/wp\/v2\/product\/5755724","targetHints":{"allow":["GET"]}}],"collection":[{"href":"https:\/\/stoic-curie.212-227-153-4.plesk.page\/de\/wp-json\/wp\/v2\/product"}],"about":[{"href":"https:\/\/stoic-curie.212-227-153-4.plesk.page\/de\/wp-json\/wp\/v2\/types\/product"}],"replies":[{"embeddable":true,"href":"https:\/\/stoic-curie.212-227-153-4.plesk.page\/de\/wp-json\/wp\/v2\/comments?post=5755724"}],"version-history":[{"count":0,"href":"https:\/\/stoic-curie.212-227-153-4.plesk.page\/de\/wp-json\/wp\/v2\/product\/5755724\/revisions"}],"wp:featuredmedia":[{"embeddable":true,"href":"https:\/\/stoic-curie.212-227-153-4.plesk.page\/de\/wp-json\/wp\/v2\/media\/5753921"}],"wp:attachment":[{"href":"https:\/\/stoic-curie.212-227-153-4.plesk.page\/de\/wp-json\/wp\/v2\/media?parent=5755724"}],"wp:term":[{"taxonomy":"product_brand","embeddable":true,"href":"https:\/\/stoic-curie.212-227-153-4.plesk.page\/de\/wp-json\/wp\/v2\/product_brand?post=5755724"},{"taxonomy":"product_cat","embeddable":true,"href":"https:\/\/stoic-curie.212-227-153-4.plesk.page\/de\/wp-json\/wp\/v2\/product_cat?post=5755724"},{"taxonomy":"product_tag","embeddable":true,"href":"https:\/\/stoic-curie.212-227-153-4.plesk.page\/de\/wp-json\/wp\/v2\/product_tag?post=5755724"}],"curies":[{"name":"wp","href":"https:\/\/api.w.org\/{rel}","templated":true}]}}