{"id":5755727,"date":"2026-02-12T13:31:29","date_gmt":"2026-02-12T12:31:29","guid":{"rendered":"https:\/\/stoic-curie.212-227-153-4.plesk.page\/product\/musto-trockene-tasche-2-0-20l-kapazitaet\/"},"modified":"2026-02-24T23:35:53","modified_gmt":"2026-02-24T23:35:53","slug":"musto-trockene-tasche-2-0-20l-kapazitaet","status":"publish","type":"product","link":"https:\/\/stoic-curie.212-227-153-4.plesk.page\/de\/product\/musto-trockene-tasche-2-0-20l-kapazitaet\/","title":{"rendered":"Musto Trockene Tasche 2.0 &#8211; 20L Kapazit\u00e4t"},"content":{"rendered":"<p>Musto Trockene Tasche 2.0 &#8211; 20L Kapazit\u00e4t &#8211; <\/p>\n<p>Die wasserdichte Musto Trockene Tasche verf\u00fcgt \u00fcber einen praktischen Schnallenverschluss, der auch als Griff dient, ein durchsichtigen Fenster vorne zur einfachen Identifizierung Ihrer Habseligkeiten und einen abnehmbaren Schultergurt f\u00fcr einen m\u00fchelosen Transport.<\/p>\n","protected":false},"excerpt":{"rendered":"<p>Musto Trockene Tasche 2.0 &#8211; 20L Kapazit\u00e4t &#8211; Die wasserdichte Musto Trockene Tasche verf\u00fcgt \u00fcber einen praktischen Schnallenverschluss, der auch<\/p>\n","protected":false},"featured_media":5753978,"comment_status":"open","ping_status":"closed","template":"","meta":[],"product_brand":[3155],"product_cat":[1568],"product_tag":[],"class_list":{"0":"post-5755727","1":"product","2":"type-product","3":"status-publish","4":"has-post-thumbnail","6":"product_brand-musto-de","7":"product_cat-trockensaecke","9":"first","10":"instock","11":"shipping-taxable","12":"purchasable","13":"product-type-simple"},"_links":{"self":[{"href":"https:\/\/stoic-curie.212-227-153-4.plesk.page\/de\/wp-json\/wp\/v2\/product\/5755727","targetHints":{"allow":["GET"]}}],"collection":[{"href":"https:\/\/stoic-curie.212-227-153-4.plesk.page\/de\/wp-json\/wp\/v2\/product"}],"about":[{"href":"https:\/\/stoic-curie.212-227-153-4.plesk.page\/de\/wp-json\/wp\/v2\/types\/product"}],"replies":[{"embeddable":true,"href":"https:\/\/stoic-curie.212-227-153-4.plesk.page\/de\/wp-json\/wp\/v2\/comments?post=5755727"}],"version-history":[{"count":0,"href":"https:\/\/stoic-curie.212-227-153-4.plesk.page\/de\/wp-json\/wp\/v2\/product\/5755727\/revisions"}],"wp:featuredmedia":[{"embeddable":true,"href":"https:\/\/stoic-curie.212-227-153-4.plesk.page\/de\/wp-json\/wp\/v2\/media\/5753978"}],"wp:attachment":[{"href":"https:\/\/stoic-curie.212-227-153-4.plesk.page\/de\/wp-json\/wp\/v2\/media?parent=5755727"}],"wp:term":[{"taxonomy":"product_brand","embeddable":true,"href":"https:\/\/stoic-curie.212-227-153-4.plesk.page\/de\/wp-json\/wp\/v2\/product_brand?post=5755727"},{"taxonomy":"product_cat","embeddable":true,"href":"https:\/\/stoic-curie.212-227-153-4.plesk.page\/de\/wp-json\/wp\/v2\/product_cat?post=5755727"},{"taxonomy":"product_tag","embeddable":true,"href":"https:\/\/stoic-curie.212-227-153-4.plesk.page\/de\/wp-json\/wp\/v2\/product_tag?post=5755727"}],"curies":[{"name":"wp","href":"https:\/\/api.w.org\/{rel}","templated":true}]}}