{"id":5755731,"date":"2026-02-12T13:31:31","date_gmt":"2026-02-12T12:31:31","guid":{"rendered":"https:\/\/stoic-curie.212-227-153-4.plesk.page\/product\/musto-essential-segelhandschuhe-2-0-finger-3-4-groesse-l\/"},"modified":"2026-02-24T23:35:53","modified_gmt":"2026-02-24T23:35:53","slug":"musto-essential-segelhandschuhe-2-0-finger-3-4-groesse-l","status":"publish","type":"product","link":"https:\/\/stoic-curie.212-227-153-4.plesk.page\/de\/product\/musto-essential-segelhandschuhe-2-0-finger-3-4-groesse-l\/","title":{"rendered":"Musto Essential Segelhandschuhe 2.0 Finger 3\/4 Gr\u00f6\u00dfe L"},"content":{"rendered":"<p>Musto Essential Segelhandschuhe 2.0 Finger 3\/4 Gr\u00f6\u00dfe L &#8211; <\/p>\n<p>Die Musto Essential Segelhandschuhe bestehen aus einem 4-Wege-Stretch-Dynamic-Mesh, das Atmungsaktivit\u00e4t, anatomischen Komfort und vollst\u00e4ndige Bewegungsfreiheit gew\u00e4hrleistet. Strategische Schutzpaneele erh\u00f6hen die Haltbarkeit, w\u00e4hrend die \u00fcbergro\u00dfen Velcro-Handgelenksverschl\u00fcsse eine effektive W\u00e4rmehaltung und eine ma\u00dfgeschneiderte Passform garantieren. Klicken Sie hier, um die genaue Gr\u00f6\u00dfe zu \u00fcberpr\u00fcfen:<\/p>\n","protected":false},"excerpt":{"rendered":"<p>Musto Essential Segelhandschuhe 2.0 Finger 3\/4 Gr\u00f6\u00dfe L &#8211; Die Musto Essential Segelhandschuhe bestehen aus einem 4-Wege-Stretch-Dynamic-Mesh, das Atmungsaktivit\u00e4t, anatomischen<\/p>\n","protected":false},"featured_media":5753990,"comment_status":"open","ping_status":"closed","template":"","meta":[],"product_brand":[3155],"product_cat":[1571],"product_tag":[],"class_list":{"0":"post-5755731","1":"product","2":"type-product","3":"status-publish","4":"has-post-thumbnail","6":"product_brand-musto-de","7":"product_cat-segelhandschuhe","9":"first","10":"instock","11":"shipping-taxable","12":"purchasable","13":"product-type-simple"},"_links":{"self":[{"href":"https:\/\/stoic-curie.212-227-153-4.plesk.page\/de\/wp-json\/wp\/v2\/product\/5755731","targetHints":{"allow":["GET"]}}],"collection":[{"href":"https:\/\/stoic-curie.212-227-153-4.plesk.page\/de\/wp-json\/wp\/v2\/product"}],"about":[{"href":"https:\/\/stoic-curie.212-227-153-4.plesk.page\/de\/wp-json\/wp\/v2\/types\/product"}],"replies":[{"embeddable":true,"href":"https:\/\/stoic-curie.212-227-153-4.plesk.page\/de\/wp-json\/wp\/v2\/comments?post=5755731"}],"version-history":[{"count":0,"href":"https:\/\/stoic-curie.212-227-153-4.plesk.page\/de\/wp-json\/wp\/v2\/product\/5755731\/revisions"}],"wp:featuredmedia":[{"embeddable":true,"href":"https:\/\/stoic-curie.212-227-153-4.plesk.page\/de\/wp-json\/wp\/v2\/media\/5753990"}],"wp:attachment":[{"href":"https:\/\/stoic-curie.212-227-153-4.plesk.page\/de\/wp-json\/wp\/v2\/media?parent=5755731"}],"wp:term":[{"taxonomy":"product_brand","embeddable":true,"href":"https:\/\/stoic-curie.212-227-153-4.plesk.page\/de\/wp-json\/wp\/v2\/product_brand?post=5755731"},{"taxonomy":"product_cat","embeddable":true,"href":"https:\/\/stoic-curie.212-227-153-4.plesk.page\/de\/wp-json\/wp\/v2\/product_cat?post=5755731"},{"taxonomy":"product_tag","embeddable":true,"href":"https:\/\/stoic-curie.212-227-153-4.plesk.page\/de\/wp-json\/wp\/v2\/product_tag?post=5755731"}],"curies":[{"name":"wp","href":"https:\/\/api.w.org\/{rel}","templated":true}]}}